{"id":9200,"date":"2023-08-11T13:08:56","date_gmt":"2023-08-11T13:08:56","guid":{"rendered":"https:\/\/www.carbonsamples.co\/delgado\/visados-humanitarios\/"},"modified":"2023-09-04T00:13:09","modified_gmt":"2023-09-04T00:13:09","slug":"visados-humanitarios","status":"publish","type":"page","link":"https:\/\/www.carbonsamples.co\/delgado\/es\/visados-humanitarios\/","title":{"rendered":"Visados humanitarios"},"content":{"rendered":"<h1>Abogado especializado en visados humanitarios ayuda a quienes buscan refugio en Estados Unidos<\/h1>\n<p>Para muchas personas que buscan un estatus migratorio legal en Estados Unidos, la decisi\u00f3n est\u00e1 motivada por la terrible perspectiva de sufrir da\u00f1os o incluso la muerte en sus pa\u00edses de origen. EE.UU. ofrece varios visados a quienes desean entrar o residir por razones humanitarias. Sin embargo, navegar por las normas y procedimientos de inmigraci\u00f3n puede ser todo un reto en circunstancias normales, y mucho m\u00e1s durante una crisis.<\/p>\n<p>Los expertos legales de Delgado Avalos Law Firm est\u00e1n aqu\u00ed para guiarle a trav\u00e9s de la comprensi\u00f3n de los visados humanitarios disponibles y determinar la mejor opci\u00f3n basada en sus circunstancias \u00fanicas. P\u00f3ngase en contacto con nosotros hoy mismo para hablar con un abogado experto en inmigraci\u00f3n y comenzar su viaje.<\/p>\n<h2>\u00bfQu\u00e9 es la libertad condicional humanitaria?<\/h2>\n<p>La libertad condicional humanitaria sirve a las personas con necesidades humanitarias urgentes, permitiendo la entrada acelerada en EE.UU. Esta opci\u00f3n temporal est\u00e1 disponible para aquellos que de otro modo podr\u00edan ser inadmisibles. El derecho a la libertad condicional humanitaria depende de una &#8220;emergencia imperiosa&#8221;. Sin embargo, si su situaci\u00f3n no cumple este requisito, pueden ser m\u00e1s adecuadas otras opciones de visado. Es aconsejable consultar con un abogado de inmigraci\u00f3n para evaluar sus opciones antes de seguir adelante, ya que deben cumplirse criterios espec\u00edficos.<\/p>\n<p>Nota: Los visados humanitarios y la libertad condicional humanitaria son diferentes, pero pueden emplearse simult\u00e1neamente. Por ejemplo, mientras solicita la libertad condicional humanitaria para permanecer en EE.UU., puede explorar simult\u00e1neamente un estatus legal a trav\u00e9s de un visado humanitario.<\/p>\n<h2>\u00bfCu\u00e1les son las opciones de visado humanitario?<\/h2>\n<p>Estados Unidos ofrece varias opciones a quienes buscan alivio de la persecuci\u00f3n o los abusos. A continuaci\u00f3n encontrar\u00e1 una lista de las opciones m\u00e1s comunes de visado humanitario y una breve explicaci\u00f3n de a qui\u00e9n van dirigidas, para que pueda determinar cu\u00e1l podr\u00eda ajustarse a su situaci\u00f3n:<\/p>\n<ul>\n<li>Estatuto <strong>de<\/strong> refugiado: Las personas que actualmente siguen en el extranjero y sufren persecuci\u00f3n pueden solicitar el estatuto de refugiado y venir a Estados Unidos.<\/li>\n<li><strong>Asilado<\/strong>: Esta opci\u00f3n de visado es para quienes han sufrido persecuci\u00f3n pero ya est\u00e1n dentro de Estados Unidos cuando solicitan el estatus legal.<\/li>\n<li><strong>Visado<\/strong> T: El visado T concede a las v\u00edctimas de trata de seres humanos el estatus de no inmigrante. Este visado exige que usted sea v\u00edctima de tr\u00e1fico sexual o laboral y que est\u00e9 dispuesto a cooperar con las autoridades facilitando informaci\u00f3n sobre el delito y sus autores.<\/li>\n<li><strong>Visados U<\/strong>: Estos visados son para v\u00edctimas de delitos que violan las leyes estadounidenses, ya se hayan cometido en Estados Unidos o en otro pa\u00eds. Las personas que soliciten un visado U deben demostrar que son v\u00edctimas de un delito tipificado y que est\u00e1n dispuestas a cooperar con las fuerzas del orden.<\/li>\n<li><strong>VAWA<\/strong>: La Ley de Violencia contra la Mujer permite a las mujeres que sufren malos tratos por parte de sus c\u00f3nyuges solicitar por s\u00ed mismas la tarjeta verde sin tener que ser patrocinadas por su c\u00f3nyuge.<\/li>\n<\/ul>\n<p>Estatus especial para menores inmigrantes: Los ni\u00f1os inmigrantes que sufren abusos o negligencia o han sido abandonados por sus padres y que tienen una orden del tribunal de menores que pone fin a la custodia paterna pueden solicitar el estatus.<\/p>\n<p>Adem\u00e1s, EE.UU. ofrece programas especiales para inmigrantes afectados por cat\u00e1strofes naturales, con tramitaci\u00f3n acelerada y ampliaci\u00f3n de plazos para diversos tr\u00e1mites. Cada categor\u00eda de visado tiene unos criterios espec\u00edficos, y hablar de su situaci\u00f3n y objetivos con un abogado de inmigraci\u00f3n puede ayudarle a identificar la mejor opci\u00f3n para usted.<\/p>\n<h2>\u00bfC\u00f3mo se solicita un visado humanitario?<\/h2>\n<p>Para solicitar un visado humanitario, deber\u00e1 presentar el formulario correspondiente en la oficina del Servicio de Ciudadan\u00eda e Inmigraci\u00f3n de EE.UU. Cada visado tiene sus propios requisitos de cualificaci\u00f3n y la documentaci\u00f3n necesaria, as\u00ed que aseg\u00farese de revisar su solicitud con un abogado antes de presentarla para asegurarse de que tiene las m\u00e1ximas posibilidades de ser aceptado.<\/p>\n<p>Si solicita la libertad condicional humanitaria, tendr\u00e1 que presentar la Solicitud de Documento de Viaje (Formulario I-131) y la Declaraci\u00f3n Jurada de Apoyo (Formulario I-134). Es posible que tambi\u00e9n tenga que aportar documentaci\u00f3n justificativa y pagar las tasas de presentaci\u00f3n aplicables. En algunos casos, la libertad condicional humanitaria tambi\u00e9n puede requerir una cita o entrevista biom\u00e9trica con un funcionario de inmigraci\u00f3n antes de tomar una decisi\u00f3n.<\/p>\n<h2>\u00bfPuede recurrir una denegaci\u00f3n?<\/h2>\n<p>Aunque algunas v\u00edas de inmigraci\u00f3n permiten apelar o celebrar audiencias tras la denegaci\u00f3n, esto no es habitual en el caso de los visados humanitarios. En la mayor\u00eda de los casos, la denegaci\u00f3n es definitiva. Sin embargo, puede explorar opciones alternativas de visado si se le deniega un tipo. Por ejemplo, si se deniega una solicitud de visado T por no cumplir los requisitos, solicitar un visado U como v\u00edctima de un delito podr\u00eda ser una opci\u00f3n. Consultar a un abogado de inmigraci\u00f3n con experiencia tras recibir una notificaci\u00f3n de denegaci\u00f3n puede arrojar luz sobre posibles alternativas.<\/p>\n<p>En situaciones de denegaci\u00f3n o incertidumbre, busque ayuda profesional para revisar la notificaci\u00f3n y explorar posibles v\u00edas para avanzar.<\/p>\n<p>Si usted necesita ayuda con una visa humanitaria &#8211; ya sea que usted est\u00e1 presentando su solicitud inicial o hacer frente a una notificaci\u00f3n de denegaci\u00f3n &#8211; Delgado Avalos Law Firm est\u00e1 aqu\u00ed para usted. Llame a nuestra oficina al <a href=\"tel:805-793-0647\">805-793-0647<\/a> para ser conectado con un miembro de nuestro equipo legal que puede determinar su situaci\u00f3n y le permitir\u00e1 saber c\u00f3mo un abogado de inmigraci\u00f3n puede ayudar.<\/p>\n","protected":false},"excerpt":{"rendered":"<p>Abogado especializado en visados humanitarios ayuda a quienes buscan refugio en Estados Unidos Para muchas personas que buscan un estatus migratorio legal en Estados Unidos, la decisi\u00f3n est\u00e1 motivada por la terrible perspectiva de sufrir da\u00f1os o incluso la muerte en sus pa\u00edses de origen. EE.UU. ofrece varios visados a quienes desean entrar o residir &hellip;<\/p>\n<p class=\"read-more\"> <a class=\"\" href=\"https:\/\/www.carbonsamples.co\/delgado\/es\/visados-humanitarios\/\"> <span class=\"screen-reader-text\">Visados humanitarios<\/span> Leer m\u00e1s &raquo;<\/a><\/p>\n","protected":false},"author":21,"featured_media":8545,"parent":0,"menu_order":0,"comment_status":"closed","ping_status":"closed","template":"","meta":{"_uag_custom_page_level_css":"","site-sidebar-layout":"default","site-content-layout":"default","ast-site-content-layout":"","site-content-style":"default","site-sidebar-style":"default","ast-global-header-display":"","ast-banner-title-visibility":"","ast-main-header-display":"","ast-hfb-above-header-display":"","ast-hfb-below-header-display":"","ast-hfb-mobile-header-display":"","site-post-title":"","ast-breadcrumbs-content":"","ast-featured-img":"","footer-sml-layout":"","theme-transparent-header-meta":"default","adv-header-id-meta":"","stick-header-meta":"","header-above-stick-meta":"","header-main-stick-meta":"","header-below-stick-meta":"","astra-migrate-meta-layouts":"","footnotes":""},"yoast_head":"<!-- This site is optimized with the Yoast SEO plugin v21.5 - https:\/\/yoast.com\/wordpress\/plugins\/seo\/ -->\n<title>Abogado de visados humanitarios en Ventura<\/title>\n<meta name=\"description\" content=\"\u00bfCu\u00e1les son las opciones de visado humanitario? Hable con un abogado experto en inmigraci\u00f3n para obtener m\u00e1s informaci\u00f3n.\" \/>\n<meta name=\"robots\" content=\"noindex, follow, max-snippet:-1, max-image-preview:large, max-video-preview:-1\" \/>\n<meta property=\"og:locale\" content=\"es_ES\" \/>\n<meta property=\"og:type\" content=\"article\" \/>\n<meta property=\"og:title\" content=\"Abogado de visados humanitarios en Ventura\" \/>\n<meta property=\"og:description\" content=\"\u00bfCu\u00e1les son las opciones de visado humanitario? Hable con un abogado experto en inmigraci\u00f3n para obtener m\u00e1s informaci\u00f3n.\" \/>\n<meta property=\"og:url\" content=\"https:\/\/www.carbonsamples.co\/delgado\/es\/visados-humanitarios\/\" \/>\n<meta property=\"og:site_name\" content=\"Delgado Avalos Law Firm, APC\" \/>\n<meta property=\"article:modified_time\" content=\"2023-09-04T00:13:09+00:00\" \/>\n<meta property=\"og:image\" content=\"https:\/\/www.carbonsamples.co\/delgado\/wp-content\/uploads\/2023\/08\/blog_se.png\" \/>\n\t<meta property=\"og:image:width\" content=\"607\" \/>\n\t<meta property=\"og:image:height\" content=\"371\" \/>\n\t<meta property=\"og:image:type\" content=\"image\/png\" \/>\n<meta name=\"twitter:card\" content=\"summary_large_image\" \/>\n<meta name=\"twitter:label1\" content=\"Tiempo de lectura\" \/>\n\t<meta name=\"twitter:data1\" content=\"4 minutes\" \/>\n<script type=\"application\/ld+json\" class=\"yoast-schema-graph\">{\"@context\":\"https:\/\/schema.org\",\"@graph\":[{\"@type\":\"WebPage\",\"@id\":\"https:\/\/www.carbonsamples.co\/delgado\/es\/visados-humanitarios\/\",\"url\":\"https:\/\/www.carbonsamples.co\/delgado\/es\/visados-humanitarios\/\",\"name\":\"Abogado de visados humanitarios en Ventura\",\"isPartOf\":{\"@id\":\"https:\/\/www.carbonsamples.co\/delgado\/es\/#website\"},\"datePublished\":\"2023-08-11T13:08:56+00:00\",\"dateModified\":\"2023-09-04T00:13:09+00:00\",\"description\":\"\u00bfCu\u00e1les son las opciones de visado humanitario? Hable con un abogado experto en inmigraci\u00f3n para obtener m\u00e1s informaci\u00f3n.\",\"breadcrumb\":{\"@id\":\"https:\/\/www.carbonsamples.co\/delgado\/es\/visados-humanitarios\/#breadcrumb\"},\"inLanguage\":\"es-ES\",\"potentialAction\":[{\"@type\":\"ReadAction\",\"target\":[\"https:\/\/www.carbonsamples.co\/delgado\/es\/visados-humanitarios\/\"]}]},{\"@type\":\"BreadcrumbList\",\"@id\":\"https:\/\/www.carbonsamples.co\/delgado\/es\/visados-humanitarios\/#breadcrumb\",\"itemListElement\":[{\"@type\":\"ListItem\",\"position\":1,\"name\":\"Home\",\"item\":\"https:\/\/www.carbonsamples.co\/delgado\/es\/inicio\/\"},{\"@type\":\"ListItem\",\"position\":2,\"name\":\"Visados humanitarios\"}]},{\"@type\":\"WebSite\",\"@id\":\"https:\/\/www.carbonsamples.co\/delgado\/es\/#website\",\"url\":\"https:\/\/www.carbonsamples.co\/delgado\/es\/\",\"name\":\"Delgado Avalos Law Firm, APC\",\"description\":\"\",\"publisher\":{\"@id\":\"https:\/\/www.carbonsamples.co\/delgado\/es\/#organization\"},\"potentialAction\":[{\"@type\":\"SearchAction\",\"target\":{\"@type\":\"EntryPoint\",\"urlTemplate\":\"https:\/\/www.carbonsamples.co\/delgado\/es\/?s={search_term_string}\"},\"query-input\":\"required name=search_term_string\"}],\"inLanguage\":\"es-ES\"},{\"@type\":\"Organization\",\"@id\":\"https:\/\/www.carbonsamples.co\/delgado\/es\/#organization\",\"name\":\"Delgado Avalos Law Firm, APC\",\"url\":\"https:\/\/www.carbonsamples.co\/delgado\/es\/\",\"logo\":{\"@type\":\"ImageObject\",\"inLanguage\":\"es-ES\",\"@id\":\"https:\/\/www.carbonsamples.co\/delgado\/es\/#\/schema\/logo\/image\/\",\"url\":\"https:\/\/www.carbonsamples.co\/delgado\/wp-content\/uploads\/2023\/08\/Delgado_avalos_logo_V-1.webp\",\"contentUrl\":\"https:\/\/www.carbonsamples.co\/delgado\/wp-content\/uploads\/2023\/08\/Delgado_avalos_logo_V-1.webp\",\"width\":522,\"height\":367,\"caption\":\"Delgado Avalos Law Firm, APC\"},\"image\":{\"@id\":\"https:\/\/www.carbonsamples.co\/delgado\/es\/#\/schema\/logo\/image\/\"}}]}<\/script>\n<!-- \/ Yoast SEO plugin. -->","yoast_head_json":{"title":"Abogado de visados humanitarios en Ventura","description":"\u00bfCu\u00e1les son las opciones de visado humanitario? Hable con un abogado experto en inmigraci\u00f3n para obtener m\u00e1s informaci\u00f3n.","robots":{"index":"noindex","follow":"follow","max-snippet":"max-snippet:-1","max-image-preview":"max-image-preview:large","max-video-preview":"max-video-preview:-1"},"og_locale":"es_ES","og_type":"article","og_title":"Abogado de visados humanitarios en Ventura","og_description":"\u00bfCu\u00e1les son las opciones de visado humanitario? Hable con un abogado experto en inmigraci\u00f3n para obtener m\u00e1s informaci\u00f3n.","og_url":"https:\/\/www.carbonsamples.co\/delgado\/es\/visados-humanitarios\/","og_site_name":"Delgado Avalos Law Firm, APC","article_modified_time":"2023-09-04T00:13:09+00:00","og_image":[{"width":607,"height":371,"url":"https:\/\/www.carbonsamples.co\/delgado\/wp-content\/uploads\/2023\/08\/blog_se.png","type":"image\/png"}],"twitter_card":"summary_large_image","twitter_misc":{"Tiempo de lectura":"4 minutes"},"schema":{"@context":"https:\/\/schema.org","@graph":[{"@type":"WebPage","@id":"https:\/\/www.carbonsamples.co\/delgado\/es\/visados-humanitarios\/","url":"https:\/\/www.carbonsamples.co\/delgado\/es\/visados-humanitarios\/","name":"Abogado de visados humanitarios en Ventura","isPartOf":{"@id":"https:\/\/www.carbonsamples.co\/delgado\/es\/#website"},"datePublished":"2023-08-11T13:08:56+00:00","dateModified":"2023-09-04T00:13:09+00:00","description":"\u00bfCu\u00e1les son las opciones de visado humanitario? Hable con un abogado experto en inmigraci\u00f3n para obtener m\u00e1s informaci\u00f3n.","breadcrumb":{"@id":"https:\/\/www.carbonsamples.co\/delgado\/es\/visados-humanitarios\/#breadcrumb"},"inLanguage":"es-ES","potentialAction":[{"@type":"ReadAction","target":["https:\/\/www.carbonsamples.co\/delgado\/es\/visados-humanitarios\/"]}]},{"@type":"BreadcrumbList","@id":"https:\/\/www.carbonsamples.co\/delgado\/es\/visados-humanitarios\/#breadcrumb","itemListElement":[{"@type":"ListItem","position":1,"name":"Home","item":"https:\/\/www.carbonsamples.co\/delgado\/es\/inicio\/"},{"@type":"ListItem","position":2,"name":"Visados humanitarios"}]},{"@type":"WebSite","@id":"https:\/\/www.carbonsamples.co\/delgado\/es\/#website","url":"https:\/\/www.carbonsamples.co\/delgado\/es\/","name":"Delgado Avalos Law Firm, APC","description":"","publisher":{"@id":"https:\/\/www.carbonsamples.co\/delgado\/es\/#organization"},"potentialAction":[{"@type":"SearchAction","target":{"@type":"EntryPoint","urlTemplate":"https:\/\/www.carbonsamples.co\/delgado\/es\/?s={search_term_string}"},"query-input":"required name=search_term_string"}],"inLanguage":"es-ES"},{"@type":"Organization","@id":"https:\/\/www.carbonsamples.co\/delgado\/es\/#organization","name":"Delgado Avalos Law Firm, APC","url":"https:\/\/www.carbonsamples.co\/delgado\/es\/","logo":{"@type":"ImageObject","inLanguage":"es-ES","@id":"https:\/\/www.carbonsamples.co\/delgado\/es\/#\/schema\/logo\/image\/","url":"https:\/\/www.carbonsamples.co\/delgado\/wp-content\/uploads\/2023\/08\/Delgado_avalos_logo_V-1.webp","contentUrl":"https:\/\/www.carbonsamples.co\/delgado\/wp-content\/uploads\/2023\/08\/Delgado_avalos_logo_V-1.webp","width":522,"height":367,"caption":"Delgado Avalos Law Firm, APC"},"image":{"@id":"https:\/\/www.carbonsamples.co\/delgado\/es\/#\/schema\/logo\/image\/"}}]}},"uagb_featured_image_src":{"full":["https:\/\/www.carbonsamples.co\/delgado\/wp-content\/uploads\/2023\/08\/blog_se.png",607,371,false],"thumbnail":["https:\/\/www.carbonsamples.co\/delgado\/wp-content\/uploads\/2023\/08\/blog_se-150x150.png",150,150,true],"medium":["https:\/\/www.carbonsamples.co\/delgado\/wp-content\/uploads\/2023\/08\/blog_se-300x183.png",300,183,true],"medium_large":["https:\/\/www.carbonsamples.co\/delgado\/wp-content\/uploads\/2023\/08\/blog_se.png",607,371,false],"large":["https:\/\/www.carbonsamples.co\/delgado\/wp-content\/uploads\/2023\/08\/blog_se.png",607,371,false],"ttshowcase_normal":["https:\/\/www.carbonsamples.co\/delgado\/wp-content\/uploads\/2023\/08\/blog_se-125x76.png",125,76,true],"ttshowcase_small":["https:\/\/www.carbonsamples.co\/delgado\/wp-content\/uploads\/2023\/08\/blog_se-75x46.png",75,46,true],"1536x1536":["https:\/\/www.carbonsamples.co\/delgado\/wp-content\/uploads\/2023\/08\/blog_se.png",607,371,false],"2048x2048":["https:\/\/www.carbonsamples.co\/delgado\/wp-content\/uploads\/2023\/08\/blog_se.png",607,371,false]},"uagb_author_info":{"display_name":"Delgado Avalos Law Firm, APC","author_link":"https:\/\/www.carbonsamples.co\/delgado\/es\/author\/erakhilesh\/"},"uagb_comment_info":0,"uagb_excerpt":"Abogado especializado en visados humanitarios ayuda a quienes buscan refugio en Estados Unidos Para muchas personas que buscan un estatus migratorio legal en Estados Unidos, la decisi\u00f3n est\u00e1 motivada por la terrible perspectiva de sufrir da\u00f1os o incluso la muerte en sus pa\u00edses de origen. EE.UU. ofrece varios visados a quienes desean entrar o residir&hellip;","_links":{"self":[{"href":"https:\/\/www.carbonsamples.co\/delgado\/es\/wp-json\/wp\/v2\/pages\/9200"}],"collection":[{"href":"https:\/\/www.carbonsamples.co\/delgado\/es\/wp-json\/wp\/v2\/pages"}],"about":[{"href":"https:\/\/www.carbonsamples.co\/delgado\/es\/wp-json\/wp\/v2\/types\/page"}],"author":[{"embeddable":true,"href":"https:\/\/www.carbonsamples.co\/delgado\/es\/wp-json\/wp\/v2\/users\/21"}],"replies":[{"embeddable":true,"href":"https:\/\/www.carbonsamples.co\/delgado\/es\/wp-json\/wp\/v2\/comments?post=9200"}],"version-history":[{"count":3,"href":"https:\/\/www.carbonsamples.co\/delgado\/es\/wp-json\/wp\/v2\/pages\/9200\/revisions"}],"predecessor-version":[{"id":9543,"href":"https:\/\/www.carbonsamples.co\/delgado\/es\/wp-json\/wp\/v2\/pages\/9200\/revisions\/9543"}],"wp:featuredmedia":[{"embeddable":true,"href":"https:\/\/www.carbonsamples.co\/delgado\/es\/wp-json\/wp\/v2\/media\/8545"}],"wp:attachment":[{"href":"https:\/\/www.carbonsamples.co\/delgado\/es\/wp-json\/wp\/v2\/media?parent=9200"}],"curies":[{"name":"wp","href":"https:\/\/api.w.org\/{rel}","templated":true}]}}