{"id":9203,"date":"2023-08-11T13:35:41","date_gmt":"2023-08-11T13:35:41","guid":{"rendered":"https:\/\/www.carbonsamples.co\/delgado\/abogado-vawa\/"},"modified":"2023-08-31T19:06:16","modified_gmt":"2023-08-31T19:06:16","slug":"vawa","status":"publish","type":"page","link":"https:\/\/www.carbonsamples.co\/delgado\/es\/inmigracion-familiar\/vawa\/","title":{"rendered":"VAWA"},"content":{"rendered":"<h1>LA ABOGADA DE VAWA BRINDA AYUDA A LAS V\u00cdCTIMAS DE VIOLENCIA DOM\u00c9STICA Y A SUS HIJOS PARA SOLICITAR LA RESIDENCIA PERMANENTE LA ABOGADA<\/h1>\n<p>El maltrato dom\u00e9stico es un problema ampliamente extendido que impacta a familias en todo el mundo y Estados Unidos no es una excepci\u00f3n. Los agresores utilizan el miedo, la violencia y la manipulaci\u00f3n para ejercer control sobre sus v\u00edctimas, a menudo aprovechando su estatus de inmigrantes para fortalecer su dominio. Usted no tiene que soportar esto en silencio.  <\/p>\n<p>Hacer una solicitud independiente para obtener la Tarjeta Verde puede brindarle la libertad en una situaci\u00f3n abusiva. En Delgado Avalos Law Firm, podr\u00e1 conocer los recursos disponibles a trav\u00e9s de una auto-petici\u00f3n bajo VAWA. Le animamos a ponerse en contacto con nosotros para explorar sus opciones y c\u00f3mo nuestros experimentados abogados de inmigraci\u00f3n pueden guiarle a trav\u00e9s de este proceso.  <\/p>\n<h2>\u00bfCU\u00c1L es la Ley contra la Violencia de G\u00e9nero?<\/h2>\n<p>Promulgada por el Congreso de Estados Unidos en 1994, la Ley de Violencia contra la Mujer (VAWA) transform\u00f3 la din\u00e1mica al brindar una v\u00eda para que las mujeres y los ni\u00f1os que sufr\u00edan maltrato pudieran solicitar la tarjeta verde en Estados Unidos sin depender del patrocinio de un c\u00f3nyuge o progenitor abusador.<\/p>\n<p>Antes de la VAWA, los agresores pod\u00edan utilizar el patrocinio de inmigraci\u00f3n como medio de control, forzando a las v\u00edctimas a tolerar el abuso para mantener su estatus. La Ley de Reautorizaci\u00f3n de la VAWA de 2022 fortalece y actualiza a\u00fan m\u00e1s el apoyo brindado por la VAWA, expandiendo la asistencia a las v\u00edctimas para facilitar la recuperaci\u00f3n y la reconstrucci\u00f3n. <\/p>\n<h2>\u00bfQu\u00e9 pruebas necesito para una petici\u00f3n VAWA?<\/h2>\n<p>Para que una solicitud de VAWA tenga \u00e9xito, es necesario proporcionar una serie de documentos y pruebas que respalden sus afirmaciones de abuso y elegibilidad bajo VAWA. Es fundamental demostrar ser c\u00f3nyuge, hijo o padre del agresor y haber compartido la misma residencia. <\/p>\n<p>Aunque documentar los maltratos puede ser complicado debido a los esfuerzos de los agresores por ocultarlos, se puede presentar una declaraci\u00f3n personal por escrito en la que se describan los maltratos, incluso en ausencia de pruebas m\u00e9dicas o registros policiales. Trabajar con un abogado especializado en inmigraci\u00f3n puede asegurar que su declaraci\u00f3n cumpla con los requisitos de la solicitud de VAWA y presente adecuadamente su caso. <\/p>\n<h2>\u00bfTengo que estar divorciado o separado para solicitar la VAWA?<\/h2>\n<p>Solicitar la VAWA no implica la obligaci\u00f3n de divorciarse o separarse de su c\u00f3nyuge. La VAWA tiene como objetivo brindar ayuda a los c\u00f3nyuges que sufren maltrato en matrimonios, ya sea que se hayan separado o no. Es fundamental demostrar la relaci\u00f3n conyugal y la convivencia durante los malos tratos. Aunque la separaci\u00f3n no es un requisito, aquellos que est\u00e9n divorciados deben presentar la solicitud de la tarjeta verde bajo la VAWA dentro de los dos a\u00f1os posteriores a la finalizaci\u00f3n del divorcio. Adem\u00e1s, la VAWA puede aplicarse a v\u00edctimas cuyos c\u00f3nyuges hayan fallecido o hayan perdido su estatus legal debido a condenas penales.    <\/p>\n<h2>\u00bfPueden incluirse ni\u00f1os en una petici\u00f3n VAWA?<\/h2>\n<p>Los hijos pueden ser incluidos en su petici\u00f3n VAWA como beneficiarios derivados si son menores de 21 a\u00f1os y solteros en el momento de la presentaci\u00f3n. Esto se aplica a c\u00f3nyuges e hijos maltratados, excluidos los padres maltratados por sus hijos o hijas. Sin embargo, la inclusi\u00f3n pr\u00e1ctica puede resultar dif\u00edcil debido a la obstrucci\u00f3n de los agresores. Consulte a un abogado de inmigraci\u00f3n antes de iniciar el proceso si le preocupa a\u00f1adir a sus hijos a la petici\u00f3n.<\/p>\n<h2>\u00bfQu\u00e9 ocurre si me deniegan la petici\u00f3n VAWA?<\/h2>\n<p>Si su petici\u00f3n VAWA es denegada, consulte inmediatamente a un abogado de inmigraci\u00f3n para entender los motivos de la denegaci\u00f3n y explorar opciones alternativas. A veces, las denegaciones se deben a peque\u00f1os errores de formulario o a la omisi\u00f3n de documentos. En caso de que su seguridad corra peligro tras la denegaci\u00f3n, puede disponer de varios recursos.<\/p>\n<h2>\u00bfC\u00f3mo puedo mantenerme a salvo mientras espero la aprobaci\u00f3n de mi petici\u00f3n VAWA?<\/h2>\n<p>Salir de una relaci\u00f3n abusiva puede ser sumamente complicado. Mientras esperas que tu solicitud VAWA sea evaluada, es de vital importancia que pongas tu seguridad en primer lugar. Un abogado especializado en inmigraci\u00f3n puede conectarte con recursos locales, como la L\u00ednea Nacional de Ayuda contra la Violencia Dom\u00e9stica y la Coalici\u00f3n Nacional contra la Violencia Dom\u00e9stica, para brindarte apoyo durante este periodo cr\u00edtico.  <\/p>\n<p>Si su estatus migratorio ha sido manipulado para mantener el control, la Ley de Violencia Contra la Mujer podr\u00eda ofrecerle un camino hacia la libertad. <a href=\"https:\/\/www.carbonsamples.co\/delgado\/es\/contactenos\/\">P\u00f3ngase en contacto con<\/a> nuestro bufete de abogados al <a href=\"tel:%20805-793-0647\">805-793-0647<\/a> para consultar a un miembro de nuestro equipo legal que pueda ayudarle a evaluar su elegibilidad y guiarle en el acceso a las protecciones de VAWA. Haga una cita hoy con nuestro abogado de inmigraci\u00f3n con experiencia.<\/p>\n","protected":false},"excerpt":{"rendered":"<p>LA ABOGADA DE VAWA BRINDA AYUDA A LAS V\u00cdCTIMAS DE VIOLENCIA DOM\u00c9STICA Y A SUS HIJOS PARA SOLICITAR LA RESIDENCIA PERMANENTE LA ABOGADA El maltrato dom\u00e9stico es un problema ampliamente extendido que impacta a familias en todo el mundo y Estados Unidos no es una excepci\u00f3n. Los agresores utilizan el miedo, la violencia y la &hellip;<\/p>\n<p class=\"read-more\"> <a class=\"\" href=\"https:\/\/www.carbonsamples.co\/delgado\/es\/inmigracion-familiar\/vawa\/\"> <span class=\"screen-reader-text\">VAWA<\/span> Leer m\u00e1s &raquo;<\/a><\/p>\n","protected":false},"author":21,"featured_media":8545,"parent":9204,"menu_order":0,"comment_status":"closed","ping_status":"closed","template":"","meta":{"_uag_custom_page_level_css":"","site-sidebar-layout":"default","site-content-layout":"default","ast-site-content-layout":"default","site-content-style":"default","site-sidebar-style":"default","ast-global-header-display":"","ast-banner-title-visibility":"","ast-main-header-display":"","ast-hfb-above-header-display":"","ast-hfb-below-header-display":"","ast-hfb-mobile-header-display":"","site-post-title":"","ast-breadcrumbs-content":"","ast-featured-img":"","footer-sml-layout":"","theme-transparent-header-meta":"default","adv-header-id-meta":"","stick-header-meta":"","header-above-stick-meta":"","header-main-stick-meta":"","header-below-stick-meta":"","astra-migrate-meta-layouts":"set","footnotes":""},"yoast_head":"<!-- This site is optimized with the Yoast SEO plugin v21.5 - https:\/\/yoast.com\/wordpress\/plugins\/seo\/ -->\n<title>Abogado VAWA en Ventura<\/title>\n<meta name=\"description\" content=\"\u00bfPuede obtener la tarjeta verde a trav\u00e9s de la VAWA? Averig\u00fce c\u00f3mo es el proceso cuando hable con un abogado.\" \/>\n<meta name=\"robots\" content=\"noindex, follow, max-snippet:-1, max-image-preview:large, max-video-preview:-1\" \/>\n<meta property=\"og:locale\" content=\"es_ES\" \/>\n<meta property=\"og:type\" content=\"article\" \/>\n<meta property=\"og:title\" content=\"Abogado VAWA en Ventura\" \/>\n<meta property=\"og:description\" content=\"\u00bfPuede obtener la tarjeta verde a trav\u00e9s de la VAWA? Averig\u00fce c\u00f3mo es el proceso cuando hable con un abogado.\" \/>\n<meta property=\"og:url\" content=\"https:\/\/www.carbonsamples.co\/delgado\/es\/inmigracion-familiar\/vawa\/\" \/>\n<meta property=\"og:site_name\" content=\"Delgado Avalos Law Firm, APC\" \/>\n<meta property=\"article:modified_time\" content=\"2023-08-31T19:06:16+00:00\" \/>\n<meta name=\"twitter:card\" content=\"summary_large_image\" \/>\n<meta name=\"twitter:label1\" content=\"Tiempo de lectura\" \/>\n\t<meta name=\"twitter:data1\" content=\"4 minutes\" \/>\n<script type=\"application\/ld+json\" class=\"yoast-schema-graph\">{\"@context\":\"https:\/\/schema.org\",\"@graph\":[{\"@type\":\"WebPage\",\"@id\":\"https:\/\/www.carbonsamples.co\/delgado\/es\/inmigracion-familiar\/vawa\/\",\"url\":\"https:\/\/www.carbonsamples.co\/delgado\/es\/inmigracion-familiar\/vawa\/\",\"name\":\"Abogado VAWA en Ventura\",\"isPartOf\":{\"@id\":\"https:\/\/www.carbonsamples.co\/delgado\/es\/#website\"},\"datePublished\":\"2023-08-11T13:35:41+00:00\",\"dateModified\":\"2023-08-31T19:06:16+00:00\",\"description\":\"\u00bfPuede obtener la tarjeta verde a trav\u00e9s de la VAWA? Averig\u00fce c\u00f3mo es el proceso cuando hable con un abogado.\",\"breadcrumb\":{\"@id\":\"https:\/\/www.carbonsamples.co\/delgado\/es\/inmigracion-familiar\/vawa\/#breadcrumb\"},\"inLanguage\":\"es-ES\",\"potentialAction\":[{\"@type\":\"ReadAction\",\"target\":[\"https:\/\/www.carbonsamples.co\/delgado\/es\/inmigracion-familiar\/vawa\/\"]}]},{\"@type\":\"BreadcrumbList\",\"@id\":\"https:\/\/www.carbonsamples.co\/delgado\/es\/inmigracion-familiar\/vawa\/#breadcrumb\",\"itemListElement\":[{\"@type\":\"ListItem\",\"position\":1,\"name\":\"Home\",\"item\":\"https:\/\/www.carbonsamples.co\/delgado\/es\/inicio\/\"},{\"@type\":\"ListItem\",\"position\":2,\"name\":\"Inmigraci\u00f3n familiar\",\"item\":\"https:\/\/www.carbonsamples.co\/delgado\/es\/inmigracion-familiar\/\"},{\"@type\":\"ListItem\",\"position\":3,\"name\":\"VAWA\"}]},{\"@type\":\"WebSite\",\"@id\":\"https:\/\/www.carbonsamples.co\/delgado\/es\/#website\",\"url\":\"https:\/\/www.carbonsamples.co\/delgado\/es\/\",\"name\":\"Delgado Avalos Law Firm, APC\",\"description\":\"\",\"publisher\":{\"@id\":\"https:\/\/www.carbonsamples.co\/delgado\/es\/#organization\"},\"potentialAction\":[{\"@type\":\"SearchAction\",\"target\":{\"@type\":\"EntryPoint\",\"urlTemplate\":\"https:\/\/www.carbonsamples.co\/delgado\/es\/?s={search_term_string}\"},\"query-input\":\"required name=search_term_string\"}],\"inLanguage\":\"es-ES\"},{\"@type\":\"Organization\",\"@id\":\"https:\/\/www.carbonsamples.co\/delgado\/es\/#organization\",\"name\":\"Delgado Avalos Law Firm, APC\",\"url\":\"https:\/\/www.carbonsamples.co\/delgado\/es\/\",\"logo\":{\"@type\":\"ImageObject\",\"inLanguage\":\"es-ES\",\"@id\":\"https:\/\/www.carbonsamples.co\/delgado\/es\/#\/schema\/logo\/image\/\",\"url\":\"https:\/\/www.carbonsamples.co\/delgado\/wp-content\/uploads\/2023\/08\/Delgado_avalos_logo_V-1.webp\",\"contentUrl\":\"https:\/\/www.carbonsamples.co\/delgado\/wp-content\/uploads\/2023\/08\/Delgado_avalos_logo_V-1.webp\",\"width\":522,\"height\":367,\"caption\":\"Delgado Avalos Law Firm, APC\"},\"image\":{\"@id\":\"https:\/\/www.carbonsamples.co\/delgado\/es\/#\/schema\/logo\/image\/\"}}]}<\/script>\n<!-- \/ Yoast SEO plugin. -->","yoast_head_json":{"title":"Abogado VAWA en Ventura","description":"\u00bfPuede obtener la tarjeta verde a trav\u00e9s de la VAWA? Averig\u00fce c\u00f3mo es el proceso cuando hable con un abogado.","robots":{"index":"noindex","follow":"follow","max-snippet":"max-snippet:-1","max-image-preview":"max-image-preview:large","max-video-preview":"max-video-preview:-1"},"og_locale":"es_ES","og_type":"article","og_title":"Abogado VAWA en Ventura","og_description":"\u00bfPuede obtener la tarjeta verde a trav\u00e9s de la VAWA? Averig\u00fce c\u00f3mo es el proceso cuando hable con un abogado.","og_url":"https:\/\/www.carbonsamples.co\/delgado\/es\/inmigracion-familiar\/vawa\/","og_site_name":"Delgado Avalos Law Firm, APC","article_modified_time":"2023-08-31T19:06:16+00:00","twitter_card":"summary_large_image","twitter_misc":{"Tiempo de lectura":"4 minutes"},"schema":{"@context":"https:\/\/schema.org","@graph":[{"@type":"WebPage","@id":"https:\/\/www.carbonsamples.co\/delgado\/es\/inmigracion-familiar\/vawa\/","url":"https:\/\/www.carbonsamples.co\/delgado\/es\/inmigracion-familiar\/vawa\/","name":"Abogado VAWA en Ventura","isPartOf":{"@id":"https:\/\/www.carbonsamples.co\/delgado\/es\/#website"},"datePublished":"2023-08-11T13:35:41+00:00","dateModified":"2023-08-31T19:06:16+00:00","description":"\u00bfPuede obtener la tarjeta verde a trav\u00e9s de la VAWA? Averig\u00fce c\u00f3mo es el proceso cuando hable con un abogado.","breadcrumb":{"@id":"https:\/\/www.carbonsamples.co\/delgado\/es\/inmigracion-familiar\/vawa\/#breadcrumb"},"inLanguage":"es-ES","potentialAction":[{"@type":"ReadAction","target":["https:\/\/www.carbonsamples.co\/delgado\/es\/inmigracion-familiar\/vawa\/"]}]},{"@type":"BreadcrumbList","@id":"https:\/\/www.carbonsamples.co\/delgado\/es\/inmigracion-familiar\/vawa\/#breadcrumb","itemListElement":[{"@type":"ListItem","position":1,"name":"Home","item":"https:\/\/www.carbonsamples.co\/delgado\/es\/inicio\/"},{"@type":"ListItem","position":2,"name":"Inmigraci\u00f3n familiar","item":"https:\/\/www.carbonsamples.co\/delgado\/es\/inmigracion-familiar\/"},{"@type":"ListItem","position":3,"name":"VAWA"}]},{"@type":"WebSite","@id":"https:\/\/www.carbonsamples.co\/delgado\/es\/#website","url":"https:\/\/www.carbonsamples.co\/delgado\/es\/","name":"Delgado Avalos Law Firm, APC","description":"","publisher":{"@id":"https:\/\/www.carbonsamples.co\/delgado\/es\/#organization"},"potentialAction":[{"@type":"SearchAction","target":{"@type":"EntryPoint","urlTemplate":"https:\/\/www.carbonsamples.co\/delgado\/es\/?s={search_term_string}"},"query-input":"required name=search_term_string"}],"inLanguage":"es-ES"},{"@type":"Organization","@id":"https:\/\/www.carbonsamples.co\/delgado\/es\/#organization","name":"Delgado Avalos Law Firm, APC","url":"https:\/\/www.carbonsamples.co\/delgado\/es\/","logo":{"@type":"ImageObject","inLanguage":"es-ES","@id":"https:\/\/www.carbonsamples.co\/delgado\/es\/#\/schema\/logo\/image\/","url":"https:\/\/www.carbonsamples.co\/delgado\/wp-content\/uploads\/2023\/08\/Delgado_avalos_logo_V-1.webp","contentUrl":"https:\/\/www.carbonsamples.co\/delgado\/wp-content\/uploads\/2023\/08\/Delgado_avalos_logo_V-1.webp","width":522,"height":367,"caption":"Delgado Avalos Law Firm, APC"},"image":{"@id":"https:\/\/www.carbonsamples.co\/delgado\/es\/#\/schema\/logo\/image\/"}}]}},"uagb_featured_image_src":{"full":["https:\/\/www.carbonsamples.co\/delgado\/wp-content\/uploads\/2023\/08\/blog_se.png",607,371,false],"thumbnail":["https:\/\/www.carbonsamples.co\/delgado\/wp-content\/uploads\/2023\/08\/blog_se-150x150.png",150,150,true],"medium":["https:\/\/www.carbonsamples.co\/delgado\/wp-content\/uploads\/2023\/08\/blog_se-300x183.png",300,183,true],"medium_large":["https:\/\/www.carbonsamples.co\/delgado\/wp-content\/uploads\/2023\/08\/blog_se.png",607,371,false],"large":["https:\/\/www.carbonsamples.co\/delgado\/wp-content\/uploads\/2023\/08\/blog_se.png",607,371,false],"ttshowcase_normal":["https:\/\/www.carbonsamples.co\/delgado\/wp-content\/uploads\/2023\/08\/blog_se-125x76.png",125,76,true],"ttshowcase_small":["https:\/\/www.carbonsamples.co\/delgado\/wp-content\/uploads\/2023\/08\/blog_se-75x46.png",75,46,true],"1536x1536":["https:\/\/www.carbonsamples.co\/delgado\/wp-content\/uploads\/2023\/08\/blog_se.png",607,371,false],"2048x2048":["https:\/\/www.carbonsamples.co\/delgado\/wp-content\/uploads\/2023\/08\/blog_se.png",607,371,false]},"uagb_author_info":{"display_name":"Delgado Avalos Law Firm, APC","author_link":"https:\/\/www.carbonsamples.co\/delgado\/es\/author\/erakhilesh\/"},"uagb_comment_info":0,"uagb_excerpt":"LA ABOGADA DE VAWA BRINDA AYUDA A LAS V\u00cdCTIMAS DE VIOLENCIA DOM\u00c9STICA Y A SUS HIJOS PARA SOLICITAR LA RESIDENCIA PERMANENTE LA ABOGADA El maltrato dom\u00e9stico es un problema ampliamente extendido que impacta a familias en todo el mundo y Estados Unidos no es una excepci\u00f3n. Los agresores utilizan el miedo, la violencia y la&hellip;","_links":{"self":[{"href":"https:\/\/www.carbonsamples.co\/delgado\/es\/wp-json\/wp\/v2\/pages\/9203"}],"collection":[{"href":"https:\/\/www.carbonsamples.co\/delgado\/es\/wp-json\/wp\/v2\/pages"}],"about":[{"href":"https:\/\/www.carbonsamples.co\/delgado\/es\/wp-json\/wp\/v2\/types\/page"}],"author":[{"embeddable":true,"href":"https:\/\/www.carbonsamples.co\/delgado\/es\/wp-json\/wp\/v2\/users\/21"}],"replies":[{"embeddable":true,"href":"https:\/\/www.carbonsamples.co\/delgado\/es\/wp-json\/wp\/v2\/comments?post=9203"}],"version-history":[{"count":4,"href":"https:\/\/www.carbonsamples.co\/delgado\/es\/wp-json\/wp\/v2\/pages\/9203\/revisions"}],"predecessor-version":[{"id":9512,"href":"https:\/\/www.carbonsamples.co\/delgado\/es\/wp-json\/wp\/v2\/pages\/9203\/revisions\/9512"}],"up":[{"embeddable":true,"href":"https:\/\/www.carbonsamples.co\/delgado\/es\/wp-json\/wp\/v2\/pages\/9204"}],"wp:featuredmedia":[{"embeddable":true,"href":"https:\/\/www.carbonsamples.co\/delgado\/es\/wp-json\/wp\/v2\/media\/8545"}],"wp:attachment":[{"href":"https:\/\/www.carbonsamples.co\/delgado\/es\/wp-json\/wp\/v2\/media?parent=9203"}],"curies":[{"name":"wp","href":"https:\/\/api.w.org\/{rel}","templated":true}]}}