{"id":9204,"date":"2023-08-11T12:30:00","date_gmt":"2023-08-11T12:30:00","guid":{"rendered":"https:\/\/www.carbonsamples.co\/delgado\/inmigracion-familiar\/"},"modified":"2023-08-31T17:27:16","modified_gmt":"2023-08-31T17:27:16","slug":"inmigracion-familiar","status":"publish","type":"page","link":"https:\/\/www.carbonsamples.co\/delgado\/es\/inmigracion-familiar\/","title":{"rendered":"Inmigraci\u00f3n familiar"},"content":{"rendered":"<h1>ABOGADO DE INMIGRACI\u00d3N FAMILIAR QUE LE BRINDA AYUDA A USTED Y A SU FAMILIA PARA MANTENERSE UNIDOS<\/h1>\n<p>La perspectiva de la inmigraci\u00f3n familiar le ofrece la promesa de mantener a las familias unidas, pero el camino puede ser complejo, extenso y desafiante. En Delgado Avalos Law Firm, estamos a su disposici\u00f3n para brindarle claridad, direcci\u00f3n y respaldo a lo largo de este crucial proceso. Si usted se encuentra en medio de un proceso de inmigraci\u00f3n familiar y no sabe por d\u00f3nde comenzar, le invitamos a ponerse en contacto con nosotros hoy mismo.  <\/p>\n<h2>\u00bfCU\u00c1LES SON LOS DOS TIPOS DE VISAS DE INMIGRANTE POR MOTIVOS FAMILIARES QUE USTED DEBE CONOCER?<\/h2>\n<p>La inmigraci\u00f3n familiar le brinda a usted diversas alternativas para mantener unidas a las familias. No obstante, el trayecto puede ser complejo. En Delgado Avalos Law Firm, estamos comprometidos a asistirle en la comprensi\u00f3n de sus alternativas y a orientarle a lo largo de cada fase del proceso. Si est\u00e1 contemplando la posibilidad de la inmigraci\u00f3n familiar pero no tiene certeza sobre los pasos a seguir, nuestro equipo est\u00e1 aqu\u00ed para suministrarle la orientaci\u00f3n que necesita. Le instamos a ponerse en contacto con nuestra oficina el d\u00eda de hoy. Para ser elegible para una visa de familia directa, debe tener una relaci\u00f3n cercana con un ciudadano estadounidense. La lista de parientes que cumplen con los requisitos incluye:    <\/p>\n<ul>\n<li>C\u00f3nyuge de ciudadano estadounidense (IR-1)<\/li>\n<li>Hijo soltero o hija soltera de un ciudadano estadounidense menor de 21 a\u00f1os (IR-2)<\/li>\n<li>Hu\u00e9rfano adoptado en el extranjero por un ciudadano estadounidense (IR-3)<\/li>\n<li>Hu\u00e9rfano que va a ser adoptado en EE.UU. por un ciudadano estadounidense (IR-4)<\/li>\n<li>Padre o madre de un ciudadano estadounidense mayor de 21 a\u00f1os (IR-5)<\/li>\n<\/ul>\n<p>La solicitud la presenta el ciudadano estadounidense que patrocina al familiar o familiares.<\/p>\n<p>Usted, como solicitante de visa de Preferencia Familiar, puede ser respaldado por un ciudadano estadounidense o, en circunstancias espec\u00edficas, por un Residente Permanente Legal, tambi\u00e9n conocido como titular de la Tarjeta Verde. Las visas de preferencia familiar abarcan a un grupo m\u00e1s amplio de familiares que cumplen con los requisitos, aunque la cantidad total de visados emitidos est\u00e1 limitada anualmente. En la visa de Preferencia Familiar, se establecen las siguientes categor\u00edas:  <\/p>\n<ul>\n<li><strong>Primera preferencia<\/strong> &#8211; hijos e hijas solteros (mayores de 21 a\u00f1os) de ciudadanos estadounidenses (F1)<\/li>\n<li><strong>Segunda preferencia<\/strong> &#8211; c\u00f3nyuges e hijos (solteros y menores de 21 a\u00f1os) de residentes permanentes legales (F2A)<\/li>\n<li><strong>Tercera preferencia<\/strong> &#8211; hijos e hijas solteros (mayores de 21 a\u00f1os) de residentes permanentes legales (F2B)<\/li>\n<li><strong>Cuarta preferencia<\/strong> &#8211; hijos e hijas casados de ciudadanos estadounidenses (F3)<\/li>\n<li><strong>Quinta preferencia<\/strong> &#8211; hermanos y hermanas de ciudadanos estadounidenses (si el ciudadano estadounidense tiene 21 a\u00f1os o m\u00e1s) (F4)<\/li>\n<\/ul>\n<h2>\u00bfEXISTEN RESTRICCIONES EN LA CANTIDAD DE VISAS PROCESADOS ANUALMENTE?<\/h2>\n<p>Mientras que las visas para familiares directos no tienen restricciones, las visas de preferencia familiar s\u00ed tienen l\u00edmites. Una vez que se alcanza la cuota anual, las aprobaciones se posponen hasta el pr\u00f3ximo a\u00f1o fiscal. La cantidad de visas asignadas por a\u00f1o fiscal var\u00eda seg\u00fan las categor\u00edas, siendo algunas m\u00e1s concurridas que otras. Contar con la asesor\u00eda de un abogado de inmigraci\u00f3n le ayudar\u00e1 a determinar la disponibilidad de visas y el momento m\u00e1s adecuado para solicitarlos en funci\u00f3n de los a\u00f1os fiscales.   <\/p>\n<h2>\u00bfCu\u00e1les son los requisitos para apadrinar a un familiar?<\/h2>\n<p>El proceso de patrocinio implica condiciones tanto para el familiar que ser\u00e1 patrocinado como para la persona que realiza el patrocinio. Para ser un patrocinador, es necesario ser ciudadano estadounidense o titular de la tarjeta verde (residente legal permanente) y ser mayor de 18 a\u00f1os. La exigencia de residencia implica vivir en los Estados Unidos o sus territorios, respaldada por evidencia de domicilio que demuestre la intenci\u00f3n de establecer una residencia permanente. La capacidad financiera para mantener al familiar patrocinado es fundamental; en general, los patrocinadores deben tener ingresos equivalentes al 125% del umbral federal de pobreza, considerando el tama\u00f1o de la unidad familiar.  <\/p>\n<h2>\u00bfCu\u00e1nto tarda la inmigraci\u00f3n familiar?<\/h2>\n<p>La recopilaci\u00f3n de los documentos necesarios para las solicitudes de inmigraci\u00f3n familiar requiere una considerable cantidad de tiempo. Una vez que la solicitud est\u00e9 lista, el proceso de tramitaci\u00f3n puede extenderse por varios meses e incluso un a\u00f1o. Le recomendamos visitar el sitio web de los Servicios de Ciudadan\u00eda e Inmigraci\u00f3n de EE. UU. para obtener informaci\u00f3n sobre los tiempos de tramitaci\u00f3n promedio actuales seg\u00fan los formularios y las oficinas espec\u00edficas.  <\/p>\n<h2>\u00bfCU\u00c1LES SON ALGUNOS DE LOS DESAF\u00cdOS T\u00cdPICOS QUE LA INMIGRACI\u00d3N FAMILIAR SUELE PRESENTAR?<\/h2>\n<p>Los procedimientos de inmigraci\u00f3n familiar pueden ser complejos y extensos. Tener conocimiento de los desaf\u00edos habituales puede resultar beneficioso, por ejemplo: <\/p>\n<ul>\n<li>No comprender los requisitos de la visa: La claridad resulta fundamental para evitar confusiones y la potencial negaci\u00f3n de la visa.<\/li>\n<li>Retrasos en el proceso de solicitud: Familiarizarse con los tiempos de tramitaci\u00f3n contribuye a manejar las expectativas de manera efectiva.<\/li>\n<li>Compromisos econ\u00f3micos: Patrocinar a varios miembros de la familia podr\u00eda generar desaf\u00edos financieros.<\/li>\n<li>Barrera de Lenguaje: Sortear los formularios y las comunicaciones con los agentes de inmigraci\u00f3n puede resultar m\u00e1s complicado cuando existen barreras ling\u00fc\u00edsticas.<\/li>\n<\/ul>\n<p>Venir a Estados Unidos puede dar a toda su familia la oportunidad de conocer una nueva cultura y aprovechar todo lo que Estados Unidos puede ofrecer, pero no es necesariamente un proceso f\u00e1cil. Si su solicitud de inmigraci\u00f3n ha sido denegada o no est\u00e1 seguro de qu\u00e9 opciones existen para patrocinar a otros miembros de la familia, el equipo de Delgado Avalos Law Firm est\u00e1 aqu\u00ed para ayudar. Llame a nuestra oficina al <a href=\"tel:805-793-0647\">805-793-0647<\/a> para programar su primera reuni\u00f3n con un abogado de inmigraci\u00f3n con experiencia.  <\/p>\n","protected":false},"excerpt":{"rendered":"<p>ABOGADO DE INMIGRACI\u00d3N FAMILIAR QUE LE BRINDA AYUDA A USTED Y A SU FAMILIA PARA MANTENERSE UNIDOS La perspectiva de la inmigraci\u00f3n familiar le ofrece la promesa de mantener a las familias unidas, pero el camino puede ser complejo, extenso y desafiante. En Delgado Avalos Law Firm, estamos a su disposici\u00f3n para brindarle claridad, direcci\u00f3n &hellip;<\/p>\n<p class=\"read-more\"> <a class=\"\" href=\"https:\/\/www.carbonsamples.co\/delgado\/es\/inmigracion-familiar\/\"> <span class=\"screen-reader-text\">Inmigraci\u00f3n familiar<\/span> Leer m\u00e1s &raquo;<\/a><\/p>\n","protected":false},"author":21,"featured_media":8545,"parent":0,"menu_order":0,"comment_status":"closed","ping_status":"closed","template":"","meta":{"_uag_custom_page_level_css":"","site-sidebar-layout":"default","site-content-layout":"default","ast-site-content-layout":"","site-content-style":"default","site-sidebar-style":"default","ast-global-header-display":"","ast-banner-title-visibility":"","ast-main-header-display":"","ast-hfb-above-header-display":"","ast-hfb-below-header-display":"","ast-hfb-mobile-header-display":"","site-post-title":"","ast-breadcrumbs-content":"","ast-featured-img":"","footer-sml-layout":"","theme-transparent-header-meta":"default","adv-header-id-meta":"","stick-header-meta":"","header-above-stick-meta":"","header-main-stick-meta":"","header-below-stick-meta":"","astra-migrate-meta-layouts":"","footnotes":""},"yoast_head":"<!-- This site is optimized with the Yoast SEO plugin v21.5 - https:\/\/yoast.com\/wordpress\/plugins\/seo\/ -->\n<title>Abogado de Inmigraci\u00f3n Familiar en Ventura<\/title>\n<meta name=\"description\" content=\"\u00bfIntenta ayudar a sus familiares a obtener un estatuto legal en Estados Unidos? Averig\u00fce c\u00f3mo un abogado de inmigraci\u00f3n puede ayudarle con este proceso.\" \/>\n<meta name=\"robots\" content=\"noindex, follow, max-snippet:-1, max-image-preview:large, max-video-preview:-1\" \/>\n<meta property=\"og:locale\" content=\"es_ES\" \/>\n<meta property=\"og:type\" content=\"article\" \/>\n<meta property=\"og:title\" content=\"Abogado de Inmigraci\u00f3n Familiar en Ventura\" \/>\n<meta property=\"og:description\" content=\"\u00bfIntenta ayudar a sus familiares a obtener un estatuto legal en Estados Unidos? Averig\u00fce c\u00f3mo un abogado de inmigraci\u00f3n puede ayudarle con este proceso.\" \/>\n<meta property=\"og:url\" content=\"https:\/\/www.carbonsamples.co\/delgado\/es\/inmigracion-familiar\/\" \/>\n<meta property=\"og:site_name\" content=\"Delgado Avalos Law Firm, APC\" \/>\n<meta property=\"article:modified_time\" content=\"2023-08-31T17:27:16+00:00\" \/>\n<meta property=\"og:image\" content=\"https:\/\/www.carbonsamples.co\/delgado\/wp-content\/uploads\/2023\/08\/blog_se.png\" \/>\n\t<meta property=\"og:image:width\" content=\"607\" \/>\n\t<meta property=\"og:image:height\" content=\"371\" \/>\n\t<meta property=\"og:image:type\" content=\"image\/png\" \/>\n<meta name=\"twitter:card\" content=\"summary_large_image\" \/>\n<meta name=\"twitter:label1\" content=\"Tiempo de lectura\" \/>\n\t<meta name=\"twitter:data1\" content=\"5 minutes\" \/>\n<script type=\"application\/ld+json\" class=\"yoast-schema-graph\">{\"@context\":\"https:\/\/schema.org\",\"@graph\":[{\"@type\":\"WebPage\",\"@id\":\"https:\/\/www.carbonsamples.co\/delgado\/es\/inmigracion-familiar\/\",\"url\":\"https:\/\/www.carbonsamples.co\/delgado\/es\/inmigracion-familiar\/\",\"name\":\"Abogado de Inmigraci\u00f3n Familiar en Ventura\",\"isPartOf\":{\"@id\":\"https:\/\/www.carbonsamples.co\/delgado\/es\/#website\"},\"datePublished\":\"2023-08-11T12:30:00+00:00\",\"dateModified\":\"2023-08-31T17:27:16+00:00\",\"description\":\"\u00bfIntenta ayudar a sus familiares a obtener un estatuto legal en Estados Unidos? Averig\u00fce c\u00f3mo un abogado de inmigraci\u00f3n puede ayudarle con este proceso.\",\"breadcrumb\":{\"@id\":\"https:\/\/www.carbonsamples.co\/delgado\/es\/inmigracion-familiar\/#breadcrumb\"},\"inLanguage\":\"es-ES\",\"potentialAction\":[{\"@type\":\"ReadAction\",\"target\":[\"https:\/\/www.carbonsamples.co\/delgado\/es\/inmigracion-familiar\/\"]}]},{\"@type\":\"BreadcrumbList\",\"@id\":\"https:\/\/www.carbonsamples.co\/delgado\/es\/inmigracion-familiar\/#breadcrumb\",\"itemListElement\":[{\"@type\":\"ListItem\",\"position\":1,\"name\":\"Home\",\"item\":\"https:\/\/www.carbonsamples.co\/delgado\/es\/inicio\/\"},{\"@type\":\"ListItem\",\"position\":2,\"name\":\"Inmigraci\u00f3n familiar\"}]},{\"@type\":\"WebSite\",\"@id\":\"https:\/\/www.carbonsamples.co\/delgado\/es\/#website\",\"url\":\"https:\/\/www.carbonsamples.co\/delgado\/es\/\",\"name\":\"Delgado Avalos Law Firm, APC\",\"description\":\"\",\"publisher\":{\"@id\":\"https:\/\/www.carbonsamples.co\/delgado\/es\/#organization\"},\"potentialAction\":[{\"@type\":\"SearchAction\",\"target\":{\"@type\":\"EntryPoint\",\"urlTemplate\":\"https:\/\/www.carbonsamples.co\/delgado\/es\/?s={search_term_string}\"},\"query-input\":\"required name=search_term_string\"}],\"inLanguage\":\"es-ES\"},{\"@type\":\"Organization\",\"@id\":\"https:\/\/www.carbonsamples.co\/delgado\/es\/#organization\",\"name\":\"Delgado Avalos Law Firm, APC\",\"url\":\"https:\/\/www.carbonsamples.co\/delgado\/es\/\",\"logo\":{\"@type\":\"ImageObject\",\"inLanguage\":\"es-ES\",\"@id\":\"https:\/\/www.carbonsamples.co\/delgado\/es\/#\/schema\/logo\/image\/\",\"url\":\"https:\/\/www.carbonsamples.co\/delgado\/wp-content\/uploads\/2023\/08\/Delgado_avalos_logo_V-1.webp\",\"contentUrl\":\"https:\/\/www.carbonsamples.co\/delgado\/wp-content\/uploads\/2023\/08\/Delgado_avalos_logo_V-1.webp\",\"width\":522,\"height\":367,\"caption\":\"Delgado Avalos Law Firm, APC\"},\"image\":{\"@id\":\"https:\/\/www.carbonsamples.co\/delgado\/es\/#\/schema\/logo\/image\/\"}}]}<\/script>\n<!-- \/ Yoast SEO plugin. -->","yoast_head_json":{"title":"Abogado de Inmigraci\u00f3n Familiar en Ventura","description":"\u00bfIntenta ayudar a sus familiares a obtener un estatuto legal en Estados Unidos? Averig\u00fce c\u00f3mo un abogado de inmigraci\u00f3n puede ayudarle con este proceso.","robots":{"index":"noindex","follow":"follow","max-snippet":"max-snippet:-1","max-image-preview":"max-image-preview:large","max-video-preview":"max-video-preview:-1"},"og_locale":"es_ES","og_type":"article","og_title":"Abogado de Inmigraci\u00f3n Familiar en Ventura","og_description":"\u00bfIntenta ayudar a sus familiares a obtener un estatuto legal en Estados Unidos? Averig\u00fce c\u00f3mo un abogado de inmigraci\u00f3n puede ayudarle con este proceso.","og_url":"https:\/\/www.carbonsamples.co\/delgado\/es\/inmigracion-familiar\/","og_site_name":"Delgado Avalos Law Firm, APC","article_modified_time":"2023-08-31T17:27:16+00:00","og_image":[{"width":607,"height":371,"url":"https:\/\/www.carbonsamples.co\/delgado\/wp-content\/uploads\/2023\/08\/blog_se.png","type":"image\/png"}],"twitter_card":"summary_large_image","twitter_misc":{"Tiempo de lectura":"5 minutes"},"schema":{"@context":"https:\/\/schema.org","@graph":[{"@type":"WebPage","@id":"https:\/\/www.carbonsamples.co\/delgado\/es\/inmigracion-familiar\/","url":"https:\/\/www.carbonsamples.co\/delgado\/es\/inmigracion-familiar\/","name":"Abogado de Inmigraci\u00f3n Familiar en Ventura","isPartOf":{"@id":"https:\/\/www.carbonsamples.co\/delgado\/es\/#website"},"datePublished":"2023-08-11T12:30:00+00:00","dateModified":"2023-08-31T17:27:16+00:00","description":"\u00bfIntenta ayudar a sus familiares a obtener un estatuto legal en Estados Unidos? Averig\u00fce c\u00f3mo un abogado de inmigraci\u00f3n puede ayudarle con este proceso.","breadcrumb":{"@id":"https:\/\/www.carbonsamples.co\/delgado\/es\/inmigracion-familiar\/#breadcrumb"},"inLanguage":"es-ES","potentialAction":[{"@type":"ReadAction","target":["https:\/\/www.carbonsamples.co\/delgado\/es\/inmigracion-familiar\/"]}]},{"@type":"BreadcrumbList","@id":"https:\/\/www.carbonsamples.co\/delgado\/es\/inmigracion-familiar\/#breadcrumb","itemListElement":[{"@type":"ListItem","position":1,"name":"Home","item":"https:\/\/www.carbonsamples.co\/delgado\/es\/inicio\/"},{"@type":"ListItem","position":2,"name":"Inmigraci\u00f3n familiar"}]},{"@type":"WebSite","@id":"https:\/\/www.carbonsamples.co\/delgado\/es\/#website","url":"https:\/\/www.carbonsamples.co\/delgado\/es\/","name":"Delgado Avalos Law Firm, APC","description":"","publisher":{"@id":"https:\/\/www.carbonsamples.co\/delgado\/es\/#organization"},"potentialAction":[{"@type":"SearchAction","target":{"@type":"EntryPoint","urlTemplate":"https:\/\/www.carbonsamples.co\/delgado\/es\/?s={search_term_string}"},"query-input":"required name=search_term_string"}],"inLanguage":"es-ES"},{"@type":"Organization","@id":"https:\/\/www.carbonsamples.co\/delgado\/es\/#organization","name":"Delgado Avalos Law Firm, APC","url":"https:\/\/www.carbonsamples.co\/delgado\/es\/","logo":{"@type":"ImageObject","inLanguage":"es-ES","@id":"https:\/\/www.carbonsamples.co\/delgado\/es\/#\/schema\/logo\/image\/","url":"https:\/\/www.carbonsamples.co\/delgado\/wp-content\/uploads\/2023\/08\/Delgado_avalos_logo_V-1.webp","contentUrl":"https:\/\/www.carbonsamples.co\/delgado\/wp-content\/uploads\/2023\/08\/Delgado_avalos_logo_V-1.webp","width":522,"height":367,"caption":"Delgado Avalos Law Firm, APC"},"image":{"@id":"https:\/\/www.carbonsamples.co\/delgado\/es\/#\/schema\/logo\/image\/"}}]}},"uagb_featured_image_src":{"full":["https:\/\/www.carbonsamples.co\/delgado\/wp-content\/uploads\/2023\/08\/blog_se.png",607,371,false],"thumbnail":["https:\/\/www.carbonsamples.co\/delgado\/wp-content\/uploads\/2023\/08\/blog_se-150x150.png",150,150,true],"medium":["https:\/\/www.carbonsamples.co\/delgado\/wp-content\/uploads\/2023\/08\/blog_se-300x183.png",300,183,true],"medium_large":["https:\/\/www.carbonsamples.co\/delgado\/wp-content\/uploads\/2023\/08\/blog_se.png",607,371,false],"large":["https:\/\/www.carbonsamples.co\/delgado\/wp-content\/uploads\/2023\/08\/blog_se.png",607,371,false],"ttshowcase_normal":["https:\/\/www.carbonsamples.co\/delgado\/wp-content\/uploads\/2023\/08\/blog_se-125x76.png",125,76,true],"ttshowcase_small":["https:\/\/www.carbonsamples.co\/delgado\/wp-content\/uploads\/2023\/08\/blog_se-75x46.png",75,46,true],"1536x1536":["https:\/\/www.carbonsamples.co\/delgado\/wp-content\/uploads\/2023\/08\/blog_se.png",607,371,false],"2048x2048":["https:\/\/www.carbonsamples.co\/delgado\/wp-content\/uploads\/2023\/08\/blog_se.png",607,371,false]},"uagb_author_info":{"display_name":"Delgado Avalos Law Firm, APC","author_link":"https:\/\/www.carbonsamples.co\/delgado\/es\/author\/erakhilesh\/"},"uagb_comment_info":0,"uagb_excerpt":"ABOGADO DE INMIGRACI\u00d3N FAMILIAR QUE LE BRINDA AYUDA A USTED Y A SU FAMILIA PARA MANTENERSE UNIDOS La perspectiva de la inmigraci\u00f3n familiar le ofrece la promesa de mantener a las familias unidas, pero el camino puede ser complejo, extenso y desafiante. En Delgado Avalos Law Firm, estamos a su disposici\u00f3n para brindarle claridad, direcci\u00f3n&hellip;","_links":{"self":[{"href":"https:\/\/www.carbonsamples.co\/delgado\/es\/wp-json\/wp\/v2\/pages\/9204"}],"collection":[{"href":"https:\/\/www.carbonsamples.co\/delgado\/es\/wp-json\/wp\/v2\/pages"}],"about":[{"href":"https:\/\/www.carbonsamples.co\/delgado\/es\/wp-json\/wp\/v2\/types\/page"}],"author":[{"embeddable":true,"href":"https:\/\/www.carbonsamples.co\/delgado\/es\/wp-json\/wp\/v2\/users\/21"}],"replies":[{"embeddable":true,"href":"https:\/\/www.carbonsamples.co\/delgado\/es\/wp-json\/wp\/v2\/comments?post=9204"}],"version-history":[{"count":3,"href":"https:\/\/www.carbonsamples.co\/delgado\/es\/wp-json\/wp\/v2\/pages\/9204\/revisions"}],"predecessor-version":[{"id":9493,"href":"https:\/\/www.carbonsamples.co\/delgado\/es\/wp-json\/wp\/v2\/pages\/9204\/revisions\/9493"}],"wp:featuredmedia":[{"embeddable":true,"href":"https:\/\/www.carbonsamples.co\/delgado\/es\/wp-json\/wp\/v2\/media\/8545"}],"wp:attachment":[{"href":"https:\/\/www.carbonsamples.co\/delgado\/es\/wp-json\/wp\/v2\/media?parent=9204"}],"curies":[{"name":"wp","href":"https:\/\/api.w.org\/{rel}","templated":true}]}}