{"id":9207,"date":"2023-08-11T13:21:29","date_gmt":"2023-08-11T13:21:29","guid":{"rendered":"https:\/\/www.carbonsamples.co\/delgado\/visados-humanitarios\/visado-u\/"},"modified":"2023-09-03T23:27:29","modified_gmt":"2023-09-03T23:27:29","slug":"visas-u","status":"publish","type":"page","link":"https:\/\/www.carbonsamples.co\/delgado\/es\/visados-humanitarios\/visas-u\/","title":{"rendered":"Visa U"},"content":{"rendered":"<h1>UNA ABOGADA ESPECIALIZADA EN VISAS U BRINDA ORIENTACI\u00d3N A LAS V\u00cdCTIMAS SOBRE LA OBTENCI\u00d3N DE VISAS<\/h1>\n<p>Si ha sufrido f\u00edsica o mentalmente como v\u00edctima de un delito, la Visa U puede ofrecerle una v\u00eda para ingresar o permanecer en Estados Unidos. Creada en el a\u00f1o 2000 bajo la Ley de Protecci\u00f3n a las V\u00edctimas de la Trata y la Violencia, esta visa proporciona a las v\u00edctimas de delitos espec\u00edficos la oportunidad de obtener un estatus legal y reconstruir sus vidas. Para entender si usted es elegible y dar pasos hacia un nuevo comienzo, le invitamos a ponerse en contacto con Delgado Avalos Law Firm. Nuestro equipo legal experimentado puede guiarlo a trav\u00e9s de este proceso. Entendemos que ya ha enfrentado muchas dificultades y estamos aqu\u00ed para ayudarlo.    <\/p>\n<h2>\u00bfCU\u00c1LES SON LOS REQUISITOS PARA SOLICITAR UNA VISA U?<\/h2>\n<p><strong>La Oficina de Ciudadan\u00eda y Servicios de Inmigraci\u00f3n de EE. UU. detalla seis criterios clave que debe cumplir para ser elegible para una Visa U:<\/strong><\/p>\n<ul>\n<li>Ser v\u00edctima de un delito calificado.<\/li>\n<li>Tener informaci\u00f3n sobre el delito o la actividad delictiva en curso.<\/li>\n<li>Haber sufrido abuso f\u00edsico o psicol\u00f3gico debido al delito.<\/li>\n<li>Colaborar, haber colaborado o estar dispuesto a colaborar con las fuerzas del orden en la investigaci\u00f3n o enjuiciamiento del delito.<\/li>\n<li>Cumplir con los requisitos para ser admitido en Estados Unidos, aunque en algunos casos puede haber una opci\u00f3n de exenci\u00f3n.<\/li>\n<\/ul>\n<p><strong>No todos los delitos pueden considerarse &#8220;delitos calificados&#8221;. Existe una lista espec\u00edfica de delitos, que incluye: <\/strong><\/p>\n<ul>\n<li>Violencia dom\u00e9stica<\/li>\n<li>Extorsi\u00f3n<\/li>\n<li>Asesinato<\/li>\n<li>Secuestro<\/li>\n<li>Incesto<\/li>\n<li>Perjurio<\/li>\n<li>Violaci\u00f3n<\/li>\n<li>Trata de personas<\/li>\n<li>Tortura<\/li>\n<li>Obstrucci\u00f3n de la justicia<\/li>\n<\/ul>\n<p>Para obtener una lista completa de los delitos que cumplen los requisitos, le recomendamos hablar con uno de nuestros abogados de inmigraci\u00f3n. Incluso un intento fallido de cometer uno de estos delitos puede calificar como delito elegible para la Visa U. <\/p>\n<h2>\u00bfQU\u00c9 ES UN CERTIFICADO DE VISA U?<\/h2>\n<p>Como parte de su solicitud de Visa U, primero deber\u00e1 obtener un Certificado de Cumplimiento de la Ley (Formulario I-918B), que es el Certificado de Estatus No Inmigrante U. Este formulario debe ser completado por una persona autorizada dentro de una agencia policial que est\u00e9 proporcionando informaci\u00f3n. La certificaci\u00f3n confirma su valiosa contribuci\u00f3n a las investigaciones en curso y debe incluirse junto con el resto de los documentos de solicitud. Aunque el proceso de certificaci\u00f3n puede ser complicado debido a problemas de papeleo, nuestros abogados de inmigraci\u00f3n pueden asegurarse de que se complete de manera precisa y se presente a tiempo. En algunos casos, puede ser dif\u00edcil obtener que las fuerzas del orden cumplan con los requisitos de papeleo. No es infrecuente que los documentos se extrav\u00eden, que se demore en completarlos o que sean completados por la persona equivocada o con informaci\u00f3n incorrecta. Trabajar con un abogado de inmigraci\u00f3n puede garantizar que obtenga una certificaci\u00f3n de Visa U correcta y que la presente a tiempo junto con el resto de los documentos de su solicitud.   <\/p>\n<h2>\u00bfPUEDO INCLUIR A MIS FAMILIARES EN MI SOLICITUD DE VISA U?<\/h2>\n<p>Reconociendo el impacto emocional de dejar a familiares atr\u00e1s, la Visa U permite que ciertos familiares sean incluidos en su solicitud de Visa U derivada si enfrentan un peligro inmediato debido a su escape de un delito o a su colaboraci\u00f3n con las fuerzas del orden. Los familiares elegibles incluyen hermanos menores solteros, padres, c\u00f3nyuges e hijos de aquellos que recibieron Visas U derivadas. Si sus familiares no est\u00e1n en peligro inmediato, todav\u00eda puede haber opciones para incluirlos. Los solicitantes menores de 21 a\u00f1os pueden incluir a c\u00f3nyuges, padres, hermanos menores solteros e hijos menores solteros menores de 21 a\u00f1os. Para solicitantes de 21 a\u00f1os o m\u00e1s, la elegibilidad se limita a c\u00f3nyuges e hijos menores solteros menores de 21 a\u00f1os.  <\/p>\n<h2>\u00bfPUEDO TRABAJAR LEGALMENTE MIENTRAS ESPERO LA DECISI\u00d3N?<\/h2>\n<p>Para trabajar mientras se procesa su Visa U, deber\u00e1 solicitar un permiso de trabajo. Sin embargo, este proceso a menudo enfrenta demoras, y es posible que necesite la asistencia de un abogado de inmigraci\u00f3n para solicitarlo de manera adecuada y entender sus opciones para garantizar que sus necesidades financieras se satisfagan mientras espera la aprobaci\u00f3n de sus solicitudes. <\/p>\n<h2>\u00bfPOR QU\u00c9 SE DENIEGAN LAS VISAS U?<\/h2>\n<p>Las solicitudes de Visa U a menudo se deniegan debido a la falta de pruebas que respalden el cumplimiento de los criterios mencionados. La ausencia de una carta de certificaci\u00f3n, pruebas insuficientes de abuso f\u00edsico o psicol\u00f3gico o errores en la completitud del formulario pueden llevar a una denegaci\u00f3n. Si su solicitud es denegada, es crucial que se ponga en contacto con un abogado de inmigraci\u00f3n lo antes posible. Es posible que tenga la oportunidad de apelar o volver a presentar la solicitud con la documentaci\u00f3n correcta, y el tiempo es esencial. Si considera que cumple con los requisitos de elegibilidad para una Visa U, llame a Delgado Avalos Law Firm al <a href=\"tel:805-793-0647\">805-793-0647.<\/a>   <\/p>\n<p> Ayudamos a clientes en Ventura, California y en todo Estados Unidos a solicitar un estatus legal y a responder a denegaciones y otras solicitudes de servicios de inmigraci\u00f3n. No permita que sus experiencias pasadas le impidan tener la vida que se merece. Llame a nuestra oficina hoy mismo para hablar con un abogado de inmigraci\u00f3n que pueda ayudarlo.  <\/p>\n<p>&nbsp;<\/p>\n","protected":false},"excerpt":{"rendered":"<p>UNA ABOGADA ESPECIALIZADA EN VISAS U BRINDA ORIENTACI\u00d3N A LAS V\u00cdCTIMAS SOBRE LA OBTENCI\u00d3N DE VISAS Si ha sufrido f\u00edsica o mentalmente como v\u00edctima de un delito, la Visa U puede ofrecerle una v\u00eda para ingresar o permanecer en Estados Unidos. Creada en el a\u00f1o 2000 bajo la Ley de Protecci\u00f3n a las V\u00edctimas de &hellip;<\/p>\n<p class=\"read-more\"> <a class=\"\" href=\"https:\/\/www.carbonsamples.co\/delgado\/es\/visados-humanitarios\/visas-u\/\"> <span class=\"screen-reader-text\">Visa U<\/span> Leer m\u00e1s &raquo;<\/a><\/p>\n","protected":false},"author":21,"featured_media":8545,"parent":9200,"menu_order":0,"comment_status":"closed","ping_status":"closed","template":"","meta":{"_uag_custom_page_level_css":"","site-sidebar-layout":"default","site-content-layout":"default","ast-site-content-layout":"default","site-content-style":"default","site-sidebar-style":"default","ast-global-header-display":"","ast-banner-title-visibility":"","ast-main-header-display":"","ast-hfb-above-header-display":"","ast-hfb-below-header-display":"","ast-hfb-mobile-header-display":"","site-post-title":"","ast-breadcrumbs-content":"","ast-featured-img":"","footer-sml-layout":"","theme-transparent-header-meta":"default","adv-header-id-meta":"","stick-header-meta":"","header-above-stick-meta":"","header-main-stick-meta":"","header-below-stick-meta":"","astra-migrate-meta-layouts":"set","footnotes":""},"yoast_head":"<!-- This site is optimized with the Yoast SEO plugin v21.5 - https:\/\/yoast.com\/wordpress\/plugins\/seo\/ -->\n<title>Abogado de Visa U en Ventura<\/title>\n<meta name=\"description\" content=\"\u00bfQu\u00e9 es un visa U y cu\u00e1les son sus requisitos? Llame hoy mismo a nuestro bufete para obtener m\u00e1s informaci\u00f3n.\" \/>\n<meta name=\"robots\" content=\"noindex, follow, max-snippet:-1, max-image-preview:large, max-video-preview:-1\" \/>\n<meta property=\"og:locale\" content=\"es_ES\" \/>\n<meta property=\"og:type\" content=\"article\" \/>\n<meta property=\"og:title\" content=\"Abogado de Visa U en Ventura\" \/>\n<meta property=\"og:description\" content=\"\u00bfQu\u00e9 es un visa U y cu\u00e1les son sus requisitos? Llame hoy mismo a nuestro bufete para obtener m\u00e1s informaci\u00f3n.\" \/>\n<meta property=\"og:url\" content=\"https:\/\/www.carbonsamples.co\/delgado\/es\/visados-humanitarios\/visas-u\/\" \/>\n<meta property=\"og:site_name\" content=\"Delgado Avalos Law Firm, APC\" \/>\n<meta property=\"article:modified_time\" content=\"2023-09-03T23:27:29+00:00\" \/>\n<meta property=\"og:image\" content=\"https:\/\/www.carbonsamples.co\/delgado\/wp-content\/uploads\/2023\/08\/blog_se.png\" \/>\n\t<meta property=\"og:image:width\" content=\"607\" \/>\n\t<meta property=\"og:image:height\" content=\"371\" \/>\n\t<meta property=\"og:image:type\" content=\"image\/png\" \/>\n<meta name=\"twitter:card\" content=\"summary_large_image\" \/>\n<meta name=\"twitter:label1\" content=\"Tiempo de lectura\" \/>\n\t<meta name=\"twitter:data1\" content=\"4 minutes\" \/>\n<script type=\"application\/ld+json\" class=\"yoast-schema-graph\">{\"@context\":\"https:\/\/schema.org\",\"@graph\":[{\"@type\":\"WebPage\",\"@id\":\"https:\/\/www.carbonsamples.co\/delgado\/es\/visados-humanitarios\/visas-u\/\",\"url\":\"https:\/\/www.carbonsamples.co\/delgado\/es\/visados-humanitarios\/visas-u\/\",\"name\":\"Abogado de Visa U en Ventura\",\"isPartOf\":{\"@id\":\"https:\/\/www.carbonsamples.co\/delgado\/es\/#website\"},\"datePublished\":\"2023-08-11T13:21:29+00:00\",\"dateModified\":\"2023-09-03T23:27:29+00:00\",\"description\":\"\u00bfQu\u00e9 es un visa U y cu\u00e1les son sus requisitos? Llame hoy mismo a nuestro bufete para obtener m\u00e1s informaci\u00f3n.\",\"breadcrumb\":{\"@id\":\"https:\/\/www.carbonsamples.co\/delgado\/es\/visados-humanitarios\/visas-u\/#breadcrumb\"},\"inLanguage\":\"es-ES\",\"potentialAction\":[{\"@type\":\"ReadAction\",\"target\":[\"https:\/\/www.carbonsamples.co\/delgado\/es\/visados-humanitarios\/visas-u\/\"]}]},{\"@type\":\"BreadcrumbList\",\"@id\":\"https:\/\/www.carbonsamples.co\/delgado\/es\/visados-humanitarios\/visas-u\/#breadcrumb\",\"itemListElement\":[{\"@type\":\"ListItem\",\"position\":1,\"name\":\"Home\",\"item\":\"https:\/\/www.carbonsamples.co\/delgado\/es\/inicio\/\"},{\"@type\":\"ListItem\",\"position\":2,\"name\":\"Visados humanitarios\",\"item\":\"https:\/\/www.carbonsamples.co\/delgado\/es\/visados-humanitarios\/\"},{\"@type\":\"ListItem\",\"position\":3,\"name\":\"Visa U\"}]},{\"@type\":\"WebSite\",\"@id\":\"https:\/\/www.carbonsamples.co\/delgado\/es\/#website\",\"url\":\"https:\/\/www.carbonsamples.co\/delgado\/es\/\",\"name\":\"Delgado Avalos Law Firm, APC\",\"description\":\"\",\"publisher\":{\"@id\":\"https:\/\/www.carbonsamples.co\/delgado\/es\/#organization\"},\"potentialAction\":[{\"@type\":\"SearchAction\",\"target\":{\"@type\":\"EntryPoint\",\"urlTemplate\":\"https:\/\/www.carbonsamples.co\/delgado\/es\/?s={search_term_string}\"},\"query-input\":\"required name=search_term_string\"}],\"inLanguage\":\"es-ES\"},{\"@type\":\"Organization\",\"@id\":\"https:\/\/www.carbonsamples.co\/delgado\/es\/#organization\",\"name\":\"Delgado Avalos Law Firm, APC\",\"url\":\"https:\/\/www.carbonsamples.co\/delgado\/es\/\",\"logo\":{\"@type\":\"ImageObject\",\"inLanguage\":\"es-ES\",\"@id\":\"https:\/\/www.carbonsamples.co\/delgado\/es\/#\/schema\/logo\/image\/\",\"url\":\"https:\/\/www.carbonsamples.co\/delgado\/wp-content\/uploads\/2023\/08\/Delgado_avalos_logo_V-1.webp\",\"contentUrl\":\"https:\/\/www.carbonsamples.co\/delgado\/wp-content\/uploads\/2023\/08\/Delgado_avalos_logo_V-1.webp\",\"width\":522,\"height\":367,\"caption\":\"Delgado Avalos Law Firm, APC\"},\"image\":{\"@id\":\"https:\/\/www.carbonsamples.co\/delgado\/es\/#\/schema\/logo\/image\/\"}}]}<\/script>\n<!-- \/ Yoast SEO plugin. -->","yoast_head_json":{"title":"Abogado de Visa U en Ventura","description":"\u00bfQu\u00e9 es un visa U y cu\u00e1les son sus requisitos? Llame hoy mismo a nuestro bufete para obtener m\u00e1s informaci\u00f3n.","robots":{"index":"noindex","follow":"follow","max-snippet":"max-snippet:-1","max-image-preview":"max-image-preview:large","max-video-preview":"max-video-preview:-1"},"og_locale":"es_ES","og_type":"article","og_title":"Abogado de Visa U en Ventura","og_description":"\u00bfQu\u00e9 es un visa U y cu\u00e1les son sus requisitos? Llame hoy mismo a nuestro bufete para obtener m\u00e1s informaci\u00f3n.","og_url":"https:\/\/www.carbonsamples.co\/delgado\/es\/visados-humanitarios\/visas-u\/","og_site_name":"Delgado Avalos Law Firm, APC","article_modified_time":"2023-09-03T23:27:29+00:00","og_image":[{"width":607,"height":371,"url":"https:\/\/www.carbonsamples.co\/delgado\/wp-content\/uploads\/2023\/08\/blog_se.png","type":"image\/png"}],"twitter_card":"summary_large_image","twitter_misc":{"Tiempo de lectura":"4 minutes"},"schema":{"@context":"https:\/\/schema.org","@graph":[{"@type":"WebPage","@id":"https:\/\/www.carbonsamples.co\/delgado\/es\/visados-humanitarios\/visas-u\/","url":"https:\/\/www.carbonsamples.co\/delgado\/es\/visados-humanitarios\/visas-u\/","name":"Abogado de Visa U en Ventura","isPartOf":{"@id":"https:\/\/www.carbonsamples.co\/delgado\/es\/#website"},"datePublished":"2023-08-11T13:21:29+00:00","dateModified":"2023-09-03T23:27:29+00:00","description":"\u00bfQu\u00e9 es un visa U y cu\u00e1les son sus requisitos? Llame hoy mismo a nuestro bufete para obtener m\u00e1s informaci\u00f3n.","breadcrumb":{"@id":"https:\/\/www.carbonsamples.co\/delgado\/es\/visados-humanitarios\/visas-u\/#breadcrumb"},"inLanguage":"es-ES","potentialAction":[{"@type":"ReadAction","target":["https:\/\/www.carbonsamples.co\/delgado\/es\/visados-humanitarios\/visas-u\/"]}]},{"@type":"BreadcrumbList","@id":"https:\/\/www.carbonsamples.co\/delgado\/es\/visados-humanitarios\/visas-u\/#breadcrumb","itemListElement":[{"@type":"ListItem","position":1,"name":"Home","item":"https:\/\/www.carbonsamples.co\/delgado\/es\/inicio\/"},{"@type":"ListItem","position":2,"name":"Visados humanitarios","item":"https:\/\/www.carbonsamples.co\/delgado\/es\/visados-humanitarios\/"},{"@type":"ListItem","position":3,"name":"Visa U"}]},{"@type":"WebSite","@id":"https:\/\/www.carbonsamples.co\/delgado\/es\/#website","url":"https:\/\/www.carbonsamples.co\/delgado\/es\/","name":"Delgado Avalos Law Firm, APC","description":"","publisher":{"@id":"https:\/\/www.carbonsamples.co\/delgado\/es\/#organization"},"potentialAction":[{"@type":"SearchAction","target":{"@type":"EntryPoint","urlTemplate":"https:\/\/www.carbonsamples.co\/delgado\/es\/?s={search_term_string}"},"query-input":"required name=search_term_string"}],"inLanguage":"es-ES"},{"@type":"Organization","@id":"https:\/\/www.carbonsamples.co\/delgado\/es\/#organization","name":"Delgado Avalos Law Firm, APC","url":"https:\/\/www.carbonsamples.co\/delgado\/es\/","logo":{"@type":"ImageObject","inLanguage":"es-ES","@id":"https:\/\/www.carbonsamples.co\/delgado\/es\/#\/schema\/logo\/image\/","url":"https:\/\/www.carbonsamples.co\/delgado\/wp-content\/uploads\/2023\/08\/Delgado_avalos_logo_V-1.webp","contentUrl":"https:\/\/www.carbonsamples.co\/delgado\/wp-content\/uploads\/2023\/08\/Delgado_avalos_logo_V-1.webp","width":522,"height":367,"caption":"Delgado Avalos Law Firm, APC"},"image":{"@id":"https:\/\/www.carbonsamples.co\/delgado\/es\/#\/schema\/logo\/image\/"}}]}},"uagb_featured_image_src":{"full":["https:\/\/www.carbonsamples.co\/delgado\/wp-content\/uploads\/2023\/08\/blog_se.png",607,371,false],"thumbnail":["https:\/\/www.carbonsamples.co\/delgado\/wp-content\/uploads\/2023\/08\/blog_se-150x150.png",150,150,true],"medium":["https:\/\/www.carbonsamples.co\/delgado\/wp-content\/uploads\/2023\/08\/blog_se-300x183.png",300,183,true],"medium_large":["https:\/\/www.carbonsamples.co\/delgado\/wp-content\/uploads\/2023\/08\/blog_se.png",607,371,false],"large":["https:\/\/www.carbonsamples.co\/delgado\/wp-content\/uploads\/2023\/08\/blog_se.png",607,371,false],"ttshowcase_normal":["https:\/\/www.carbonsamples.co\/delgado\/wp-content\/uploads\/2023\/08\/blog_se-125x76.png",125,76,true],"ttshowcase_small":["https:\/\/www.carbonsamples.co\/delgado\/wp-content\/uploads\/2023\/08\/blog_se-75x46.png",75,46,true],"1536x1536":["https:\/\/www.carbonsamples.co\/delgado\/wp-content\/uploads\/2023\/08\/blog_se.png",607,371,false],"2048x2048":["https:\/\/www.carbonsamples.co\/delgado\/wp-content\/uploads\/2023\/08\/blog_se.png",607,371,false]},"uagb_author_info":{"display_name":"Delgado Avalos Law Firm, APC","author_link":"https:\/\/www.carbonsamples.co\/delgado\/es\/author\/erakhilesh\/"},"uagb_comment_info":0,"uagb_excerpt":"UNA ABOGADA ESPECIALIZADA EN VISAS U BRINDA ORIENTACI\u00d3N A LAS V\u00cdCTIMAS SOBRE LA OBTENCI\u00d3N DE VISAS Si ha sufrido f\u00edsica o mentalmente como v\u00edctima de un delito, la Visa U puede ofrecerle una v\u00eda para ingresar o permanecer en Estados Unidos. Creada en el a\u00f1o 2000 bajo la Ley de Protecci\u00f3n a las V\u00edctimas de&hellip;","_links":{"self":[{"href":"https:\/\/www.carbonsamples.co\/delgado\/es\/wp-json\/wp\/v2\/pages\/9207"}],"collection":[{"href":"https:\/\/www.carbonsamples.co\/delgado\/es\/wp-json\/wp\/v2\/pages"}],"about":[{"href":"https:\/\/www.carbonsamples.co\/delgado\/es\/wp-json\/wp\/v2\/types\/page"}],"author":[{"embeddable":true,"href":"https:\/\/www.carbonsamples.co\/delgado\/es\/wp-json\/wp\/v2\/users\/21"}],"replies":[{"embeddable":true,"href":"https:\/\/www.carbonsamples.co\/delgado\/es\/wp-json\/wp\/v2\/comments?post=9207"}],"version-history":[{"count":5,"href":"https:\/\/www.carbonsamples.co\/delgado\/es\/wp-json\/wp\/v2\/pages\/9207\/revisions"}],"predecessor-version":[{"id":9539,"href":"https:\/\/www.carbonsamples.co\/delgado\/es\/wp-json\/wp\/v2\/pages\/9207\/revisions\/9539"}],"up":[{"embeddable":true,"href":"https:\/\/www.carbonsamples.co\/delgado\/es\/wp-json\/wp\/v2\/pages\/9200"}],"wp:featuredmedia":[{"embeddable":true,"href":"https:\/\/www.carbonsamples.co\/delgado\/es\/wp-json\/wp\/v2\/media\/8545"}],"wp:attachment":[{"href":"https:\/\/www.carbonsamples.co\/delgado\/es\/wp-json\/wp\/v2\/media?parent=9207"}],"curies":[{"name":"wp","href":"https:\/\/api.w.org\/{rel}","templated":true}]}}