{"id":9208,"date":"2023-08-11T12:31:45","date_gmt":"2023-08-11T12:31:45","guid":{"rendered":"https:\/\/www.carbonsamples.co\/delgado\/recursos-de-inmigracion\/"},"modified":"2023-08-28T18:42:44","modified_gmt":"2023-08-28T18:42:44","slug":"recursos-de-inmigracion","status":"publish","type":"page","link":"https:\/\/www.carbonsamples.co\/delgado\/es\/recursos-de-inmigracion\/","title":{"rendered":"Recursos de inmigraci\u00f3n"},"content":{"rendered":"<h1>Abogado de Apelaciones de Inmigraci\u00f3n Guiando a Clientes a Trav\u00e9s del Proceso de Apelaciones de Inmigraci\u00f3n<\/h1>\n<p>La expectaci\u00f3n en torno a una decisi\u00f3n de inmigraci\u00f3n puede evocar frustraci\u00f3n y ansiedad. Estos periodos de revisi\u00f3n, que suelen durar varios meses, son la clave de sus planes futuros. Sin embargo, una denegaci\u00f3n no marca necesariamente el final del camino.<\/p>\n<p>Al recibir una carta de denegaci\u00f3n, tome medidas r\u00e1pidas poni\u00e9ndose en contacto con Delgado Avalos Law Firm. Una consulta r\u00e1pida con un abogado puede acelerar el proceso de apelaci\u00f3n. Los recursos de inmigraci\u00f3n pueden ser intrincados, y es crucial verificar su derecho a recurrir y evaluar los motivos. Nuestro competente equipo jur\u00eddico est\u00e1 preparado para guiarle a trav\u00e9s de este proceso y orientarle en los pasos siguientes.<\/p>\n<h2>\u00bfQu\u00e9 es un recurso?<\/h2>\n<p>Los recursos buscan la reconsideraci\u00f3n de una decisi\u00f3n desfavorable por parte de una autoridad superior. Su recurso de inmigraci\u00f3n se dirigir\u00e1 normalmente a la Junta de Apelaciones de Inmigraci\u00f3n o a la Oficina Administrativa de Apelaciones del Servicio de Ciudadan\u00eda e Inmigraci\u00f3n de EE.UU. (U.S. Citizenship and Immigration Services). Es crucial dirigir su recurso a la oficina apropiada, dada su jurisdicci\u00f3n sobre casos espec\u00edficos de inmigraci\u00f3n.<\/p>\n<p>Es imperativo reconocer que no todas las denegaciones justifican recursos. Cuando un recurso es inviable, pueden explorarse alternativas como las mociones de reapertura o reconsideraci\u00f3n. El primero se refiere a situaciones en las que surgen hechos nuevos, desconocidos durante la revisi\u00f3n inicial. Por su parte, la segunda es similar a un recurso, en el que se solicita una nueva revisi\u00f3n debido a posibles errores u omisiones.<\/p>\n<h2>\u00bfPuede recurrir una decisi\u00f3n de inmigraci\u00f3n?<\/h2>\n<p>En muchos casos, es posible recurrir una decisi\u00f3n de inmigraci\u00f3n. Por lo general, la carta que reciba inform\u00e1ndole de la denegaci\u00f3n le indicar\u00e1 si cabe recurso. Si es as\u00ed, tiene que poder demostrar que se cometi\u00f3 un error jur\u00eddico en la revisi\u00f3n de su caso. Un abogado es el mejor recurso para ayudarle a comprender si esto ha ocurrido realmente, porque muchas denegaciones son leg\u00edtimas. Si no es posible apelar porque no tiene motivos legales, a\u00fan puede evitar el procedimiento de expulsi\u00f3n o conseguir un estatuto legal por otros medios, como solicitar otro tipo de visado o una exenci\u00f3n. Si no est\u00e1 seguro de si se le permite apelar su decisi\u00f3n de inmigraci\u00f3n, hable con un abogado de inmigraci\u00f3n con experiencia en nuestra firma.<\/p>\n<h2>\u00bfQu\u00e9 tipo de decisiones son definitivas?<\/h2>\n<p>La posibilidad de recurrir no es universal, ya que algunos casos culminan en decisiones definitivas. Ciertas decisiones de inmigraci\u00f3n, como el rechazo de solicitudes de prestaciones de inmigraci\u00f3n o de visados de no inmigrante, no son recurribles. Esta categor\u00eda engloba los visados para estancias temporales, como los de estudiantes, deportistas, empleados, artistas y otras personas que pretenden realizar visitas temporales. Lo mismo ocurre con los visados U y T. Si bien la apelaci\u00f3n puede no ser una opci\u00f3n en estos casos, las alternativas como las mociones de reapertura o la exploraci\u00f3n de v\u00edas alternativas de inmigraci\u00f3n siguen siendo posibles.<\/p>\n<h2>\u00bfTengo que pagar para presentar un recurso?<\/h2>\n<p>Cuando presente un recurso, tendr\u00e1 que pagar una tasa de presentaci\u00f3n. Esta tasa se considera una &#8220;tasa de tramitaci\u00f3n&#8221;, lo que significa que pagarla no est\u00e1 relacionado con su decisi\u00f3n. No puede obtener un reembolso si su recurso es denegado o si decide retirarlo. Por lo tanto, contratar a un abogado antes de iniciar un recurso es crucial, sobre todo teniendo en cuenta las considerables tasas de presentaci\u00f3n que podr\u00edan desperdiciarse ante una probable denegaci\u00f3n. A partir de 2023, las tasas de presentaci\u00f3n de recursos son:<\/p>\n<ul>\n<li>Formulario I-290B, Notificaci\u00f3n de recurso o moci\u00f3n: 675 $.<\/li>\n<li>Formulario N-336, Solicitud de audiencia sobre una decisi\u00f3n en un procedimiento de naturalizaci\u00f3n: 700 $.<\/li>\n<li>EOIR-29, Notice of Appeal to the Board of Immigration Appeals from a Decision of a DHS Officer (Notificaci\u00f3n de apelaci\u00f3n a la Junta de Apelaciones de Inmigraci\u00f3n de una decisi\u00f3n de un funcionario del DHS): 110 $.<\/li>\n<\/ul>\n<p>Si tiene dudas sobre si merece la pena el riesgo de perder la apelaci\u00f3n, hable con un abogado de inmigraci\u00f3n. Tambi\u00e9n es posible que pueda presentar una exenci\u00f3n para evitar pagar la tasa de presentaci\u00f3n del recurso, dependiendo de su situaci\u00f3n econ\u00f3mica.<\/p>\n<h2>\u00bfCu\u00e1nto tarda en examinarse un recurso?<\/h2>\n<p>En la mayor\u00eda de los casos, el proceso de recurso puede ser muy lento una vez presentado. No es raro que la Oficina Administrativa de Apelaciones tarde al menos dos a\u00f1os en revisar un caso, y en situaciones en las que se solicita documentaci\u00f3n adicional o un caso tiene m\u00e1s factores a considerar, podr\u00eda tardar a\u00fan m\u00e1s.<\/p>\n<h2>\u00bfQu\u00e9 pasa con mi caso mientras espero el recurso?<\/h2>\n<p>Una vez que presente un recurso, podr\u00e1 permanecer en Estados Unidos hasta que se resuelva el caso. Sin embargo, esto no significa necesariamente que tenga autorizaci\u00f3n legal para trabajar. Participar en actividades permitidas durante el periodo de apelaci\u00f3n requiere una cuidadosa consideraci\u00f3n para salvaguardar la integridad de su caso.<\/p>\n<p>Obtenga ayuda con su apelaci\u00f3n de inmigraci\u00f3n cuando llame a Delgado Avalos Law Firm al <a href=\"tel:805-793-0647\">805-793-0647<\/a>. Un miembro de nuestro equipo legal pasar\u00e1 a trav\u00e9s de nuestro proceso de admisi\u00f3n y asegurarse de que nuestra empresa es una buena opci\u00f3n para su caso. Si decide seguir adelante, podemos empezar a trabajar en su caso de inmediato.<\/p>\n<p>&nbsp;<\/p>\n","protected":false},"excerpt":{"rendered":"<p>Abogado de Apelaciones de Inmigraci\u00f3n Guiando a Clientes a Trav\u00e9s del Proceso de Apelaciones de Inmigraci\u00f3n La expectaci\u00f3n en torno a una decisi\u00f3n de inmigraci\u00f3n puede evocar frustraci\u00f3n y ansiedad. Estos periodos de revisi\u00f3n, que suelen durar varios meses, son la clave de sus planes futuros. Sin embargo, una denegaci\u00f3n no marca necesariamente el final &hellip;<\/p>\n<p class=\"read-more\"> <a class=\"\" href=\"https:\/\/www.carbonsamples.co\/delgado\/es\/recursos-de-inmigracion\/\"> <span class=\"screen-reader-text\">Recursos de inmigraci\u00f3n<\/span> Leer m\u00e1s &raquo;<\/a><\/p>\n","protected":false},"author":21,"featured_media":8545,"parent":0,"menu_order":0,"comment_status":"closed","ping_status":"closed","template":"","meta":{"_uag_custom_page_level_css":"","site-sidebar-layout":"default","site-content-layout":"default","ast-site-content-layout":"","site-content-style":"default","site-sidebar-style":"default","ast-global-header-display":"","ast-banner-title-visibility":"","ast-main-header-display":"","ast-hfb-above-header-display":"","ast-hfb-below-header-display":"","ast-hfb-mobile-header-display":"","site-post-title":"","ast-breadcrumbs-content":"","ast-featured-img":"","footer-sml-layout":"","theme-transparent-header-meta":"default","adv-header-id-meta":"","stick-header-meta":"","header-above-stick-meta":"","header-main-stick-meta":"","header-below-stick-meta":"","astra-migrate-meta-layouts":"","footnotes":""},"yoast_head":"<!-- This site is optimized with the Yoast SEO plugin v21.5 - https:\/\/yoast.com\/wordpress\/plugins\/seo\/ -->\n<title>Abogado de Apelaciones de Inmigraci\u00f3n en Ventura<\/title>\n<meta name=\"description\" content=\"\u00bfNecesita recurrir una decisi\u00f3n de inmigraci\u00f3n? Inf\u00f3rmese de lo que implica el proceso y hable con un abogado para que le ayude con su caso.\" \/>\n<meta name=\"robots\" content=\"noindex, follow, max-snippet:-1, max-image-preview:large, max-video-preview:-1\" \/>\n<meta property=\"og:locale\" content=\"es_ES\" \/>\n<meta property=\"og:type\" content=\"article\" \/>\n<meta property=\"og:title\" content=\"Abogado de Apelaciones de Inmigraci\u00f3n en Ventura\" \/>\n<meta property=\"og:description\" content=\"\u00bfNecesita recurrir una decisi\u00f3n de inmigraci\u00f3n? Inf\u00f3rmese de lo que implica el proceso y hable con un abogado para que le ayude con su caso.\" \/>\n<meta property=\"og:url\" content=\"https:\/\/www.carbonsamples.co\/delgado\/es\/recursos-de-inmigracion\/\" \/>\n<meta property=\"og:site_name\" content=\"Delgado Avalos Law Firm, APC\" \/>\n<meta property=\"article:modified_time\" content=\"2023-08-28T18:42:44+00:00\" \/>\n<meta property=\"og:image\" content=\"https:\/\/www.carbonsamples.co\/delgado\/wp-content\/uploads\/2023\/08\/blog_se.png\" \/>\n\t<meta property=\"og:image:width\" content=\"607\" \/>\n\t<meta property=\"og:image:height\" content=\"371\" \/>\n\t<meta property=\"og:image:type\" content=\"image\/png\" \/>\n<meta name=\"twitter:card\" content=\"summary_large_image\" \/>\n<meta name=\"twitter:label1\" content=\"Tiempo de lectura\" \/>\n\t<meta name=\"twitter:data1\" content=\"5 minutes\" \/>\n<script type=\"application\/ld+json\" class=\"yoast-schema-graph\">{\"@context\":\"https:\/\/schema.org\",\"@graph\":[{\"@type\":\"WebPage\",\"@id\":\"https:\/\/www.carbonsamples.co\/delgado\/es\/recursos-de-inmigracion\/\",\"url\":\"https:\/\/www.carbonsamples.co\/delgado\/es\/recursos-de-inmigracion\/\",\"name\":\"Abogado de Apelaciones de Inmigraci\u00f3n en Ventura\",\"isPartOf\":{\"@id\":\"https:\/\/www.carbonsamples.co\/delgado\/es\/#website\"},\"datePublished\":\"2023-08-11T12:31:45+00:00\",\"dateModified\":\"2023-08-28T18:42:44+00:00\",\"description\":\"\u00bfNecesita recurrir una decisi\u00f3n de inmigraci\u00f3n? Inf\u00f3rmese de lo que implica el proceso y hable con un abogado para que le ayude con su caso.\",\"breadcrumb\":{\"@id\":\"https:\/\/www.carbonsamples.co\/delgado\/es\/recursos-de-inmigracion\/#breadcrumb\"},\"inLanguage\":\"es-ES\",\"potentialAction\":[{\"@type\":\"ReadAction\",\"target\":[\"https:\/\/www.carbonsamples.co\/delgado\/es\/recursos-de-inmigracion\/\"]}]},{\"@type\":\"BreadcrumbList\",\"@id\":\"https:\/\/www.carbonsamples.co\/delgado\/es\/recursos-de-inmigracion\/#breadcrumb\",\"itemListElement\":[{\"@type\":\"ListItem\",\"position\":1,\"name\":\"Home\",\"item\":\"https:\/\/www.carbonsamples.co\/delgado\/es\/inicio\/\"},{\"@type\":\"ListItem\",\"position\":2,\"name\":\"Recursos de inmigraci\u00f3n\"}]},{\"@type\":\"WebSite\",\"@id\":\"https:\/\/www.carbonsamples.co\/delgado\/es\/#website\",\"url\":\"https:\/\/www.carbonsamples.co\/delgado\/es\/\",\"name\":\"Delgado Avalos Law Firm, APC\",\"description\":\"\",\"publisher\":{\"@id\":\"https:\/\/www.carbonsamples.co\/delgado\/es\/#organization\"},\"potentialAction\":[{\"@type\":\"SearchAction\",\"target\":{\"@type\":\"EntryPoint\",\"urlTemplate\":\"https:\/\/www.carbonsamples.co\/delgado\/es\/?s={search_term_string}\"},\"query-input\":\"required name=search_term_string\"}],\"inLanguage\":\"es-ES\"},{\"@type\":\"Organization\",\"@id\":\"https:\/\/www.carbonsamples.co\/delgado\/es\/#organization\",\"name\":\"Delgado Avalos Law Firm, APC\",\"url\":\"https:\/\/www.carbonsamples.co\/delgado\/es\/\",\"logo\":{\"@type\":\"ImageObject\",\"inLanguage\":\"es-ES\",\"@id\":\"https:\/\/www.carbonsamples.co\/delgado\/es\/#\/schema\/logo\/image\/\",\"url\":\"https:\/\/www.carbonsamples.co\/delgado\/wp-content\/uploads\/2023\/08\/Delgado_avalos_logo_V-1.webp\",\"contentUrl\":\"https:\/\/www.carbonsamples.co\/delgado\/wp-content\/uploads\/2023\/08\/Delgado_avalos_logo_V-1.webp\",\"width\":522,\"height\":367,\"caption\":\"Delgado Avalos Law Firm, APC\"},\"image\":{\"@id\":\"https:\/\/www.carbonsamples.co\/delgado\/es\/#\/schema\/logo\/image\/\"}}]}<\/script>\n<!-- \/ Yoast SEO plugin. -->","yoast_head_json":{"title":"Abogado de Apelaciones de Inmigraci\u00f3n en Ventura","description":"\u00bfNecesita recurrir una decisi\u00f3n de inmigraci\u00f3n? Inf\u00f3rmese de lo que implica el proceso y hable con un abogado para que le ayude con su caso.","robots":{"index":"noindex","follow":"follow","max-snippet":"max-snippet:-1","max-image-preview":"max-image-preview:large","max-video-preview":"max-video-preview:-1"},"og_locale":"es_ES","og_type":"article","og_title":"Abogado de Apelaciones de Inmigraci\u00f3n en Ventura","og_description":"\u00bfNecesita recurrir una decisi\u00f3n de inmigraci\u00f3n? Inf\u00f3rmese de lo que implica el proceso y hable con un abogado para que le ayude con su caso.","og_url":"https:\/\/www.carbonsamples.co\/delgado\/es\/recursos-de-inmigracion\/","og_site_name":"Delgado Avalos Law Firm, APC","article_modified_time":"2023-08-28T18:42:44+00:00","og_image":[{"width":607,"height":371,"url":"https:\/\/www.carbonsamples.co\/delgado\/wp-content\/uploads\/2023\/08\/blog_se.png","type":"image\/png"}],"twitter_card":"summary_large_image","twitter_misc":{"Tiempo de lectura":"5 minutes"},"schema":{"@context":"https:\/\/schema.org","@graph":[{"@type":"WebPage","@id":"https:\/\/www.carbonsamples.co\/delgado\/es\/recursos-de-inmigracion\/","url":"https:\/\/www.carbonsamples.co\/delgado\/es\/recursos-de-inmigracion\/","name":"Abogado de Apelaciones de Inmigraci\u00f3n en Ventura","isPartOf":{"@id":"https:\/\/www.carbonsamples.co\/delgado\/es\/#website"},"datePublished":"2023-08-11T12:31:45+00:00","dateModified":"2023-08-28T18:42:44+00:00","description":"\u00bfNecesita recurrir una decisi\u00f3n de inmigraci\u00f3n? Inf\u00f3rmese de lo que implica el proceso y hable con un abogado para que le ayude con su caso.","breadcrumb":{"@id":"https:\/\/www.carbonsamples.co\/delgado\/es\/recursos-de-inmigracion\/#breadcrumb"},"inLanguage":"es-ES","potentialAction":[{"@type":"ReadAction","target":["https:\/\/www.carbonsamples.co\/delgado\/es\/recursos-de-inmigracion\/"]}]},{"@type":"BreadcrumbList","@id":"https:\/\/www.carbonsamples.co\/delgado\/es\/recursos-de-inmigracion\/#breadcrumb","itemListElement":[{"@type":"ListItem","position":1,"name":"Home","item":"https:\/\/www.carbonsamples.co\/delgado\/es\/inicio\/"},{"@type":"ListItem","position":2,"name":"Recursos de inmigraci\u00f3n"}]},{"@type":"WebSite","@id":"https:\/\/www.carbonsamples.co\/delgado\/es\/#website","url":"https:\/\/www.carbonsamples.co\/delgado\/es\/","name":"Delgado Avalos Law Firm, APC","description":"","publisher":{"@id":"https:\/\/www.carbonsamples.co\/delgado\/es\/#organization"},"potentialAction":[{"@type":"SearchAction","target":{"@type":"EntryPoint","urlTemplate":"https:\/\/www.carbonsamples.co\/delgado\/es\/?s={search_term_string}"},"query-input":"required name=search_term_string"}],"inLanguage":"es-ES"},{"@type":"Organization","@id":"https:\/\/www.carbonsamples.co\/delgado\/es\/#organization","name":"Delgado Avalos Law Firm, APC","url":"https:\/\/www.carbonsamples.co\/delgado\/es\/","logo":{"@type":"ImageObject","inLanguage":"es-ES","@id":"https:\/\/www.carbonsamples.co\/delgado\/es\/#\/schema\/logo\/image\/","url":"https:\/\/www.carbonsamples.co\/delgado\/wp-content\/uploads\/2023\/08\/Delgado_avalos_logo_V-1.webp","contentUrl":"https:\/\/www.carbonsamples.co\/delgado\/wp-content\/uploads\/2023\/08\/Delgado_avalos_logo_V-1.webp","width":522,"height":367,"caption":"Delgado Avalos Law Firm, APC"},"image":{"@id":"https:\/\/www.carbonsamples.co\/delgado\/es\/#\/schema\/logo\/image\/"}}]}},"uagb_featured_image_src":{"full":["https:\/\/www.carbonsamples.co\/delgado\/wp-content\/uploads\/2023\/08\/blog_se.png",607,371,false],"thumbnail":["https:\/\/www.carbonsamples.co\/delgado\/wp-content\/uploads\/2023\/08\/blog_se-150x150.png",150,150,true],"medium":["https:\/\/www.carbonsamples.co\/delgado\/wp-content\/uploads\/2023\/08\/blog_se-300x183.png",300,183,true],"medium_large":["https:\/\/www.carbonsamples.co\/delgado\/wp-content\/uploads\/2023\/08\/blog_se.png",607,371,false],"large":["https:\/\/www.carbonsamples.co\/delgado\/wp-content\/uploads\/2023\/08\/blog_se.png",607,371,false],"ttshowcase_normal":["https:\/\/www.carbonsamples.co\/delgado\/wp-content\/uploads\/2023\/08\/blog_se-125x76.png",125,76,true],"ttshowcase_small":["https:\/\/www.carbonsamples.co\/delgado\/wp-content\/uploads\/2023\/08\/blog_se-75x46.png",75,46,true],"1536x1536":["https:\/\/www.carbonsamples.co\/delgado\/wp-content\/uploads\/2023\/08\/blog_se.png",607,371,false],"2048x2048":["https:\/\/www.carbonsamples.co\/delgado\/wp-content\/uploads\/2023\/08\/blog_se.png",607,371,false]},"uagb_author_info":{"display_name":"Delgado Avalos Law Firm, APC","author_link":"https:\/\/www.carbonsamples.co\/delgado\/es\/author\/erakhilesh\/"},"uagb_comment_info":0,"uagb_excerpt":"Abogado de Apelaciones de Inmigraci\u00f3n Guiando a Clientes a Trav\u00e9s del Proceso de Apelaciones de Inmigraci\u00f3n La expectaci\u00f3n en torno a una decisi\u00f3n de inmigraci\u00f3n puede evocar frustraci\u00f3n y ansiedad. Estos periodos de revisi\u00f3n, que suelen durar varios meses, son la clave de sus planes futuros. Sin embargo, una denegaci\u00f3n no marca necesariamente el final&hellip;","_links":{"self":[{"href":"https:\/\/www.carbonsamples.co\/delgado\/es\/wp-json\/wp\/v2\/pages\/9208"}],"collection":[{"href":"https:\/\/www.carbonsamples.co\/delgado\/es\/wp-json\/wp\/v2\/pages"}],"about":[{"href":"https:\/\/www.carbonsamples.co\/delgado\/es\/wp-json\/wp\/v2\/types\/page"}],"author":[{"embeddable":true,"href":"https:\/\/www.carbonsamples.co\/delgado\/es\/wp-json\/wp\/v2\/users\/21"}],"replies":[{"embeddable":true,"href":"https:\/\/www.carbonsamples.co\/delgado\/es\/wp-json\/wp\/v2\/comments?post=9208"}],"version-history":[{"count":1,"href":"https:\/\/www.carbonsamples.co\/delgado\/es\/wp-json\/wp\/v2\/pages\/9208\/revisions"}],"predecessor-version":[{"id":9211,"href":"https:\/\/www.carbonsamples.co\/delgado\/es\/wp-json\/wp\/v2\/pages\/9208\/revisions\/9211"}],"wp:featuredmedia":[{"embeddable":true,"href":"https:\/\/www.carbonsamples.co\/delgado\/es\/wp-json\/wp\/v2\/media\/8545"}],"wp:attachment":[{"href":"https:\/\/www.carbonsamples.co\/delgado\/es\/wp-json\/wp\/v2\/media?parent=9208"}],"curies":[{"name":"wp","href":"https:\/\/api.w.org\/{rel}","templated":true}]}}