{"id":9209,"date":"2023-08-11T13:42:27","date_gmt":"2023-08-11T13:42:27","guid":{"rendered":"https:\/\/www.carbonsamples.co\/delgado\/visados-humanitarios\/visados-especiales-para-inmigrantes-menores-de-edad\/"},"modified":"2023-09-03T22:48:03","modified_gmt":"2023-09-03T22:48:03","slug":"visados-especiales-para-inmigrantes-menores-de-edad","status":"publish","type":"page","link":"https:\/\/www.carbonsamples.co\/delgado\/es\/visados-humanitarios\/visados-especiales-para-inmigrantes-menores-de-edad\/","title":{"rendered":"Visas especiales para inmigrantes menores de edad"},"content":{"rendered":"<h1>ABOGADA ESPECIALIZADA EN VISAS PARA INMIGRANTES MENORES DE EDAD<\/h1>\n<p>Lamentablemente, a diario se registran casos de maltrato, abandono y negligencia hacia ni\u00f1os en Estados Unidos. Cuando estos ni\u00f1os carecen de estatus legal, la situaci\u00f3n se vuelve a\u00fan m\u00e1s complicada. Si un menor desea quedarse en Estados Unidos pero a\u00fan no tiene un estatus legal independiente de sus padres, una opci\u00f3n podr\u00eda ser obtener la clasificaci\u00f3n de Menor Inmigrante Especial (SIJ, por sus siglas en ingl\u00e9s).  <\/p>\n<p>Desentra\u00f1ar las complejidades de la inmigraci\u00f3n de menores y obtener claridad sobre los pasos a seguir es posible con el apoyo comprometido de Delgado Avalos Law Firm. No dude en ponerse en contacto con nuestra oficina para entablar una conversaci\u00f3n, recibir orientaci\u00f3n y conectarse con abogados de inmigraci\u00f3n competentes. <\/p>\n<h2>\u00bfQu\u00e9 es la clasificaci\u00f3n especial de menor inmigrante?<\/h2>\n<p>La clasificaci\u00f3n especial de Menor Inmigrante permite a los menores inmigrantes, que han sido v\u00edctimas de abuso, negligencia o abandono por parte de uno o ambos padres, buscar protecci\u00f3n a trav\u00e9s del sistema judicial para menores. Al obtener la clasificaci\u00f3n SIJ, estos ni\u00f1os pueden lograr un estatus legal en Estados Unidos, lo que les brinda la posibilidad de obtener un permiso de trabajo y, incluso, la opci\u00f3n de obtener una tarjeta verde o la ciudadan\u00eda estadounidense de manera independiente. <\/p>\n<p>Los individuos con el estatus SIJ tambi\u00e9n pueden acceder a matr\u00edculas universitarias m\u00e1s econ\u00f3micas, ya que no son considerados estudiantes internacionales. Esto hace que obtener sus t\u00edtulos sea m\u00e1s asequible y les permite seguir avanzando en sus metas personales y profesionales. Adem\u00e1s, el estatus SIJ posibilita viajar al extranjero, lo que puede ser beneficioso para establecer y mantener conexiones con otros familiares que no residen en Estados Unidos. <\/p>\n<h2>\u00bfQui\u00e9n puede optar?<\/h2>\n<p>Existen requisitos espec\u00edficos para poder solicitar la clasificaci\u00f3n de Inmigrante Juvenil Especial. Para poder optar a ella, los solicitantes deben:<\/p>\n<ul>\n<li>Ser menor de 21 a\u00f1os. En Estados Unidos, un menor suele ser un ni\u00f1o de menos de 18 a\u00f1os; sin embargo, el estatuto SIJ puede ampliarse a quienes tengan menos de 21 a\u00f1os en el momento de presentar la petici\u00f3n.<\/li>\n<li>Ser soltero. El solicitante no debe estar casado, y cualquier matrimonio anterior debe haber concluido legalmente por disoluci\u00f3n o fallecimiento del c\u00f3nyuge.<\/li>\n<li>Residir f\u00edsicamente en Estados Unidos. Para poder optar a la clasificaci\u00f3n SIJ, el menor debe estar viviendo en Estados Unidos cuando presente la solicitud y cuando se tome la decisi\u00f3n.<\/li>\n<li>Tener una orden judicial de un tribunal de menores. Esta orden judicial debe indicar que dependes del tribunal o est\u00e1s bajo la custodia de un organismo o departamento estatal o de una persona o entidad designada por el tribunal; y que no puedes reunirte con uno o ambos progenitores debido a CUALQUIER abuso, negligencia o abandono:<\/li>\n<\/ul>\n<p>Para los mayores de 18 a\u00f1os, cumplir los requisitos de la orden del tribunal de menores puede plantear problemas en algunos estados. Si la obtenci\u00f3n de la orden judicial necesaria parece dif\u00edcil o desafiante, consulte a nuestro bufete de abogados para consultar con un abogado de inmigraci\u00f3n con experiencia.<\/p>\n<h2>\u00bfC\u00f3mo se solicita la clasificaci\u00f3n especial de inmigrante juvenil?<\/h2>\n<p>Para iniciar el proceso de clasificaci\u00f3n como Inmigrante Juvenil Especial hay que presentar el formulario I-360, Petici\u00f3n de Amerasi\u00e1tico, Viudo(a) o Inmigrante Especial, en la oficina del Servicio de Ciudadan\u00eda e Inmigraci\u00f3n de EE.UU. (U.S. Citizenship and Immigration Services). El paquete de solicitud debe incluir documentos de verificaci\u00f3n de la edad, como un certificado de nacimiento, una orden judicial certificada y el consentimiento del Departamento de Salud y Servicios Humanos de EE.UU. si es necesario.<\/p>\n<p>Despu\u00e9s de la presentaci\u00f3n, deje pasar varios meses para la revisi\u00f3n, durante los cuales la oficina podr\u00eda solicitar documentaci\u00f3n complementaria o pedir aclaraciones. Una vez concluida la revisi\u00f3n, se enviar\u00e1 una notificaci\u00f3n oficial de la decisi\u00f3n.<\/p>\n<h2>\u00bfEL ESTATUS SIJ ME OTORGA EL DERECHO A OBTENER LA TARJETA VERDE?<\/h2>\n<p>La clasificaci\u00f3n SIJ abre la puerta a una solicitud de Tarjeta Verde, supeditada al cumplimiento de otros criterios de elegibilidad. Cabe destacar la especificidad de los requisitos en funci\u00f3n de la categor\u00eda bajo la que se presenta la solicitud. Consultar a un abogado agiliza la comprensi\u00f3n de las opciones viables. La Tarjeta Verde allana el camino para solicitar la ciudadan\u00eda estadounidense, que se obtiene tras residir en Estados Unidos un m\u00ednimo de 5 a\u00f1os (o 3 a\u00f1os si se est\u00e1 casado con un ciudadano estadounidense) y cumplir otros requisitos.<\/p>\n<h2>\u00bfCu\u00e1nto tiempo tengo para presentar la declaraci\u00f3n?<\/h2>\n<p>Debido a los estrictos requisitos de edad para la clasificaci\u00f3n SIJ, es importante asociarse con un abogado que pueda trabajar r\u00e1pidamente en su caso y ayudarle a obtener los documentos que necesita. Debes solicitar el estatuto SIJ a m\u00e1s tardar el d\u00eda antes de cumplir 21 a\u00f1os. Sin embargo, puede que tenga que iniciar el proceso antes si el sistema judicial de su estado s\u00f3lo tiene jurisdicci\u00f3n hasta los 18 a\u00f1os. Otro factor a tener en cuenta es que la orden judicial no puede ser una retirada temporal de la custodia, por lo que tendr\u00e1 que equilibrar esperar lo suficiente para obtener una orden permanente y presentar la solicitud con la suficiente antelaci\u00f3n para cumplir los requisitos de edad.<\/p>\n<p>Si a\u00fan no est\u00e1 seguro si podr\u00eda utilizar la clasificaci\u00f3n SIJ para su beneficio o est\u00e1 listo para iniciar el proceso, llame a Delgado Avalos Law Firm al <a href=\"tel:805-793-0647\">805-793-0647<\/a>. Tenemos experiencia con este tipo de inmigraci\u00f3n y hemos ayudado a clientes a obtener un estatus legal y establecer vidas independientes. Nuestra oficina se encuentra en Ventura, California, pero ayudamos a clientes de todo el pais. Llame hoy mismo para solicitar la asistencia de nuestros abogados expertos en inmigraci\u00f3n.<\/p>\n","protected":false},"excerpt":{"rendered":"<p>ABOGADA ESPECIALIZADA EN VISAS PARA INMIGRANTES MENORES DE EDAD Lamentablemente, a diario se registran casos de maltrato, abandono y negligencia hacia ni\u00f1os en Estados Unidos. Cuando estos ni\u00f1os carecen de estatus legal, la situaci\u00f3n se vuelve a\u00fan m\u00e1s complicada. Si un menor desea quedarse en Estados Unidos pero a\u00fan no tiene un estatus legal independiente &hellip;<\/p>\n<p class=\"read-more\"> <a class=\"\" href=\"https:\/\/www.carbonsamples.co\/delgado\/es\/visados-humanitarios\/visados-especiales-para-inmigrantes-menores-de-edad\/\"> <span class=\"screen-reader-text\">Visas especiales para inmigrantes menores de edad<\/span> Leer m\u00e1s &raquo;<\/a><\/p>\n","protected":false},"author":21,"featured_media":8545,"parent":9200,"menu_order":0,"comment_status":"closed","ping_status":"closed","template":"","meta":{"_uag_custom_page_level_css":"","site-sidebar-layout":"default","site-content-layout":"default","ast-site-content-layout":"","site-content-style":"default","site-sidebar-style":"default","ast-global-header-display":"","ast-banner-title-visibility":"","ast-main-header-display":"","ast-hfb-above-header-display":"","ast-hfb-below-header-display":"","ast-hfb-mobile-header-display":"","site-post-title":"","ast-breadcrumbs-content":"","ast-featured-img":"","footer-sml-layout":"","theme-transparent-header-meta":"default","adv-header-id-meta":"","stick-header-meta":"","header-above-stick-meta":"","header-main-stick-meta":"","header-below-stick-meta":"","astra-migrate-meta-layouts":"","footnotes":""},"yoast_head":"<!-- This site is optimized with the Yoast SEO plugin v21.5 - https:\/\/yoast.com\/wordpress\/plugins\/seo\/ -->\n<title>Visa Especial para Inmigrantes Juveniles Abogado en Ventura<\/title>\n<meta name=\"description\" content=\"\u00bfQu\u00e9 es la clasificaci\u00f3n de Inmigrante Juvenil Especial y c\u00f3mo se solicita? Hable con un abogado de nuestro bufete para saber c\u00f3mo seguir adelante.\" \/>\n<meta name=\"robots\" content=\"noindex, follow, max-snippet:-1, max-image-preview:large, max-video-preview:-1\" \/>\n<meta property=\"og:locale\" content=\"es_ES\" \/>\n<meta property=\"og:type\" content=\"article\" \/>\n<meta property=\"og:title\" content=\"Visa Especial para Inmigrantes Juveniles Abogado en Ventura\" \/>\n<meta property=\"og:description\" content=\"\u00bfQu\u00e9 es la clasificaci\u00f3n de Inmigrante Juvenil Especial y c\u00f3mo se solicita? Hable con un abogado de nuestro bufete para saber c\u00f3mo seguir adelante.\" \/>\n<meta property=\"og:url\" content=\"https:\/\/www.carbonsamples.co\/delgado\/es\/visados-humanitarios\/visados-especiales-para-inmigrantes-menores-de-edad\/\" \/>\n<meta property=\"og:site_name\" content=\"Delgado Avalos Law Firm, APC\" \/>\n<meta property=\"article:modified_time\" content=\"2023-09-03T22:48:03+00:00\" \/>\n<meta property=\"og:image\" content=\"https:\/\/www.carbonsamples.co\/delgado\/wp-content\/uploads\/2023\/08\/blog_se.png\" \/>\n\t<meta property=\"og:image:width\" content=\"607\" \/>\n\t<meta property=\"og:image:height\" content=\"371\" \/>\n\t<meta property=\"og:image:type\" content=\"image\/png\" \/>\n<meta name=\"twitter:card\" content=\"summary_large_image\" \/>\n<meta name=\"twitter:label1\" content=\"Tiempo de lectura\" \/>\n\t<meta name=\"twitter:data1\" content=\"5 minutes\" \/>\n<script type=\"application\/ld+json\" class=\"yoast-schema-graph\">{\"@context\":\"https:\/\/schema.org\",\"@graph\":[{\"@type\":\"WebPage\",\"@id\":\"https:\/\/www.carbonsamples.co\/delgado\/es\/visados-humanitarios\/visados-especiales-para-inmigrantes-menores-de-edad\/\",\"url\":\"https:\/\/www.carbonsamples.co\/delgado\/es\/visados-humanitarios\/visados-especiales-para-inmigrantes-menores-de-edad\/\",\"name\":\"Visa Especial para Inmigrantes Juveniles Abogado en Ventura\",\"isPartOf\":{\"@id\":\"https:\/\/www.carbonsamples.co\/delgado\/es\/#website\"},\"datePublished\":\"2023-08-11T13:42:27+00:00\",\"dateModified\":\"2023-09-03T22:48:03+00:00\",\"description\":\"\u00bfQu\u00e9 es la clasificaci\u00f3n de Inmigrante Juvenil Especial y c\u00f3mo se solicita? Hable con un abogado de nuestro bufete para saber c\u00f3mo seguir adelante.\",\"breadcrumb\":{\"@id\":\"https:\/\/www.carbonsamples.co\/delgado\/es\/visados-humanitarios\/visados-especiales-para-inmigrantes-menores-de-edad\/#breadcrumb\"},\"inLanguage\":\"es-ES\",\"potentialAction\":[{\"@type\":\"ReadAction\",\"target\":[\"https:\/\/www.carbonsamples.co\/delgado\/es\/visados-humanitarios\/visados-especiales-para-inmigrantes-menores-de-edad\/\"]}]},{\"@type\":\"BreadcrumbList\",\"@id\":\"https:\/\/www.carbonsamples.co\/delgado\/es\/visados-humanitarios\/visados-especiales-para-inmigrantes-menores-de-edad\/#breadcrumb\",\"itemListElement\":[{\"@type\":\"ListItem\",\"position\":1,\"name\":\"Home\",\"item\":\"https:\/\/www.carbonsamples.co\/delgado\/es\/inicio\/\"},{\"@type\":\"ListItem\",\"position\":2,\"name\":\"Visados humanitarios\",\"item\":\"https:\/\/www.carbonsamples.co\/delgado\/es\/visados-humanitarios\/\"},{\"@type\":\"ListItem\",\"position\":3,\"name\":\"Visas especiales para inmigrantes menores de edad\"}]},{\"@type\":\"WebSite\",\"@id\":\"https:\/\/www.carbonsamples.co\/delgado\/es\/#website\",\"url\":\"https:\/\/www.carbonsamples.co\/delgado\/es\/\",\"name\":\"Delgado Avalos Law Firm, APC\",\"description\":\"\",\"publisher\":{\"@id\":\"https:\/\/www.carbonsamples.co\/delgado\/es\/#organization\"},\"potentialAction\":[{\"@type\":\"SearchAction\",\"target\":{\"@type\":\"EntryPoint\",\"urlTemplate\":\"https:\/\/www.carbonsamples.co\/delgado\/es\/?s={search_term_string}\"},\"query-input\":\"required name=search_term_string\"}],\"inLanguage\":\"es-ES\"},{\"@type\":\"Organization\",\"@id\":\"https:\/\/www.carbonsamples.co\/delgado\/es\/#organization\",\"name\":\"Delgado Avalos Law Firm, APC\",\"url\":\"https:\/\/www.carbonsamples.co\/delgado\/es\/\",\"logo\":{\"@type\":\"ImageObject\",\"inLanguage\":\"es-ES\",\"@id\":\"https:\/\/www.carbonsamples.co\/delgado\/es\/#\/schema\/logo\/image\/\",\"url\":\"https:\/\/www.carbonsamples.co\/delgado\/wp-content\/uploads\/2023\/08\/Delgado_avalos_logo_V-1.webp\",\"contentUrl\":\"https:\/\/www.carbonsamples.co\/delgado\/wp-content\/uploads\/2023\/08\/Delgado_avalos_logo_V-1.webp\",\"width\":522,\"height\":367,\"caption\":\"Delgado Avalos Law Firm, APC\"},\"image\":{\"@id\":\"https:\/\/www.carbonsamples.co\/delgado\/es\/#\/schema\/logo\/image\/\"}}]}<\/script>\n<!-- \/ Yoast SEO plugin. -->","yoast_head_json":{"title":"Visa Especial para Inmigrantes Juveniles Abogado en Ventura","description":"\u00bfQu\u00e9 es la clasificaci\u00f3n de Inmigrante Juvenil Especial y c\u00f3mo se solicita? Hable con un abogado de nuestro bufete para saber c\u00f3mo seguir adelante.","robots":{"index":"noindex","follow":"follow","max-snippet":"max-snippet:-1","max-image-preview":"max-image-preview:large","max-video-preview":"max-video-preview:-1"},"og_locale":"es_ES","og_type":"article","og_title":"Visa Especial para Inmigrantes Juveniles Abogado en Ventura","og_description":"\u00bfQu\u00e9 es la clasificaci\u00f3n de Inmigrante Juvenil Especial y c\u00f3mo se solicita? Hable con un abogado de nuestro bufete para saber c\u00f3mo seguir adelante.","og_url":"https:\/\/www.carbonsamples.co\/delgado\/es\/visados-humanitarios\/visados-especiales-para-inmigrantes-menores-de-edad\/","og_site_name":"Delgado Avalos Law Firm, APC","article_modified_time":"2023-09-03T22:48:03+00:00","og_image":[{"width":607,"height":371,"url":"https:\/\/www.carbonsamples.co\/delgado\/wp-content\/uploads\/2023\/08\/blog_se.png","type":"image\/png"}],"twitter_card":"summary_large_image","twitter_misc":{"Tiempo de lectura":"5 minutes"},"schema":{"@context":"https:\/\/schema.org","@graph":[{"@type":"WebPage","@id":"https:\/\/www.carbonsamples.co\/delgado\/es\/visados-humanitarios\/visados-especiales-para-inmigrantes-menores-de-edad\/","url":"https:\/\/www.carbonsamples.co\/delgado\/es\/visados-humanitarios\/visados-especiales-para-inmigrantes-menores-de-edad\/","name":"Visa Especial para Inmigrantes Juveniles Abogado en Ventura","isPartOf":{"@id":"https:\/\/www.carbonsamples.co\/delgado\/es\/#website"},"datePublished":"2023-08-11T13:42:27+00:00","dateModified":"2023-09-03T22:48:03+00:00","description":"\u00bfQu\u00e9 es la clasificaci\u00f3n de Inmigrante Juvenil Especial y c\u00f3mo se solicita? Hable con un abogado de nuestro bufete para saber c\u00f3mo seguir adelante.","breadcrumb":{"@id":"https:\/\/www.carbonsamples.co\/delgado\/es\/visados-humanitarios\/visados-especiales-para-inmigrantes-menores-de-edad\/#breadcrumb"},"inLanguage":"es-ES","potentialAction":[{"@type":"ReadAction","target":["https:\/\/www.carbonsamples.co\/delgado\/es\/visados-humanitarios\/visados-especiales-para-inmigrantes-menores-de-edad\/"]}]},{"@type":"BreadcrumbList","@id":"https:\/\/www.carbonsamples.co\/delgado\/es\/visados-humanitarios\/visados-especiales-para-inmigrantes-menores-de-edad\/#breadcrumb","itemListElement":[{"@type":"ListItem","position":1,"name":"Home","item":"https:\/\/www.carbonsamples.co\/delgado\/es\/inicio\/"},{"@type":"ListItem","position":2,"name":"Visados humanitarios","item":"https:\/\/www.carbonsamples.co\/delgado\/es\/visados-humanitarios\/"},{"@type":"ListItem","position":3,"name":"Visas especiales para inmigrantes menores de edad"}]},{"@type":"WebSite","@id":"https:\/\/www.carbonsamples.co\/delgado\/es\/#website","url":"https:\/\/www.carbonsamples.co\/delgado\/es\/","name":"Delgado Avalos Law Firm, APC","description":"","publisher":{"@id":"https:\/\/www.carbonsamples.co\/delgado\/es\/#organization"},"potentialAction":[{"@type":"SearchAction","target":{"@type":"EntryPoint","urlTemplate":"https:\/\/www.carbonsamples.co\/delgado\/es\/?s={search_term_string}"},"query-input":"required name=search_term_string"}],"inLanguage":"es-ES"},{"@type":"Organization","@id":"https:\/\/www.carbonsamples.co\/delgado\/es\/#organization","name":"Delgado Avalos Law Firm, APC","url":"https:\/\/www.carbonsamples.co\/delgado\/es\/","logo":{"@type":"ImageObject","inLanguage":"es-ES","@id":"https:\/\/www.carbonsamples.co\/delgado\/es\/#\/schema\/logo\/image\/","url":"https:\/\/www.carbonsamples.co\/delgado\/wp-content\/uploads\/2023\/08\/Delgado_avalos_logo_V-1.webp","contentUrl":"https:\/\/www.carbonsamples.co\/delgado\/wp-content\/uploads\/2023\/08\/Delgado_avalos_logo_V-1.webp","width":522,"height":367,"caption":"Delgado Avalos Law Firm, APC"},"image":{"@id":"https:\/\/www.carbonsamples.co\/delgado\/es\/#\/schema\/logo\/image\/"}}]}},"uagb_featured_image_src":{"full":["https:\/\/www.carbonsamples.co\/delgado\/wp-content\/uploads\/2023\/08\/blog_se.png",607,371,false],"thumbnail":["https:\/\/www.carbonsamples.co\/delgado\/wp-content\/uploads\/2023\/08\/blog_se-150x150.png",150,150,true],"medium":["https:\/\/www.carbonsamples.co\/delgado\/wp-content\/uploads\/2023\/08\/blog_se-300x183.png",300,183,true],"medium_large":["https:\/\/www.carbonsamples.co\/delgado\/wp-content\/uploads\/2023\/08\/blog_se.png",607,371,false],"large":["https:\/\/www.carbonsamples.co\/delgado\/wp-content\/uploads\/2023\/08\/blog_se.png",607,371,false],"ttshowcase_normal":["https:\/\/www.carbonsamples.co\/delgado\/wp-content\/uploads\/2023\/08\/blog_se-125x76.png",125,76,true],"ttshowcase_small":["https:\/\/www.carbonsamples.co\/delgado\/wp-content\/uploads\/2023\/08\/blog_se-75x46.png",75,46,true],"1536x1536":["https:\/\/www.carbonsamples.co\/delgado\/wp-content\/uploads\/2023\/08\/blog_se.png",607,371,false],"2048x2048":["https:\/\/www.carbonsamples.co\/delgado\/wp-content\/uploads\/2023\/08\/blog_se.png",607,371,false]},"uagb_author_info":{"display_name":"Delgado Avalos Law Firm, APC","author_link":"https:\/\/www.carbonsamples.co\/delgado\/es\/author\/erakhilesh\/"},"uagb_comment_info":0,"uagb_excerpt":"ABOGADA ESPECIALIZADA EN VISAS PARA INMIGRANTES MENORES DE EDAD Lamentablemente, a diario se registran casos de maltrato, abandono y negligencia hacia ni\u00f1os en Estados Unidos. Cuando estos ni\u00f1os carecen de estatus legal, la situaci\u00f3n se vuelve a\u00fan m\u00e1s complicada. Si un menor desea quedarse en Estados Unidos pero a\u00fan no tiene un estatus legal independiente&hellip;","_links":{"self":[{"href":"https:\/\/www.carbonsamples.co\/delgado\/es\/wp-json\/wp\/v2\/pages\/9209"}],"collection":[{"href":"https:\/\/www.carbonsamples.co\/delgado\/es\/wp-json\/wp\/v2\/pages"}],"about":[{"href":"https:\/\/www.carbonsamples.co\/delgado\/es\/wp-json\/wp\/v2\/types\/page"}],"author":[{"embeddable":true,"href":"https:\/\/www.carbonsamples.co\/delgado\/es\/wp-json\/wp\/v2\/users\/21"}],"replies":[{"embeddable":true,"href":"https:\/\/www.carbonsamples.co\/delgado\/es\/wp-json\/wp\/v2\/comments?post=9209"}],"version-history":[{"count":4,"href":"https:\/\/www.carbonsamples.co\/delgado\/es\/wp-json\/wp\/v2\/pages\/9209\/revisions"}],"predecessor-version":[{"id":9537,"href":"https:\/\/www.carbonsamples.co\/delgado\/es\/wp-json\/wp\/v2\/pages\/9209\/revisions\/9537"}],"up":[{"embeddable":true,"href":"https:\/\/www.carbonsamples.co\/delgado\/es\/wp-json\/wp\/v2\/pages\/9200"}],"wp:featuredmedia":[{"embeddable":true,"href":"https:\/\/www.carbonsamples.co\/delgado\/es\/wp-json\/wp\/v2\/media\/8545"}],"wp:attachment":[{"href":"https:\/\/www.carbonsamples.co\/delgado\/es\/wp-json\/wp\/v2\/media?parent=9209"}],"curies":[{"name":"wp","href":"https:\/\/api.w.org\/{rel}","templated":true}]}}