{"id":9213,"date":"2023-08-11T13:31:45","date_gmt":"2023-08-11T13:31:45","guid":{"rendered":"https:\/\/www.carbonsamples.co\/delgado\/inmigracion-familiar\/adaptacion-del-estatuto\/"},"modified":"2023-09-03T23:27:01","modified_gmt":"2023-09-03T23:27:01","slug":"adaptacion-del-estatuto","status":"publish","type":"page","link":"https:\/\/www.carbonsamples.co\/delgado\/es\/inmigracion-familiar\/adaptacion-del-estatuto\/","title":{"rendered":"Adaptaci\u00f3n del estatuto"},"content":{"rendered":"<h1>ABOGADA DE AJUSTE DE ESTATUS ASISTE A CLIENTES CON PETICIONES DE RESIDENCIA PERMANENTE<\/h1>\n<p>El proceso de ajuste de estatus es la v\u00eda que los inmigrantes en Estados Unidos pueden tomar para convertirse en Residentes Permanentes Legales, tambi\u00e9n conocidos como titulares de la Tarjeta Verde. Como en todos los tr\u00e1mites de inmigraci\u00f3n, solicitar un ajuste de estatus puede ser complejo y llevar mucho tiempo. Es importante tener en cuenta que no todas las personas que cumplen con los requisitos para obtener la tarjeta verde pueden llevar a cabo el &#8220;ajuste de estatus&#8221;, ya que algunas deben seguir un procedimiento denominado &#8220;proceso consular&#8221;. Si usted tiene preguntas sobre el proceso de ajuste de estatus o ha recibido una notificaci\u00f3n de rechazo y no est\u00e1 seguro de c\u00f3mo proceder, los abogados especializados en inmigraci\u00f3n de Delgado Avalos Law Firm est\u00e1n aqu\u00ed para ayudarle.   <\/p>\n<h1>\u00bfCu\u00e1l es el proceso para solicitar un ajuste de estatus?<\/h1>\n<h3>EVALUAR LA ELEGIBILIDAD<\/h3>\n<p>Existen diversas circunstancias que pueden conferir el derecho a obtener una Tarjeta Verde. Algunas de estas incluyen, entre otras cosas: <\/p>\n<ul>\n<li>Contar con un familiar que sea ciudadano estadounidense o titular de una tarjeta verde.<\/li>\n<li>Ser considerado como un &#8220;inmigrante especial&#8221; seg\u00fan las definiciones establecidas por el USCIS.<\/li>\n<li>Poseer estatus de refugiado o asilado.<\/li>\n<li>Haber sido v\u00edctima de tr\u00e1fico humano u otros delitos tipificados.<\/li>\n<li>Haber sufrido maltrato.<\/li>\n<\/ul>\n<p>Cada una de estas categor\u00edas, as\u00ed como algunas categor\u00edas especiales no enumeradas, tienen definiciones y cualificaciones muy espec\u00edficas que habr\u00e1 que investigar. Un abogado experto en inmigraci\u00f3n puede ayudarle a determinar si cumple los requisitos.<\/p>\n<h3>Presentar una petici\u00f3n<\/h3>\n<p>En la mayor\u00eda de las situaciones, suele ser otra persona, frecuentemente un familiar o empleador, quien presenta la solicitud de inmigrante en su nombre. Este proceso de respaldo normalmente precede a la presentaci\u00f3n del formulario I-485, la Solicitud de Registro de Residencia Permanente o Ajuste de Estatus. En ocasiones, la solicitud y el formulario I-485 pueden ser presentados de manera conjunta.  <\/p>\n<h3>Determine si a\u00fan hay Visas disponibles para su categor\u00eda<\/h3>\n<p>Ciertos tipos de visas tienen un l\u00edmite anual de emisi\u00f3n. El formulario I-485 no puede ser presentado a menos que haya visa disponibles dentro de la categor\u00eda de visa que se est\u00e1 solicitando. Para verificar la disponibilidad de visas restantes, le recomendamos revisar las <a href=\"https:\/\/www.uscis.gov\/green-card\/green-card-processes-and-procedures\/visa-availability-and-priority-dates\" target=\"_blank\" rel=\"noopener\">Tablas de Disponibilidad de Visas y Fechas de Prioridad<\/a>, as\u00ed como las <a href=\"https:\/\/www.uscis.gov\/green-card\/green-card-processes-and-procedures\/visa-availability-priority-dates\/adjustment-of-status-filing-charts-from-the-visa-bulletin\" target=\"_blank\" rel=\"noopener\">Tablas de Presentaci\u00f3n de Solicitudes de Ajuste de Estatus<\/a>.   Tambi\u00e9n es aconsejable consultar de forma peri\u00f3dica el <a href=\"https:\/\/travel.state.gov\/content\/travel\/en\/legal\/visa-law0\/visa-bulletin.html\" target=\"_blank\" rel=\"noopener\">Bolet\u00edn de Visa<\/a> publicado por el Departamento de Estado.<\/p>\n<h3>Presentar el Formulario I-485 de Solicitud de Registro de Residencia Permanente o de Ajuste de Estatus<\/h3>\n<p>Si a\u00fan hay visa disponibles en su categor\u00eda, usted tiene la opci\u00f3n de presentar el Formulario I-485, que es la Solicitud de Registro de Residencia Permanente o Ajuste de Estatus. Las instrucciones detalladas del formulario se encuentran disponibles en el siguiente link: <a href=\"https:\/\/www.uscis.gov\/i-485\" target=\"_blank\" rel=\"noopener\">https:\/\/www.uscis.gov\/i-485.<\/a>  Un abogado especializado en inmigraci\u00f3n puede garantizar que su formulario sea completado correctamente para reducir al m\u00ednimo el riesgo de recibir una respuesta negativa.<\/p>\n<h3>Asista a su cita de servicios biom\u00e9tricos<\/h3>\n<p>Tras haber presentado el Formulario I-485, recibir\u00e1 una notificaci\u00f3n para programar una cita en un Centro de Apoyo de Solicitudes (ASC) cercano. Durante esta cita, se tomar\u00e1n sus huellas dactilares, fotograf\u00eda y\/o firma con el fin de verificar su identidad, realizar verificaciones de antecedentes y asegurar medidas de seguridad. Es de suma importancia asistir a esta cita, ya que no hacerlo sin una notificaci\u00f3n adecuada para reprogramarla podr\u00eda resultar en la negaci\u00f3n de su solicitud.  <\/p>\n<h3>Pr\u00f3ximos pasos<\/h3>\n<p>En algunos casos, es posible que se le pida que asista a una entrevista o que aporte m\u00e1s documentaci\u00f3n. En estos casos, debe cumplir la normativa o corre el riesgo de que le denieguen la solicitud.<\/p>\n<p>Una vez cumplidas todas las solicitudes, puede <a href=\"https:\/\/egov.uscis.gov\/casestatus\/landing.do\" target=\"_blank\" rel=\"noopener\">comprobar el estado de su caso en l\u00ednea<\/a> o llamar al <a href=\"https:\/\/www.uscis.gov\/contactcenter\" target=\"_blank\" rel=\"noopener\">Centro de Contacto del USCIS<\/a> al 800-375-5283 para conocer el estado de su solicitud. Una vez tomada la decisi\u00f3n, recibir\u00e1 una notificaci\u00f3n por escrito.<\/p>\n<p>Si le aprueban, recibir\u00e1 su Tarjeta Verde oficial tras recibir la notificaci\u00f3n de decisi\u00f3n positiva sobre su solicitud.<\/p>\n<p>Si se le deniega, se le comunicar\u00e1n los motivos de la denegaci\u00f3n. En algunos casos, puede recurrir, pero es poco frecuente. Existen otras v\u00edas para que su solicitud sea reconsiderada despu\u00e9s de una denegaci\u00f3n, en este punto uno de nuestros abogados expertos en inmigraci\u00f3n puede guiarle a trav\u00e9s de sus opciones.<\/p>\n<h2>\u00bfQu\u00e9 ventajas tiene el ajuste de estatus?<\/h2>\n<p>A pesar de que usted ya resida y trabaje en Estados Unidos, el proceso de solicitud de ajuste de estatus para obtener una Tarjeta Verde puede brindarle numerosos beneficios. Como ser titular de una Tarjeta Verde: <\/p>\n<ul>\n<li>tiene la misma protecci\u00f3n legal que los ciudadanos estadounidenses;<\/li>\n<li>no puede ser deportado a su pa\u00eds de origen sin una audiencia de expulsi\u00f3n;<\/li>\n<li>puede apadrinar a otros miembros de su familia para que obtengan su tarjeta verde;<\/li>\n<li>puede viajar con m\u00e1s facilidad dentro y fuera de su pa\u00eds;<\/li>\n<li>puede solicitar prestaciones federales, incluidas la asistencia p\u00fablica, la Seguridad Social y la ayuda federal a los estudiantes;<\/li>\n<li>tendr\u00e1s acceso a una mayor variedad de oportunidades de empleo.<\/li>\n<\/ul>\n<p>Los titulares de la tarjeta verde tambi\u00e9n pueden solicitar la nacionalidad 3 o 5 a\u00f1os despu\u00e9s de que se apruebe su ajuste de estatus, dependiendo de si est\u00e1n casados con un ciudadano estadounidense.<\/p>\n<h2>\u00bfPuedo solicitar un cambio de estatus para evitar el procedimiento de expulsi\u00f3n?<\/h2>\n<p>Las leyes de inmigraci\u00f3n de EE.UU. permiten presentar una solicitud de ajuste de estatus incluso si el procedimiento de expulsi\u00f3n est\u00e1 en curso. Si se aprueba la solicitud o se concede la acci\u00f3n diferida durante este periodo, puede evitarse potencialmente la deportaci\u00f3n. No obstante, la deportaci\u00f3n conlleva graves consecuencias, pues le inhabilita para regresar a Estados Unidos durante varios a\u00f1os. Para superar exitosamente esta situaci\u00f3n complicada, le recomiendo que consulte con prontitud a un abogado de inmigraci\u00f3n tan pronto como reciba la notificaci\u00f3n del proceso de deportaci\u00f3n.<\/p>\n<h2>\u00bfCu\u00e1nto tarda en aprobarse un cambio de estatus?<\/h2>\n<p>La oficina de Servicios de Ciudadan\u00eda e Inmigraci\u00f3n de EE.UU. se enfrenta con frecuencia a retrasos en la tramitaci\u00f3n de solicitudes, incluidas las relacionadas con el ajuste de estatus. Normalmente, la revisi\u00f3n de su solicitud dura varios meses y puede prolongarse m\u00e1s de un a\u00f1o. Para conocer los plazos medios de revisi\u00f3n del tipo de solicitud y oficina de campo, consulte el sitio web de los Servicios de Ciudadan\u00eda e Inmigraci\u00f3n de EE.UU..<\/p>\n<p>Colaborar con un abogado de inmigraci\u00f3n antes de comenzar el procedimiento de ajuste de estatus le asegura una comprensi\u00f3n completa del proceso y la satisfacci\u00f3n de los requisitos. Adem\u00e1s, le brinda acceso a un profesional que est\u00e1 familiarizado con su situaci\u00f3n y puede brindarle asistencia en caso de dificultades. Si desea obtener m\u00e1s informaci\u00f3n, le invito a ponerse en contacto con la oficina de Delgado Avalos Law Firm en Ventura llamando al <a href=\"tel:805-793-0647\">805-793-0647.<\/a>  <\/p>\n","protected":false},"excerpt":{"rendered":"<p>ABOGADA DE AJUSTE DE ESTATUS ASISTE A CLIENTES CON PETICIONES DE RESIDENCIA PERMANENTE El proceso de ajuste de estatus es la v\u00eda que los inmigrantes en Estados Unidos pueden tomar para convertirse en Residentes Permanentes Legales, tambi\u00e9n conocidos como titulares de la Tarjeta Verde. Como en todos los tr\u00e1mites de inmigraci\u00f3n, solicitar un ajuste de &hellip;<\/p>\n<p class=\"read-more\"> <a class=\"\" href=\"https:\/\/www.carbonsamples.co\/delgado\/es\/inmigracion-familiar\/adaptacion-del-estatuto\/\"> <span class=\"screen-reader-text\">Adaptaci\u00f3n del estatuto<\/span> Leer m\u00e1s &raquo;<\/a><\/p>\n","protected":false},"author":21,"featured_media":8545,"parent":9204,"menu_order":0,"comment_status":"closed","ping_status":"closed","template":"","meta":{"_uag_custom_page_level_css":"","site-sidebar-layout":"default","site-content-layout":"default","ast-site-content-layout":"","site-content-style":"default","site-sidebar-style":"default","ast-global-header-display":"","ast-banner-title-visibility":"","ast-main-header-display":"","ast-hfb-above-header-display":"","ast-hfb-below-header-display":"","ast-hfb-mobile-header-display":"","site-post-title":"","ast-breadcrumbs-content":"","ast-featured-img":"","footer-sml-layout":"","theme-transparent-header-meta":"default","adv-header-id-meta":"","stick-header-meta":"","header-above-stick-meta":"","header-main-stick-meta":"","header-below-stick-meta":"","astra-migrate-meta-layouts":"","footnotes":""},"yoast_head":"<!-- This site is optimized with the Yoast SEO plugin v21.5 - https:\/\/yoast.com\/wordpress\/plugins\/seo\/ -->\n<title>Abogada especializada en Ajuste de Estatus en Ventura<\/title>\n<meta name=\"description\" content=\"\u00bfCu\u00e1l es el proceso para solicitar un ajuste de estatus? Hable con un abogado de inmigraci\u00f3n para saber qu\u00e9 hay que hacer y por d\u00f3nde empezar.\" \/>\n<meta name=\"robots\" content=\"noindex, follow, max-snippet:-1, max-image-preview:large, max-video-preview:-1\" \/>\n<meta property=\"og:locale\" content=\"es_ES\" \/>\n<meta property=\"og:type\" content=\"article\" \/>\n<meta property=\"og:title\" content=\"Abogada especializada en Ajuste de Estatus en Ventura\" \/>\n<meta property=\"og:description\" content=\"\u00bfCu\u00e1l es el proceso para solicitar un ajuste de estatus? Hable con un abogado de inmigraci\u00f3n para saber qu\u00e9 hay que hacer y por d\u00f3nde empezar.\" \/>\n<meta property=\"og:url\" content=\"https:\/\/www.carbonsamples.co\/delgado\/es\/inmigracion-familiar\/adaptacion-del-estatuto\/\" \/>\n<meta property=\"og:site_name\" content=\"Delgado Avalos Law Firm, APC\" \/>\n<meta property=\"article:modified_time\" content=\"2023-09-03T23:27:01+00:00\" \/>\n<meta property=\"og:image\" content=\"https:\/\/www.carbonsamples.co\/delgado\/wp-content\/uploads\/2023\/08\/blog_se.png\" \/>\n\t<meta property=\"og:image:width\" content=\"607\" \/>\n\t<meta property=\"og:image:height\" content=\"371\" \/>\n\t<meta property=\"og:image:type\" content=\"image\/png\" \/>\n<meta name=\"twitter:card\" content=\"summary_large_image\" \/>\n<meta name=\"twitter:label1\" content=\"Tiempo de lectura\" \/>\n\t<meta name=\"twitter:data1\" content=\"6 minutes\" \/>\n<script type=\"application\/ld+json\" class=\"yoast-schema-graph\">{\"@context\":\"https:\/\/schema.org\",\"@graph\":[{\"@type\":\"WebPage\",\"@id\":\"https:\/\/www.carbonsamples.co\/delgado\/es\/inmigracion-familiar\/adaptacion-del-estatuto\/\",\"url\":\"https:\/\/www.carbonsamples.co\/delgado\/es\/inmigracion-familiar\/adaptacion-del-estatuto\/\",\"name\":\"Abogada especializada en Ajuste de Estatus en Ventura\",\"isPartOf\":{\"@id\":\"https:\/\/www.carbonsamples.co\/delgado\/es\/#website\"},\"datePublished\":\"2023-08-11T13:31:45+00:00\",\"dateModified\":\"2023-09-03T23:27:01+00:00\",\"description\":\"\u00bfCu\u00e1l es el proceso para solicitar un ajuste de estatus? Hable con un abogado de inmigraci\u00f3n para saber qu\u00e9 hay que hacer y por d\u00f3nde empezar.\",\"breadcrumb\":{\"@id\":\"https:\/\/www.carbonsamples.co\/delgado\/es\/inmigracion-familiar\/adaptacion-del-estatuto\/#breadcrumb\"},\"inLanguage\":\"es-ES\",\"potentialAction\":[{\"@type\":\"ReadAction\",\"target\":[\"https:\/\/www.carbonsamples.co\/delgado\/es\/inmigracion-familiar\/adaptacion-del-estatuto\/\"]}]},{\"@type\":\"BreadcrumbList\",\"@id\":\"https:\/\/www.carbonsamples.co\/delgado\/es\/inmigracion-familiar\/adaptacion-del-estatuto\/#breadcrumb\",\"itemListElement\":[{\"@type\":\"ListItem\",\"position\":1,\"name\":\"Home\",\"item\":\"https:\/\/www.carbonsamples.co\/delgado\/es\/inicio\/\"},{\"@type\":\"ListItem\",\"position\":2,\"name\":\"Inmigraci\u00f3n familiar\",\"item\":\"https:\/\/www.carbonsamples.co\/delgado\/es\/inmigracion-familiar\/\"},{\"@type\":\"ListItem\",\"position\":3,\"name\":\"Adaptaci\u00f3n del estatuto\"}]},{\"@type\":\"WebSite\",\"@id\":\"https:\/\/www.carbonsamples.co\/delgado\/es\/#website\",\"url\":\"https:\/\/www.carbonsamples.co\/delgado\/es\/\",\"name\":\"Delgado Avalos Law Firm, APC\",\"description\":\"\",\"publisher\":{\"@id\":\"https:\/\/www.carbonsamples.co\/delgado\/es\/#organization\"},\"potentialAction\":[{\"@type\":\"SearchAction\",\"target\":{\"@type\":\"EntryPoint\",\"urlTemplate\":\"https:\/\/www.carbonsamples.co\/delgado\/es\/?s={search_term_string}\"},\"query-input\":\"required name=search_term_string\"}],\"inLanguage\":\"es-ES\"},{\"@type\":\"Organization\",\"@id\":\"https:\/\/www.carbonsamples.co\/delgado\/es\/#organization\",\"name\":\"Delgado Avalos Law Firm, APC\",\"url\":\"https:\/\/www.carbonsamples.co\/delgado\/es\/\",\"logo\":{\"@type\":\"ImageObject\",\"inLanguage\":\"es-ES\",\"@id\":\"https:\/\/www.carbonsamples.co\/delgado\/es\/#\/schema\/logo\/image\/\",\"url\":\"https:\/\/www.carbonsamples.co\/delgado\/wp-content\/uploads\/2023\/08\/Delgado_avalos_logo_V-1.webp\",\"contentUrl\":\"https:\/\/www.carbonsamples.co\/delgado\/wp-content\/uploads\/2023\/08\/Delgado_avalos_logo_V-1.webp\",\"width\":522,\"height\":367,\"caption\":\"Delgado Avalos Law Firm, APC\"},\"image\":{\"@id\":\"https:\/\/www.carbonsamples.co\/delgado\/es\/#\/schema\/logo\/image\/\"}}]}<\/script>\n<!-- \/ Yoast SEO plugin. -->","yoast_head_json":{"title":"Abogada especializada en Ajuste de Estatus en Ventura","description":"\u00bfCu\u00e1l es el proceso para solicitar un ajuste de estatus? Hable con un abogado de inmigraci\u00f3n para saber qu\u00e9 hay que hacer y por d\u00f3nde empezar.","robots":{"index":"noindex","follow":"follow","max-snippet":"max-snippet:-1","max-image-preview":"max-image-preview:large","max-video-preview":"max-video-preview:-1"},"og_locale":"es_ES","og_type":"article","og_title":"Abogada especializada en Ajuste de Estatus en Ventura","og_description":"\u00bfCu\u00e1l es el proceso para solicitar un ajuste de estatus? Hable con un abogado de inmigraci\u00f3n para saber qu\u00e9 hay que hacer y por d\u00f3nde empezar.","og_url":"https:\/\/www.carbonsamples.co\/delgado\/es\/inmigracion-familiar\/adaptacion-del-estatuto\/","og_site_name":"Delgado Avalos Law Firm, APC","article_modified_time":"2023-09-03T23:27:01+00:00","og_image":[{"width":607,"height":371,"url":"https:\/\/www.carbonsamples.co\/delgado\/wp-content\/uploads\/2023\/08\/blog_se.png","type":"image\/png"}],"twitter_card":"summary_large_image","twitter_misc":{"Tiempo de lectura":"6 minutes"},"schema":{"@context":"https:\/\/schema.org","@graph":[{"@type":"WebPage","@id":"https:\/\/www.carbonsamples.co\/delgado\/es\/inmigracion-familiar\/adaptacion-del-estatuto\/","url":"https:\/\/www.carbonsamples.co\/delgado\/es\/inmigracion-familiar\/adaptacion-del-estatuto\/","name":"Abogada especializada en Ajuste de Estatus en Ventura","isPartOf":{"@id":"https:\/\/www.carbonsamples.co\/delgado\/es\/#website"},"datePublished":"2023-08-11T13:31:45+00:00","dateModified":"2023-09-03T23:27:01+00:00","description":"\u00bfCu\u00e1l es el proceso para solicitar un ajuste de estatus? Hable con un abogado de inmigraci\u00f3n para saber qu\u00e9 hay que hacer y por d\u00f3nde empezar.","breadcrumb":{"@id":"https:\/\/www.carbonsamples.co\/delgado\/es\/inmigracion-familiar\/adaptacion-del-estatuto\/#breadcrumb"},"inLanguage":"es-ES","potentialAction":[{"@type":"ReadAction","target":["https:\/\/www.carbonsamples.co\/delgado\/es\/inmigracion-familiar\/adaptacion-del-estatuto\/"]}]},{"@type":"BreadcrumbList","@id":"https:\/\/www.carbonsamples.co\/delgado\/es\/inmigracion-familiar\/adaptacion-del-estatuto\/#breadcrumb","itemListElement":[{"@type":"ListItem","position":1,"name":"Home","item":"https:\/\/www.carbonsamples.co\/delgado\/es\/inicio\/"},{"@type":"ListItem","position":2,"name":"Inmigraci\u00f3n familiar","item":"https:\/\/www.carbonsamples.co\/delgado\/es\/inmigracion-familiar\/"},{"@type":"ListItem","position":3,"name":"Adaptaci\u00f3n del estatuto"}]},{"@type":"WebSite","@id":"https:\/\/www.carbonsamples.co\/delgado\/es\/#website","url":"https:\/\/www.carbonsamples.co\/delgado\/es\/","name":"Delgado Avalos Law Firm, APC","description":"","publisher":{"@id":"https:\/\/www.carbonsamples.co\/delgado\/es\/#organization"},"potentialAction":[{"@type":"SearchAction","target":{"@type":"EntryPoint","urlTemplate":"https:\/\/www.carbonsamples.co\/delgado\/es\/?s={search_term_string}"},"query-input":"required name=search_term_string"}],"inLanguage":"es-ES"},{"@type":"Organization","@id":"https:\/\/www.carbonsamples.co\/delgado\/es\/#organization","name":"Delgado Avalos Law Firm, APC","url":"https:\/\/www.carbonsamples.co\/delgado\/es\/","logo":{"@type":"ImageObject","inLanguage":"es-ES","@id":"https:\/\/www.carbonsamples.co\/delgado\/es\/#\/schema\/logo\/image\/","url":"https:\/\/www.carbonsamples.co\/delgado\/wp-content\/uploads\/2023\/08\/Delgado_avalos_logo_V-1.webp","contentUrl":"https:\/\/www.carbonsamples.co\/delgado\/wp-content\/uploads\/2023\/08\/Delgado_avalos_logo_V-1.webp","width":522,"height":367,"caption":"Delgado Avalos Law Firm, APC"},"image":{"@id":"https:\/\/www.carbonsamples.co\/delgado\/es\/#\/schema\/logo\/image\/"}}]}},"uagb_featured_image_src":{"full":["https:\/\/www.carbonsamples.co\/delgado\/wp-content\/uploads\/2023\/08\/blog_se.png",607,371,false],"thumbnail":["https:\/\/www.carbonsamples.co\/delgado\/wp-content\/uploads\/2023\/08\/blog_se-150x150.png",150,150,true],"medium":["https:\/\/www.carbonsamples.co\/delgado\/wp-content\/uploads\/2023\/08\/blog_se-300x183.png",300,183,true],"medium_large":["https:\/\/www.carbonsamples.co\/delgado\/wp-content\/uploads\/2023\/08\/blog_se.png",607,371,false],"large":["https:\/\/www.carbonsamples.co\/delgado\/wp-content\/uploads\/2023\/08\/blog_se.png",607,371,false],"ttshowcase_normal":["https:\/\/www.carbonsamples.co\/delgado\/wp-content\/uploads\/2023\/08\/blog_se-125x76.png",125,76,true],"ttshowcase_small":["https:\/\/www.carbonsamples.co\/delgado\/wp-content\/uploads\/2023\/08\/blog_se-75x46.png",75,46,true],"1536x1536":["https:\/\/www.carbonsamples.co\/delgado\/wp-content\/uploads\/2023\/08\/blog_se.png",607,371,false],"2048x2048":["https:\/\/www.carbonsamples.co\/delgado\/wp-content\/uploads\/2023\/08\/blog_se.png",607,371,false]},"uagb_author_info":{"display_name":"Delgado Avalos Law Firm, APC","author_link":"https:\/\/www.carbonsamples.co\/delgado\/es\/author\/erakhilesh\/"},"uagb_comment_info":0,"uagb_excerpt":"ABOGADA DE AJUSTE DE ESTATUS ASISTE A CLIENTES CON PETICIONES DE RESIDENCIA PERMANENTE El proceso de ajuste de estatus es la v\u00eda que los inmigrantes en Estados Unidos pueden tomar para convertirse en Residentes Permanentes Legales, tambi\u00e9n conocidos como titulares de la Tarjeta Verde. Como en todos los tr\u00e1mites de inmigraci\u00f3n, solicitar un ajuste de&hellip;","_links":{"self":[{"href":"https:\/\/www.carbonsamples.co\/delgado\/es\/wp-json\/wp\/v2\/pages\/9213"}],"collection":[{"href":"https:\/\/www.carbonsamples.co\/delgado\/es\/wp-json\/wp\/v2\/pages"}],"about":[{"href":"https:\/\/www.carbonsamples.co\/delgado\/es\/wp-json\/wp\/v2\/types\/page"}],"author":[{"embeddable":true,"href":"https:\/\/www.carbonsamples.co\/delgado\/es\/wp-json\/wp\/v2\/users\/21"}],"replies":[{"embeddable":true,"href":"https:\/\/www.carbonsamples.co\/delgado\/es\/wp-json\/wp\/v2\/comments?post=9213"}],"version-history":[{"count":4,"href":"https:\/\/www.carbonsamples.co\/delgado\/es\/wp-json\/wp\/v2\/pages\/9213\/revisions"}],"predecessor-version":[{"id":9538,"href":"https:\/\/www.carbonsamples.co\/delgado\/es\/wp-json\/wp\/v2\/pages\/9213\/revisions\/9538"}],"up":[{"embeddable":true,"href":"https:\/\/www.carbonsamples.co\/delgado\/es\/wp-json\/wp\/v2\/pages\/9204"}],"wp:featuredmedia":[{"embeddable":true,"href":"https:\/\/www.carbonsamples.co\/delgado\/es\/wp-json\/wp\/v2\/media\/8545"}],"wp:attachment":[{"href":"https:\/\/www.carbonsamples.co\/delgado\/es\/wp-json\/wp\/v2\/media?parent=9213"}],"curies":[{"name":"wp","href":"https:\/\/api.w.org\/{rel}","templated":true}]}}