{"id":9217,"date":"2023-08-11T13:48:00","date_gmt":"2023-08-11T13:48:00","guid":{"rendered":"https:\/\/www.carbonsamples.co\/delgado\/inmigracion-familiar\/i-751\/"},"modified":"2023-08-31T19:03:42","modified_gmt":"2023-08-31T19:03:42","slug":"i-751","status":"publish","type":"page","link":"https:\/\/www.carbonsamples.co\/delgado\/es\/inmigracion-familiar\/i-751\/","title":{"rendered":"Eliminaci\u00f3n de condiciones (I-751)"},"content":{"rendered":"<h1>UNA ABOGADA ESPECIALIZADA EN EL FORMULARIO I-751 AYUDA A LOS RESIDENTES LEGALES A ELIMINAR LAS CONDICIONES DE SUS TARJETAS VERDES<\/h1>\n<p>La Tarjeta Verde le confiere el estatuto de residente legal en Estados Unidos. La mayor\u00eda de las Tarjetas Verdes tienen una validez de 10 a\u00f1os y se consideran permanentes. Sin embargo, si obtuvo su Tarjeta Verde a trav\u00e9s de un proceso de inmigraci\u00f3n basado en el matrimonio y su matrimonio ten\u00eda menos de 2 a\u00f1os en el momento de la solicitud, es probable que tenga una Tarjeta Verde condicional. Este estado tiene una duraci\u00f3n de 2 a\u00f1os, lo que implica que deber\u00e1 tomar medidas para eliminar las condiciones o renovar su Tarjeta Verde. Descubra c\u00f3mo quitar las condiciones de su Tarjeta Verde presentando el Formulario I-751.   <\/p>\n<p>Si su Tarjeta Verde condicional est\u00e1 a punto de expirar y desea eliminar las condiciones, consulte a un abogado de inmigraci\u00f3n experimentado sobre el proceso de presentaci\u00f3n del Formulario I-751. En Delgado Avalos Law Firm, entendemos este procedimiento y podemos asegurar una aplicaci\u00f3n oportuna para ayudar a prevenir la expiraci\u00f3n de la Tarjeta Verde. P\u00f3ngase en contacto con nosotros hoy mismo para programar su consulta.<\/p>\n<h2>\u00bfQu\u00e9 documentos debo incluir en mi solicitud?<\/h2>\n<p>Antes de presentar su petici\u00f3n de supresi\u00f3n de condiciones, es importante reunir la documentaci\u00f3n necesaria. Como m\u00ednimo, necesitar\u00e1 copias de ambas caras de su Tarjeta Verde y pruebas que validen su matrimonio de buena fe. Esto puede abarcar la convivencia en com\u00fan, las finanzas compartidas (como cuentas bancarias conjuntas o bienes en copropiedad) y los registros de bienes comunes. Tambi\u00e9n pueden aceptarse documentos adicionales, como certificados de nacimiento de hijos compartidos.<\/p>\n<p>Para situaciones particulares, como presentar una solicitud de manera independiente o enfrentar condenas penales desde que obtuvo su Tarjeta Verde, es posible que se requiera documentaci\u00f3n adicional. Si est\u00e1 presentando la solicitud de manera independiente debido a un divorcio o situaciones de abuso, deber\u00e1 proporcionar pruebas que respalden su situaci\u00f3n. Igualmente, en caso de enfrentar condenas penales, es posible que se necesiten registros judiciales que detallen los cargos y los resultados. Si no est\u00e1 seguro acerca de qu\u00e9 documentaci\u00f3n es necesaria, le sugiero que busque la asistencia de un abogado especializado en inmigraci\u00f3n.   <\/p>\n<p>Aseg\u00farese de que todos los documentos se incluyan en el paquete de presentaci\u00f3n junto con el formulario. Revise detenidamente el formulario para asegurarse de que la informaci\u00f3n sea precisa y completa, ya que los errores u omisiones podr\u00edan causar demoras o negaciones. Nuestros abogados especializados en inmigraci\u00f3n pueden asistirlo en revisar su formulario para verificar que esten en orden y completos.  <\/p>\n<h2>\u00bfCu\u00e1ndo tengo que presentar el formulario I-751?<\/h2>\n<p>Tiene un plazo de 90 d\u00edas antes de que expire su tarjeta verde condicional para presentar el formulario I-751. Si a\u00fan est\u00e1 casado, tanto usted como su c\u00f3nyuge deben completar y firmar el formulario. Esto no puede realizarse antes del comienzo de este per\u00edodo de 90 d\u00edas. Sin embargo, si su matrimonio ha finalizado, su c\u00f3nyuge ha fallecido, o est\u00e1 presentando la solicitud de manera individual debido a abusos, el Formulario I-751 puede ser presentado en cualquier momento despu\u00e9s de recibir su Tarjeta Verde condicional.   <\/p>\n<p>Por lo general, es recomendable iniciar el proceso de eliminaci\u00f3n de las condiciones de su Tarjeta Verde lo m\u00e1s pronto posible. Esto le brinda tiempo suficiente para llenar los formularios y reunir los documentos necesarios. Adem\u00e1s, le proporciona la oportunidad de consultar con un abogado de inmigraci\u00f3n para aclarar cualquier pregunta o recibir asistencia con su solicitud.  <\/p>\n<h2>\u00bfCu\u00e1nto cuesta eliminar las afecciones en una residencia?<\/h2>\n<p>La presentaci\u00f3n del formulario I-751 conlleva un costo de tarifa de $595.00. Adem\u00e1s, podr\u00eda ser necesario abonar una tarifa adicional de servicio biom\u00e9trico de $85.00 si no se ha pagado previamente. Para evitar demoras en los pagos, es importante abonar cada tarifa por separado y utilizar los m\u00e9todos de pago aceptados, como cheques, tarjetas de cr\u00e9dito o giros postales. Tenga en cuenta que estas tarifas de presentaci\u00f3n no son reembolsables, ya sea que la petici\u00f3n sea anulada o denegada. Si es necesario presentar una nueva solicitud, se requerir\u00e1 el pago de otra tarifa de presentaci\u00f3n. Obtener asesoramiento de un abogado de inmigraci\u00f3n antes de presentar la solicitud ayuda a reducir el riesgo de omitir alg\u00fan requisito.     <\/p>\n<h2>\u00bfPor qu\u00e9 necesito que un abogado me ayude a presentar el formulario I-751?<\/h2>\n<p>Aunque no es obligatorio contar con representaci\u00f3n legal durante el proceso de eliminaci\u00f3n de condiciones, resulta recomendable contar con la asistencia de un abogado. Un abogado puede verificar su estatus de Tarjeta Verde condicional, evitando peticiones innecesarias. Adem\u00e1s, su experiencia puede garantizar el correcto llenado de los formularios y la inclusi\u00f3n de la documentaci\u00f3n relevante. En caso de que la petici\u00f3n sea denegada o surjan interrogantes por parte de los funcionarios de inmigraci\u00f3n, un abogado puede responder de manera \u00e1gil y guiarlo a trav\u00e9s de las opciones disponibles.   <\/p>\n<p>Las Tarjetas Verdes condicionales son comunes, pero es esencial estar consciente de su fecha de expiraci\u00f3n para iniciar el proceso de eliminaci\u00f3n de condiciones a tiempo y obtener una Tarjeta Verde permanente. Inf\u00f3rmese sobre los requisitos, los criterios de elegibilidad y el cronograma adecuado.  No dude en comunicarse con Delgado Avalos Law Firm al <a href=\"tel:805-793-0647\">805-793-0647<\/a> para obtener m\u00e1s informaci\u00f3n.<\/p>\n","protected":false},"excerpt":{"rendered":"<p>UNA ABOGADA ESPECIALIZADA EN EL FORMULARIO I-751 AYUDA A LOS RESIDENTES LEGALES A ELIMINAR LAS CONDICIONES DE SUS TARJETAS VERDES La Tarjeta Verde le confiere el estatuto de residente legal en Estados Unidos. La mayor\u00eda de las Tarjetas Verdes tienen una validez de 10 a\u00f1os y se consideran permanentes. Sin embargo, si obtuvo su Tarjeta &hellip;<\/p>\n<p class=\"read-more\"> <a class=\"\" href=\"https:\/\/www.carbonsamples.co\/delgado\/es\/inmigracion-familiar\/i-751\/\"> <span class=\"screen-reader-text\">Eliminaci\u00f3n de condiciones (I-751)<\/span> Leer m\u00e1s &raquo;<\/a><\/p>\n","protected":false},"author":21,"featured_media":8545,"parent":9204,"menu_order":0,"comment_status":"closed","ping_status":"closed","template":"","meta":{"_uag_custom_page_level_css":"","site-sidebar-layout":"default","site-content-layout":"default","ast-site-content-layout":"","site-content-style":"default","site-sidebar-style":"default","ast-global-header-display":"","ast-banner-title-visibility":"","ast-main-header-display":"","ast-hfb-above-header-display":"","ast-hfb-below-header-display":"","ast-hfb-mobile-header-display":"","site-post-title":"","ast-breadcrumbs-content":"","ast-featured-img":"","footer-sml-layout":"","theme-transparent-header-meta":"default","adv-header-id-meta":"","stick-header-meta":"","header-above-stick-meta":"","header-main-stick-meta":"","header-below-stick-meta":"","astra-migrate-meta-layouts":"","footnotes":""},"yoast_head":"<!-- This site is optimized with the Yoast SEO plugin v21.5 - https:\/\/yoast.com\/wordpress\/plugins\/seo\/ -->\n<title>I-751 Abogado en Ventura<\/title>\n<meta name=\"description\" content=\"\u00bfIntenta eliminar las condiciones de su Tarjeta Verde? Llame a nuestra firma hoy para averiguar c\u00f3mo un abogado de inmigraci\u00f3n puede guiarle a trav\u00e9s de este proceso.\" \/>\n<meta name=\"robots\" content=\"noindex, follow, max-snippet:-1, max-image-preview:large, max-video-preview:-1\" \/>\n<meta property=\"og:locale\" content=\"es_ES\" \/>\n<meta property=\"og:type\" content=\"article\" \/>\n<meta property=\"og:title\" content=\"I-751 Abogado en Ventura\" \/>\n<meta property=\"og:description\" content=\"\u00bfIntenta eliminar las condiciones de su Tarjeta Verde? Llame a nuestra firma hoy para averiguar c\u00f3mo un abogado de inmigraci\u00f3n puede guiarle a trav\u00e9s de este proceso.\" \/>\n<meta property=\"og:url\" content=\"https:\/\/www.carbonsamples.co\/delgado\/es\/inmigracion-familiar\/i-751\/\" \/>\n<meta property=\"og:site_name\" content=\"Delgado Avalos Law Firm, APC\" \/>\n<meta property=\"article:modified_time\" content=\"2023-08-31T19:03:42+00:00\" \/>\n<meta property=\"og:image\" content=\"https:\/\/www.carbonsamples.co\/delgado\/wp-content\/uploads\/2023\/08\/blog_se.png\" \/>\n\t<meta property=\"og:image:width\" content=\"607\" \/>\n\t<meta property=\"og:image:height\" content=\"371\" \/>\n\t<meta property=\"og:image:type\" content=\"image\/png\" \/>\n<meta name=\"twitter:card\" content=\"summary_large_image\" \/>\n<meta name=\"twitter:label1\" content=\"Tiempo de lectura\" \/>\n\t<meta name=\"twitter:data1\" content=\"5 minutes\" \/>\n<script type=\"application\/ld+json\" class=\"yoast-schema-graph\">{\"@context\":\"https:\/\/schema.org\",\"@graph\":[{\"@type\":\"WebPage\",\"@id\":\"https:\/\/www.carbonsamples.co\/delgado\/es\/inmigracion-familiar\/i-751\/\",\"url\":\"https:\/\/www.carbonsamples.co\/delgado\/es\/inmigracion-familiar\/i-751\/\",\"name\":\"I-751 Abogado en Ventura\",\"isPartOf\":{\"@id\":\"https:\/\/www.carbonsamples.co\/delgado\/es\/#website\"},\"datePublished\":\"2023-08-11T13:48:00+00:00\",\"dateModified\":\"2023-08-31T19:03:42+00:00\",\"description\":\"\u00bfIntenta eliminar las condiciones de su Tarjeta Verde? Llame a nuestra firma hoy para averiguar c\u00f3mo un abogado de inmigraci\u00f3n puede guiarle a trav\u00e9s de este proceso.\",\"breadcrumb\":{\"@id\":\"https:\/\/www.carbonsamples.co\/delgado\/es\/inmigracion-familiar\/i-751\/#breadcrumb\"},\"inLanguage\":\"es-ES\",\"potentialAction\":[{\"@type\":\"ReadAction\",\"target\":[\"https:\/\/www.carbonsamples.co\/delgado\/es\/inmigracion-familiar\/i-751\/\"]}]},{\"@type\":\"BreadcrumbList\",\"@id\":\"https:\/\/www.carbonsamples.co\/delgado\/es\/inmigracion-familiar\/i-751\/#breadcrumb\",\"itemListElement\":[{\"@type\":\"ListItem\",\"position\":1,\"name\":\"Home\",\"item\":\"https:\/\/www.carbonsamples.co\/delgado\/es\/inicio\/\"},{\"@type\":\"ListItem\",\"position\":2,\"name\":\"Inmigraci\u00f3n familiar\",\"item\":\"https:\/\/www.carbonsamples.co\/delgado\/es\/inmigracion-familiar\/\"},{\"@type\":\"ListItem\",\"position\":3,\"name\":\"Eliminaci\u00f3n de condiciones (I-751)\"}]},{\"@type\":\"WebSite\",\"@id\":\"https:\/\/www.carbonsamples.co\/delgado\/es\/#website\",\"url\":\"https:\/\/www.carbonsamples.co\/delgado\/es\/\",\"name\":\"Delgado Avalos Law Firm, APC\",\"description\":\"\",\"publisher\":{\"@id\":\"https:\/\/www.carbonsamples.co\/delgado\/es\/#organization\"},\"potentialAction\":[{\"@type\":\"SearchAction\",\"target\":{\"@type\":\"EntryPoint\",\"urlTemplate\":\"https:\/\/www.carbonsamples.co\/delgado\/es\/?s={search_term_string}\"},\"query-input\":\"required name=search_term_string\"}],\"inLanguage\":\"es-ES\"},{\"@type\":\"Organization\",\"@id\":\"https:\/\/www.carbonsamples.co\/delgado\/es\/#organization\",\"name\":\"Delgado Avalos Law Firm, APC\",\"url\":\"https:\/\/www.carbonsamples.co\/delgado\/es\/\",\"logo\":{\"@type\":\"ImageObject\",\"inLanguage\":\"es-ES\",\"@id\":\"https:\/\/www.carbonsamples.co\/delgado\/es\/#\/schema\/logo\/image\/\",\"url\":\"https:\/\/www.carbonsamples.co\/delgado\/wp-content\/uploads\/2023\/08\/Delgado_avalos_logo_V-1.webp\",\"contentUrl\":\"https:\/\/www.carbonsamples.co\/delgado\/wp-content\/uploads\/2023\/08\/Delgado_avalos_logo_V-1.webp\",\"width\":522,\"height\":367,\"caption\":\"Delgado Avalos Law Firm, APC\"},\"image\":{\"@id\":\"https:\/\/www.carbonsamples.co\/delgado\/es\/#\/schema\/logo\/image\/\"}}]}<\/script>\n<!-- \/ Yoast SEO plugin. -->","yoast_head_json":{"title":"I-751 Abogado en Ventura","description":"\u00bfIntenta eliminar las condiciones de su Tarjeta Verde? Llame a nuestra firma hoy para averiguar c\u00f3mo un abogado de inmigraci\u00f3n puede guiarle a trav\u00e9s de este proceso.","robots":{"index":"noindex","follow":"follow","max-snippet":"max-snippet:-1","max-image-preview":"max-image-preview:large","max-video-preview":"max-video-preview:-1"},"og_locale":"es_ES","og_type":"article","og_title":"I-751 Abogado en Ventura","og_description":"\u00bfIntenta eliminar las condiciones de su Tarjeta Verde? Llame a nuestra firma hoy para averiguar c\u00f3mo un abogado de inmigraci\u00f3n puede guiarle a trav\u00e9s de este proceso.","og_url":"https:\/\/www.carbonsamples.co\/delgado\/es\/inmigracion-familiar\/i-751\/","og_site_name":"Delgado Avalos Law Firm, APC","article_modified_time":"2023-08-31T19:03:42+00:00","og_image":[{"width":607,"height":371,"url":"https:\/\/www.carbonsamples.co\/delgado\/wp-content\/uploads\/2023\/08\/blog_se.png","type":"image\/png"}],"twitter_card":"summary_large_image","twitter_misc":{"Tiempo de lectura":"5 minutes"},"schema":{"@context":"https:\/\/schema.org","@graph":[{"@type":"WebPage","@id":"https:\/\/www.carbonsamples.co\/delgado\/es\/inmigracion-familiar\/i-751\/","url":"https:\/\/www.carbonsamples.co\/delgado\/es\/inmigracion-familiar\/i-751\/","name":"I-751 Abogado en Ventura","isPartOf":{"@id":"https:\/\/www.carbonsamples.co\/delgado\/es\/#website"},"datePublished":"2023-08-11T13:48:00+00:00","dateModified":"2023-08-31T19:03:42+00:00","description":"\u00bfIntenta eliminar las condiciones de su Tarjeta Verde? Llame a nuestra firma hoy para averiguar c\u00f3mo un abogado de inmigraci\u00f3n puede guiarle a trav\u00e9s de este proceso.","breadcrumb":{"@id":"https:\/\/www.carbonsamples.co\/delgado\/es\/inmigracion-familiar\/i-751\/#breadcrumb"},"inLanguage":"es-ES","potentialAction":[{"@type":"ReadAction","target":["https:\/\/www.carbonsamples.co\/delgado\/es\/inmigracion-familiar\/i-751\/"]}]},{"@type":"BreadcrumbList","@id":"https:\/\/www.carbonsamples.co\/delgado\/es\/inmigracion-familiar\/i-751\/#breadcrumb","itemListElement":[{"@type":"ListItem","position":1,"name":"Home","item":"https:\/\/www.carbonsamples.co\/delgado\/es\/inicio\/"},{"@type":"ListItem","position":2,"name":"Inmigraci\u00f3n familiar","item":"https:\/\/www.carbonsamples.co\/delgado\/es\/inmigracion-familiar\/"},{"@type":"ListItem","position":3,"name":"Eliminaci\u00f3n de condiciones (I-751)"}]},{"@type":"WebSite","@id":"https:\/\/www.carbonsamples.co\/delgado\/es\/#website","url":"https:\/\/www.carbonsamples.co\/delgado\/es\/","name":"Delgado Avalos Law Firm, APC","description":"","publisher":{"@id":"https:\/\/www.carbonsamples.co\/delgado\/es\/#organization"},"potentialAction":[{"@type":"SearchAction","target":{"@type":"EntryPoint","urlTemplate":"https:\/\/www.carbonsamples.co\/delgado\/es\/?s={search_term_string}"},"query-input":"required name=search_term_string"}],"inLanguage":"es-ES"},{"@type":"Organization","@id":"https:\/\/www.carbonsamples.co\/delgado\/es\/#organization","name":"Delgado Avalos Law Firm, APC","url":"https:\/\/www.carbonsamples.co\/delgado\/es\/","logo":{"@type":"ImageObject","inLanguage":"es-ES","@id":"https:\/\/www.carbonsamples.co\/delgado\/es\/#\/schema\/logo\/image\/","url":"https:\/\/www.carbonsamples.co\/delgado\/wp-content\/uploads\/2023\/08\/Delgado_avalos_logo_V-1.webp","contentUrl":"https:\/\/www.carbonsamples.co\/delgado\/wp-content\/uploads\/2023\/08\/Delgado_avalos_logo_V-1.webp","width":522,"height":367,"caption":"Delgado Avalos Law Firm, APC"},"image":{"@id":"https:\/\/www.carbonsamples.co\/delgado\/es\/#\/schema\/logo\/image\/"}}]}},"uagb_featured_image_src":{"full":["https:\/\/www.carbonsamples.co\/delgado\/wp-content\/uploads\/2023\/08\/blog_se.png",607,371,false],"thumbnail":["https:\/\/www.carbonsamples.co\/delgado\/wp-content\/uploads\/2023\/08\/blog_se-150x150.png",150,150,true],"medium":["https:\/\/www.carbonsamples.co\/delgado\/wp-content\/uploads\/2023\/08\/blog_se-300x183.png",300,183,true],"medium_large":["https:\/\/www.carbonsamples.co\/delgado\/wp-content\/uploads\/2023\/08\/blog_se.png",607,371,false],"large":["https:\/\/www.carbonsamples.co\/delgado\/wp-content\/uploads\/2023\/08\/blog_se.png",607,371,false],"ttshowcase_normal":["https:\/\/www.carbonsamples.co\/delgado\/wp-content\/uploads\/2023\/08\/blog_se-125x76.png",125,76,true],"ttshowcase_small":["https:\/\/www.carbonsamples.co\/delgado\/wp-content\/uploads\/2023\/08\/blog_se-75x46.png",75,46,true],"1536x1536":["https:\/\/www.carbonsamples.co\/delgado\/wp-content\/uploads\/2023\/08\/blog_se.png",607,371,false],"2048x2048":["https:\/\/www.carbonsamples.co\/delgado\/wp-content\/uploads\/2023\/08\/blog_se.png",607,371,false]},"uagb_author_info":{"display_name":"Delgado Avalos Law Firm, APC","author_link":"https:\/\/www.carbonsamples.co\/delgado\/es\/author\/erakhilesh\/"},"uagb_comment_info":0,"uagb_excerpt":"UNA ABOGADA ESPECIALIZADA EN EL FORMULARIO I-751 AYUDA A LOS RESIDENTES LEGALES A ELIMINAR LAS CONDICIONES DE SUS TARJETAS VERDES La Tarjeta Verde le confiere el estatuto de residente legal en Estados Unidos. La mayor\u00eda de las Tarjetas Verdes tienen una validez de 10 a\u00f1os y se consideran permanentes. Sin embargo, si obtuvo su Tarjeta&hellip;","_links":{"self":[{"href":"https:\/\/www.carbonsamples.co\/delgado\/es\/wp-json\/wp\/v2\/pages\/9217"}],"collection":[{"href":"https:\/\/www.carbonsamples.co\/delgado\/es\/wp-json\/wp\/v2\/pages"}],"about":[{"href":"https:\/\/www.carbonsamples.co\/delgado\/es\/wp-json\/wp\/v2\/types\/page"}],"author":[{"embeddable":true,"href":"https:\/\/www.carbonsamples.co\/delgado\/es\/wp-json\/wp\/v2\/users\/21"}],"replies":[{"embeddable":true,"href":"https:\/\/www.carbonsamples.co\/delgado\/es\/wp-json\/wp\/v2\/comments?post=9217"}],"version-history":[{"count":5,"href":"https:\/\/www.carbonsamples.co\/delgado\/es\/wp-json\/wp\/v2\/pages\/9217\/revisions"}],"predecessor-version":[{"id":9510,"href":"https:\/\/www.carbonsamples.co\/delgado\/es\/wp-json\/wp\/v2\/pages\/9217\/revisions\/9510"}],"up":[{"embeddable":true,"href":"https:\/\/www.carbonsamples.co\/delgado\/es\/wp-json\/wp\/v2\/pages\/9204"}],"wp:featuredmedia":[{"embeddable":true,"href":"https:\/\/www.carbonsamples.co\/delgado\/es\/wp-json\/wp\/v2\/media\/8545"}],"wp:attachment":[{"href":"https:\/\/www.carbonsamples.co\/delgado\/es\/wp-json\/wp\/v2\/media?parent=9217"}],"curies":[{"name":"wp","href":"https:\/\/api.w.org\/{rel}","templated":true}]}}