{"id":9235,"date":"2023-08-11T14:01:49","date_gmt":"2023-08-11T14:01:49","guid":{"rendered":"https:\/\/www.carbonsamples.co\/delgado\/recursos-de-inmigracion\/notificacion-y-traslado-i-290b\/"},"modified":"2023-09-03T22:51:27","modified_gmt":"2023-09-03T22:51:27","slug":"notificacion-y-traslado-i-290b","status":"publish","type":"page","link":"https:\/\/www.carbonsamples.co\/delgado\/es\/recursos-de-inmigracion\/notificacion-y-traslado-i-290b\/","title":{"rendered":"Notificaci\u00f3n y traslado (I-290B)"},"content":{"rendered":"<h1>ABOGADA QUE ASISTE A CLIENTES EN DETERMINAR CU\u00c1NDO PRESENTAR UNA APELACI\u00d3N O UNA MOCI\u00d3N EN CASOS DE INMIGRACI\u00d3N MEDIANTE EL FORMULARIO I-290B<\/h1>\n<p>Cuando se trata de solicitudes de inmigraci\u00f3n y visas, lo mejor ser\u00eda que su solicitud fuera revisada y aprobada sin problemas. Sin embargo, en muchas ocasiones esto no ocurre. Puede surgir situaciones en las que la autoridad evaluadora solicite m\u00e1s aclaraciones, documentaci\u00f3n adicional o, peor a\u00fan, decida rechazar su solicitud de manera directa. Ante tales desaf\u00edos, una opci\u00f3n es presentar una notificaci\u00f3n de apelaci\u00f3n o una moci\u00f3n, a trav\u00e9s del formulario I-290B.   <\/p>\n<p>Si est\u00e1 enfrentando un asunto de inmigraci\u00f3n o est\u00e1 considerando apelar una decisi\u00f3n de inmigraci\u00f3n, le recomendamos comunicarse con Delgado Avalos Law Firm. Nuestro compromiso radica en asegurar que comprenda todas sus opciones mientras le brindamos apoyo para navegar hacia un estatus legal o un cambio de estatus en los Estados Unidos. <\/p>\n<h2>\u00bfQu\u00e9 es el formulario I-290B?<\/h2>\n<p>El formulario I-290B, conocido como &#8220;Notificaci\u00f3n de Apelaci\u00f3n o Moci\u00f3n&#8221;, es requerido si desea apelar una decisi\u00f3n de inmigraci\u00f3n o necesita presentar una moci\u00f3n para una audiencia u otra acci\u00f3n en su caso. Puede usar este formulario para presentar una notificaci\u00f3n ante la Oficina Administrativa de Apelaciones o una moci\u00f3n ante la oficina de Servicios de Ciudadan\u00eda e Inmigraci\u00f3n de Estados Unidos. <\/p>\n<p>Antes de presentar un formulario I-290B, es recomendable consultar con un abogado de inmigraci\u00f3n para asegurarse de que tiene motivos para apelar o de que est\u00e1 autorizado a presentar una moci\u00f3n. En muchos casos, contar con la revisi\u00f3n de un abogado antes de presentar puede ser beneficioso, as\u00ed como tener representaci\u00f3n legal en las audiencias de inmigraci\u00f3n. <\/p>\n<h2>\u00bfCu\u00e1ndo utilizar el formulario I-290B?<\/h2>\n<p>El formulario I-290B suele usarse en los siguientes casos:<\/p>\n<ul>\n<li>Cuando una oficina de Servicios de Ciudadan\u00eda e Inmigraci\u00f3n de Estados Unidos toma una decisi\u00f3n en su caso con la que no est\u00e1 de acuerdo y desea presentar una moci\u00f3n para una audiencia o una apelaci\u00f3n ante dicha oficina.<\/li>\n<li>Cuando desea presentar un recurso ante la Oficina Administrativa de Recursos (AAO).<\/li>\n<li>Cuando el Servicio de Inmigraci\u00f3n y Control de Aduanas le niega una solicitud de autorizaci\u00f3n para que un estudiante no inmigrante asista a la escuela y desea apelar la decisi\u00f3n.<\/li>\n<\/ul>\n<p>Es fundamental asegurarse de que la presentaci\u00f3n del formulario I-290B sea la opci\u00f3n adecuada para su situaci\u00f3n espec\u00edfica, ya que existen diferentes formularios de apelaci\u00f3n para distintas circunstancias. Si tiene dudas acerca de qu\u00e9 formulario usar o si puede apelar una decisi\u00f3n, le recomendamos que se comunique con un abogado de inmigraci\u00f3n para recibir orientaci\u00f3n.<\/p>\n<h2>\u00bfNECESITO UN FORMULARIO I-290B DIFERENTE PARA CADA MOCI\u00d3N?<\/h2>\n<p>Frecuentemente surge la pregunta de si se pueden unificar varias peticiones o recursos en un solo formulario I-290B. Lamentablemente, esto no es posible. El Servicio de Ciudadan\u00eda e Inmigraci\u00f3n de Estados Unidos requiere la presentaci\u00f3n por separado de cada moci\u00f3n o recurso a trav\u00e9s de un formulario I-290B individual. Adem\u00e1s, cada presentaci\u00f3n conlleva un pago de tarifa. Contar con los servicios de un abogado de inmigraci\u00f3n experimentado en apelaciones puede ayudar a guiar el proceso de presentar m\u00faltiples apelaciones o mociones, asegurando el cumplimiento de los requisitos.    <\/p>\n<h2>\u00bfQui\u00e9n no puede presentar el formulario I-290B?<\/h2>\n<p>Al presentar el formulario I-290B, es importante entender que solo el solicitante puede presentar la notificaci\u00f3n. Esto significa que su abogado no puede presentarla en su nombre. Sin embargo, un abogado experto puede asesorarlo para asegurarse de que el formulario est\u00e9 completo y de que se hayan incluido todos los detalles relevantes.  <\/p>\n<p>Situaciones en las que no puede presentar el formulario I-290B incluyen:<\/p>\n<ul>\n<li>Presentar un recurso ante la Junta de Apelaciones de Inmigraci\u00f3n. Los recursos ante esta entidad deben presentarse a trav\u00e9s del formulario EOIR-29.<\/li>\n<li>Presentar un recurso por la denegaci\u00f3n de una embajada o consulado de Estados Unidos en el extranjero o del Departamento de Estado.<\/li>\n<li>Presentar un recurso para una solicitud de Trabajador Agr\u00edcola Especial o de Legalizaci\u00f3n. Este tipo de recurso requiere el formulario I-694.<\/li>\n<\/ul>\n<h2>\u00bfCU\u00c1L ES EL PLAZO PARA PRESENTAR UN RECURSO O UNA MOCI\u00d3N?<\/h2>\n<p>Existen plazos espec\u00edficos para presentar un recurso o una moci\u00f3n, con el objetivo de asegurar que los casos se tramiten y resuelvan en tiempo y forma. Por lo general, tiene un plazo de 30 d\u00edas naturales a partir de la notificaci\u00f3n electr\u00f3nica, o 33 d\u00edas naturales desde la notificaci\u00f3n por correo, para presentar un recurso o una moci\u00f3n.  Es importante destacar que este plazo comienza a partir de la fecha de notificaci\u00f3n, que refleja la fecha de env\u00edo por la oficina de inmigraci\u00f3n, no la fecha de recepci\u00f3n. Consulte la documentaci\u00f3n o el sobre para determinar la fecha de env\u00edo. <\/p>\n<h2>\u00bfC\u00d3MO PUEDE AYUDARME UN ABOGADO DE INMIGRACI\u00d3N?<\/h2>\n<p>Los tr\u00e1mites de inmigraci\u00f3n y visas son complejos. Un abogado de inmigraci\u00f3n puede ser una valiosa fuente de ayuda para asegurarse de que tiene informaci\u00f3n legal precisa y para determinar cu\u00e1les deben ser sus siguientes pasos.<\/p>\n<p>Si su solicitud de inmigraci\u00f3n enfrenta un rev\u00e9s en forma de denegaci\u00f3n, considerar la posibilidad de presentar un recurso o una moci\u00f3n puede ser su siguiente paso. Delgado Avalos Law Firm es su aliado en la comprensi\u00f3n de este proceso intrincado, gui\u00e1ndolo a trav\u00e9s de la apelaci\u00f3n y las audiencias. Aunque estamos ubicados en Ventura (California), nuestros servicios se extienden a lo largo de Estados Unidos.  Llame <a href=\"tel:805-793-0647\">al 805-793-0647<\/a> para hablar con uno de los miembros de nuestro equipo hoy mismo.<\/p>\n","protected":false},"excerpt":{"rendered":"<p>ABOGADA QUE ASISTE A CLIENTES EN DETERMINAR CU\u00c1NDO PRESENTAR UNA APELACI\u00d3N O UNA MOCI\u00d3N EN CASOS DE INMIGRACI\u00d3N MEDIANTE EL FORMULARIO I-290B Cuando se trata de solicitudes de inmigraci\u00f3n y visas, lo mejor ser\u00eda que su solicitud fuera revisada y aprobada sin problemas. Sin embargo, en muchas ocasiones esto no ocurre. Puede surgir situaciones en &hellip;<\/p>\n<p class=\"read-more\"> <a class=\"\" href=\"https:\/\/www.carbonsamples.co\/delgado\/es\/recursos-de-inmigracion\/notificacion-y-traslado-i-290b\/\"> <span class=\"screen-reader-text\">Notificaci\u00f3n y traslado (I-290B)<\/span> Leer m\u00e1s &raquo;<\/a><\/p>\n","protected":false},"author":21,"featured_media":8545,"parent":9208,"menu_order":0,"comment_status":"closed","ping_status":"closed","template":"","meta":{"_uag_custom_page_level_css":"","site-sidebar-layout":"default","site-content-layout":"default","ast-site-content-layout":"","site-content-style":"default","site-sidebar-style":"default","ast-global-header-display":"","ast-banner-title-visibility":"","ast-main-header-display":"","ast-hfb-above-header-display":"","ast-hfb-below-header-display":"","ast-hfb-mobile-header-display":"","site-post-title":"","ast-breadcrumbs-content":"","ast-featured-img":"","footer-sml-layout":"","theme-transparent-header-meta":"default","adv-header-id-meta":"","stick-header-meta":"","header-above-stick-meta":"","header-main-stick-meta":"","header-below-stick-meta":"","astra-migrate-meta-layouts":"","footnotes":""},"yoast_head":"<!-- This site is optimized with the Yoast SEO plugin v21.5 - https:\/\/yoast.com\/wordpress\/plugins\/seo\/ -->\n<title>I-290B Abogado en Ventura<\/title>\n<meta name=\"description\" content=\"\u00bfNecesita presentar un escrito de recurso o una moci\u00f3n en un caso de inmigraci\u00f3n? Averig\u00fce qu\u00e9 formulario utilizar y c\u00f3mo asegurarse de que se cumplimenta y archiva correctamente.\" \/>\n<meta name=\"robots\" content=\"noindex, follow, max-snippet:-1, max-image-preview:large, max-video-preview:-1\" \/>\n<meta property=\"og:locale\" content=\"es_ES\" \/>\n<meta property=\"og:type\" content=\"article\" \/>\n<meta property=\"og:title\" content=\"I-290B Abogado en Ventura\" \/>\n<meta property=\"og:description\" content=\"\u00bfNecesita presentar un escrito de recurso o una moci\u00f3n en un caso de inmigraci\u00f3n? Averig\u00fce qu\u00e9 formulario utilizar y c\u00f3mo asegurarse de que se cumplimenta y archiva correctamente.\" \/>\n<meta property=\"og:url\" content=\"https:\/\/www.carbonsamples.co\/delgado\/es\/recursos-de-inmigracion\/notificacion-y-traslado-i-290b\/\" \/>\n<meta property=\"og:site_name\" content=\"Delgado Avalos Law Firm, APC\" \/>\n<meta property=\"article:modified_time\" content=\"2023-09-03T22:51:27+00:00\" \/>\n<meta property=\"og:image\" content=\"https:\/\/www.carbonsamples.co\/delgado\/wp-content\/uploads\/2023\/08\/blog_se.png\" \/>\n\t<meta property=\"og:image:width\" content=\"607\" \/>\n\t<meta property=\"og:image:height\" content=\"371\" \/>\n\t<meta property=\"og:image:type\" content=\"image\/png\" \/>\n<meta name=\"twitter:card\" content=\"summary_large_image\" \/>\n<meta name=\"twitter:label1\" content=\"Tiempo de lectura\" \/>\n\t<meta name=\"twitter:data1\" content=\"5 minutes\" \/>\n<script type=\"application\/ld+json\" class=\"yoast-schema-graph\">{\"@context\":\"https:\/\/schema.org\",\"@graph\":[{\"@type\":\"WebPage\",\"@id\":\"https:\/\/www.carbonsamples.co\/delgado\/es\/recursos-de-inmigracion\/notificacion-y-traslado-i-290b\/\",\"url\":\"https:\/\/www.carbonsamples.co\/delgado\/es\/recursos-de-inmigracion\/notificacion-y-traslado-i-290b\/\",\"name\":\"I-290B Abogado en Ventura\",\"isPartOf\":{\"@id\":\"https:\/\/www.carbonsamples.co\/delgado\/es\/#website\"},\"datePublished\":\"2023-08-11T14:01:49+00:00\",\"dateModified\":\"2023-09-03T22:51:27+00:00\",\"description\":\"\u00bfNecesita presentar un escrito de recurso o una moci\u00f3n en un caso de inmigraci\u00f3n? Averig\u00fce qu\u00e9 formulario utilizar y c\u00f3mo asegurarse de que se cumplimenta y archiva correctamente.\",\"breadcrumb\":{\"@id\":\"https:\/\/www.carbonsamples.co\/delgado\/es\/recursos-de-inmigracion\/notificacion-y-traslado-i-290b\/#breadcrumb\"},\"inLanguage\":\"es-ES\",\"potentialAction\":[{\"@type\":\"ReadAction\",\"target\":[\"https:\/\/www.carbonsamples.co\/delgado\/es\/recursos-de-inmigracion\/notificacion-y-traslado-i-290b\/\"]}]},{\"@type\":\"BreadcrumbList\",\"@id\":\"https:\/\/www.carbonsamples.co\/delgado\/es\/recursos-de-inmigracion\/notificacion-y-traslado-i-290b\/#breadcrumb\",\"itemListElement\":[{\"@type\":\"ListItem\",\"position\":1,\"name\":\"Home\",\"item\":\"https:\/\/www.carbonsamples.co\/delgado\/es\/inicio\/\"},{\"@type\":\"ListItem\",\"position\":2,\"name\":\"Recursos de inmigraci\u00f3n\",\"item\":\"https:\/\/www.carbonsamples.co\/delgado\/es\/?page_id=9208\"},{\"@type\":\"ListItem\",\"position\":3,\"name\":\"Notificaci\u00f3n y traslado (I-290B)\"}]},{\"@type\":\"WebSite\",\"@id\":\"https:\/\/www.carbonsamples.co\/delgado\/es\/#website\",\"url\":\"https:\/\/www.carbonsamples.co\/delgado\/es\/\",\"name\":\"Delgado Avalos Law Firm, APC\",\"description\":\"\",\"publisher\":{\"@id\":\"https:\/\/www.carbonsamples.co\/delgado\/es\/#organization\"},\"potentialAction\":[{\"@type\":\"SearchAction\",\"target\":{\"@type\":\"EntryPoint\",\"urlTemplate\":\"https:\/\/www.carbonsamples.co\/delgado\/es\/?s={search_term_string}\"},\"query-input\":\"required name=search_term_string\"}],\"inLanguage\":\"es-ES\"},{\"@type\":\"Organization\",\"@id\":\"https:\/\/www.carbonsamples.co\/delgado\/es\/#organization\",\"name\":\"Delgado Avalos Law Firm, APC\",\"url\":\"https:\/\/www.carbonsamples.co\/delgado\/es\/\",\"logo\":{\"@type\":\"ImageObject\",\"inLanguage\":\"es-ES\",\"@id\":\"https:\/\/www.carbonsamples.co\/delgado\/es\/#\/schema\/logo\/image\/\",\"url\":\"https:\/\/www.carbonsamples.co\/delgado\/wp-content\/uploads\/2023\/08\/Delgado_avalos_logo_V-1.webp\",\"contentUrl\":\"https:\/\/www.carbonsamples.co\/delgado\/wp-content\/uploads\/2023\/08\/Delgado_avalos_logo_V-1.webp\",\"width\":522,\"height\":367,\"caption\":\"Delgado Avalos Law Firm, APC\"},\"image\":{\"@id\":\"https:\/\/www.carbonsamples.co\/delgado\/es\/#\/schema\/logo\/image\/\"}}]}<\/script>\n<!-- \/ Yoast SEO plugin. -->","yoast_head_json":{"title":"I-290B Abogado en Ventura","description":"\u00bfNecesita presentar un escrito de recurso o una moci\u00f3n en un caso de inmigraci\u00f3n? Averig\u00fce qu\u00e9 formulario utilizar y c\u00f3mo asegurarse de que se cumplimenta y archiva correctamente.","robots":{"index":"noindex","follow":"follow","max-snippet":"max-snippet:-1","max-image-preview":"max-image-preview:large","max-video-preview":"max-video-preview:-1"},"og_locale":"es_ES","og_type":"article","og_title":"I-290B Abogado en Ventura","og_description":"\u00bfNecesita presentar un escrito de recurso o una moci\u00f3n en un caso de inmigraci\u00f3n? Averig\u00fce qu\u00e9 formulario utilizar y c\u00f3mo asegurarse de que se cumplimenta y archiva correctamente.","og_url":"https:\/\/www.carbonsamples.co\/delgado\/es\/recursos-de-inmigracion\/notificacion-y-traslado-i-290b\/","og_site_name":"Delgado Avalos Law Firm, APC","article_modified_time":"2023-09-03T22:51:27+00:00","og_image":[{"width":607,"height":371,"url":"https:\/\/www.carbonsamples.co\/delgado\/wp-content\/uploads\/2023\/08\/blog_se.png","type":"image\/png"}],"twitter_card":"summary_large_image","twitter_misc":{"Tiempo de lectura":"5 minutes"},"schema":{"@context":"https:\/\/schema.org","@graph":[{"@type":"WebPage","@id":"https:\/\/www.carbonsamples.co\/delgado\/es\/recursos-de-inmigracion\/notificacion-y-traslado-i-290b\/","url":"https:\/\/www.carbonsamples.co\/delgado\/es\/recursos-de-inmigracion\/notificacion-y-traslado-i-290b\/","name":"I-290B Abogado en Ventura","isPartOf":{"@id":"https:\/\/www.carbonsamples.co\/delgado\/es\/#website"},"datePublished":"2023-08-11T14:01:49+00:00","dateModified":"2023-09-03T22:51:27+00:00","description":"\u00bfNecesita presentar un escrito de recurso o una moci\u00f3n en un caso de inmigraci\u00f3n? Averig\u00fce qu\u00e9 formulario utilizar y c\u00f3mo asegurarse de que se cumplimenta y archiva correctamente.","breadcrumb":{"@id":"https:\/\/www.carbonsamples.co\/delgado\/es\/recursos-de-inmigracion\/notificacion-y-traslado-i-290b\/#breadcrumb"},"inLanguage":"es-ES","potentialAction":[{"@type":"ReadAction","target":["https:\/\/www.carbonsamples.co\/delgado\/es\/recursos-de-inmigracion\/notificacion-y-traslado-i-290b\/"]}]},{"@type":"BreadcrumbList","@id":"https:\/\/www.carbonsamples.co\/delgado\/es\/recursos-de-inmigracion\/notificacion-y-traslado-i-290b\/#breadcrumb","itemListElement":[{"@type":"ListItem","position":1,"name":"Home","item":"https:\/\/www.carbonsamples.co\/delgado\/es\/inicio\/"},{"@type":"ListItem","position":2,"name":"Recursos de inmigraci\u00f3n","item":"https:\/\/www.carbonsamples.co\/delgado\/es\/?page_id=9208"},{"@type":"ListItem","position":3,"name":"Notificaci\u00f3n y traslado (I-290B)"}]},{"@type":"WebSite","@id":"https:\/\/www.carbonsamples.co\/delgado\/es\/#website","url":"https:\/\/www.carbonsamples.co\/delgado\/es\/","name":"Delgado Avalos Law Firm, APC","description":"","publisher":{"@id":"https:\/\/www.carbonsamples.co\/delgado\/es\/#organization"},"potentialAction":[{"@type":"SearchAction","target":{"@type":"EntryPoint","urlTemplate":"https:\/\/www.carbonsamples.co\/delgado\/es\/?s={search_term_string}"},"query-input":"required name=search_term_string"}],"inLanguage":"es-ES"},{"@type":"Organization","@id":"https:\/\/www.carbonsamples.co\/delgado\/es\/#organization","name":"Delgado Avalos Law Firm, APC","url":"https:\/\/www.carbonsamples.co\/delgado\/es\/","logo":{"@type":"ImageObject","inLanguage":"es-ES","@id":"https:\/\/www.carbonsamples.co\/delgado\/es\/#\/schema\/logo\/image\/","url":"https:\/\/www.carbonsamples.co\/delgado\/wp-content\/uploads\/2023\/08\/Delgado_avalos_logo_V-1.webp","contentUrl":"https:\/\/www.carbonsamples.co\/delgado\/wp-content\/uploads\/2023\/08\/Delgado_avalos_logo_V-1.webp","width":522,"height":367,"caption":"Delgado Avalos Law Firm, APC"},"image":{"@id":"https:\/\/www.carbonsamples.co\/delgado\/es\/#\/schema\/logo\/image\/"}}]}},"uagb_featured_image_src":{"full":["https:\/\/www.carbonsamples.co\/delgado\/wp-content\/uploads\/2023\/08\/blog_se.png",607,371,false],"thumbnail":["https:\/\/www.carbonsamples.co\/delgado\/wp-content\/uploads\/2023\/08\/blog_se-150x150.png",150,150,true],"medium":["https:\/\/www.carbonsamples.co\/delgado\/wp-content\/uploads\/2023\/08\/blog_se-300x183.png",300,183,true],"medium_large":["https:\/\/www.carbonsamples.co\/delgado\/wp-content\/uploads\/2023\/08\/blog_se.png",607,371,false],"large":["https:\/\/www.carbonsamples.co\/delgado\/wp-content\/uploads\/2023\/08\/blog_se.png",607,371,false],"ttshowcase_normal":["https:\/\/www.carbonsamples.co\/delgado\/wp-content\/uploads\/2023\/08\/blog_se-125x76.png",125,76,true],"ttshowcase_small":["https:\/\/www.carbonsamples.co\/delgado\/wp-content\/uploads\/2023\/08\/blog_se-75x46.png",75,46,true],"1536x1536":["https:\/\/www.carbonsamples.co\/delgado\/wp-content\/uploads\/2023\/08\/blog_se.png",607,371,false],"2048x2048":["https:\/\/www.carbonsamples.co\/delgado\/wp-content\/uploads\/2023\/08\/blog_se.png",607,371,false]},"uagb_author_info":{"display_name":"Delgado Avalos Law Firm, APC","author_link":"https:\/\/www.carbonsamples.co\/delgado\/es\/author\/erakhilesh\/"},"uagb_comment_info":0,"uagb_excerpt":"ABOGADA QUE ASISTE A CLIENTES EN DETERMINAR CU\u00c1NDO PRESENTAR UNA APELACI\u00d3N O UNA MOCI\u00d3N EN CASOS DE INMIGRACI\u00d3N MEDIANTE EL FORMULARIO I-290B Cuando se trata de solicitudes de inmigraci\u00f3n y visas, lo mejor ser\u00eda que su solicitud fuera revisada y aprobada sin problemas. Sin embargo, en muchas ocasiones esto no ocurre. Puede surgir situaciones en&hellip;","_links":{"self":[{"href":"https:\/\/www.carbonsamples.co\/delgado\/es\/wp-json\/wp\/v2\/pages\/9235"}],"collection":[{"href":"https:\/\/www.carbonsamples.co\/delgado\/es\/wp-json\/wp\/v2\/pages"}],"about":[{"href":"https:\/\/www.carbonsamples.co\/delgado\/es\/wp-json\/wp\/v2\/types\/page"}],"author":[{"embeddable":true,"href":"https:\/\/www.carbonsamples.co\/delgado\/es\/wp-json\/wp\/v2\/users\/21"}],"replies":[{"embeddable":true,"href":"https:\/\/www.carbonsamples.co\/delgado\/es\/wp-json\/wp\/v2\/comments?post=9235"}],"version-history":[{"count":4,"href":"https:\/\/www.carbonsamples.co\/delgado\/es\/wp-json\/wp\/v2\/pages\/9235\/revisions"}],"predecessor-version":[{"id":9536,"href":"https:\/\/www.carbonsamples.co\/delgado\/es\/wp-json\/wp\/v2\/pages\/9235\/revisions\/9536"}],"up":[{"embeddable":true,"href":"https:\/\/www.carbonsamples.co\/delgado\/es\/wp-json\/wp\/v2\/pages\/9208"}],"wp:featuredmedia":[{"embeddable":true,"href":"https:\/\/www.carbonsamples.co\/delgado\/es\/wp-json\/wp\/v2\/media\/8545"}],"wp:attachment":[{"href":"https:\/\/www.carbonsamples.co\/delgado\/es\/wp-json\/wp\/v2\/media?parent=9235"}],"curies":[{"name":"wp","href":"https:\/\/api.w.org\/{rel}","templated":true}]}}