{"id":9244,"date":"2023-08-11T13:46:08","date_gmt":"2023-08-11T13:46:08","guid":{"rendered":"https:\/\/www.carbonsamples.co\/delgado\/visados-humanitarios\/t-visas\/"},"modified":"2023-09-03T23:54:28","modified_gmt":"2023-09-03T23:54:28","slug":"visas-t","status":"publish","type":"page","link":"https:\/\/www.carbonsamples.co\/delgado\/es\/visados-humanitarios\/visas-t\/","title":{"rendered":"T-visas"},"content":{"rendered":"<h1>UNA ABOGADA EXPERTA EN VISAS OFRECE ASISTENCIA A LAS V\u00cdCTIMAS DE TR\u00c1FICO DE PERSONAS PARA REGULARIZAR SU ESTATUS LEGAL EN LOS ESTADOS UNIDOS<\/h1>\n<p>Recuperarse del trauma de la trata de personas puede ser un proceso desafiante, pero existen formas de reconstruir la vida. A trav\u00e9s de la visa T, las v\u00edctimas tienen la posibilidad de obtener un estatus legal, acceder a nuevas oportunidades y, posiblemente, abrir camino hacia la residencia permanente. Si busca orientaci\u00f3n y desea determinar si la visa T es una alternativa viable en su caso, le invitamos a contactar hoy mismo a Delgado Avalos Law Firm. No dude en comunicarse con Delgado Avalos Law Firm para descubrir si la visa T podr\u00eda ser una opci\u00f3n adecuada para usted.  <\/p>\n<p>Llame a Delgado Avalos Law Firm para averiguar si un visa T podr\u00eda ser una opci\u00f3n para usted.<\/p>\n<h2>\u00bfPara qu\u00e9 sirve la visa T?<\/h2>\n<p>Introducida en el a\u00f1o 2000 en virtud de la Ley de Protecci\u00f3n de las V\u00edctimas de la Trata y la Violencia, la visa T es una categor\u00eda de visa de no inmigrante destinada a las v\u00edctimas de la trata de seres humanos. Se aplica a diversas formas de servidumbre forzada, incluyendo la trata laboral y sexual. <\/p>\n<p>La visa T permite a las v\u00edctimas permanecer temporalmente en Estados Unidos, protegi\u00e9ndolas de la deportaci\u00f3n mientras colaboran con las autoridades en la investigaci\u00f3n de estos delitos. Al proporcionar informaci\u00f3n valiosa, las v\u00edctimas contribuyen a perseguir a los traficantes y combatir la trata de seres humanos, un delito que las autoridades estadounidenses toman muy en serio. Ya sea que el tr\u00e1fico haya ocurrido recientemente o hace varios a\u00f1os, si usted cuenta con informaci\u00f3n pertinente, la visa T podr\u00eda ser una opci\u00f3n para usted.  <\/p>\n<h2>\u00bfQUI\u00c9NES SON ELEGIBLES PARA SOLICITAR LA VISA T?<\/h2>\n<p>El principal criterio de elegibilidad para un visa T es la condici\u00f3n de v\u00edctima resultante de la trata de seres humanos, que abarca tanto la trata laboral como la sexual. Tambi\u00e9n es esencial cumplir otros requisitos. Para solicitar un visa T, debe estar presente en Estados Unidos, la Commonwealth de las Islas Marianas del Norte, Samoa Americana o un puerto de entrada de Estados Unidos.<\/p>\n<p>Adem\u00e1s, debe demostrar que coopera con las fuerzas de seguridad y que se compromete a ayudarles en sus investigaciones y en el procesamiento de los traficantes. La admisibilidad en Estados Unidos es crucial, lo que significa carecer de antecedentes penales inhabilitantes y gozar de buena salud. En algunos casos, es posible obtener una exenci\u00f3n aunque no re\u00fana los requisitos necesarios.<\/p>\n<h2>\u00bfPUEDO INCLUIR A MIS FAMILIARES EN MI SOLICITUD?<\/h2>\n<p>El Servicio de Ciudadan\u00eda e Inmigraci\u00f3n de EE. UU. permite incluir a ciertos familiares en su solicitud de Visa T si est\u00e1n en peligro inmediato debido a su escape de la trata de personas o su colaboraci\u00f3n con las fuerzas del orden. Entre los familiares elegibles se encuentran los hermanos menores solteros, los padres y los hijos de los titulares de Visa T derivadas.  Si sus familiares no enfrentan un peligro inmediato, a\u00fan puede haber opciones para solicitarlos. Los solicitantes menores de 21 a\u00f1os pueden solicitar a su c\u00f3nyuge, padres, hermanos menores solteros e hijos solteros menores de 21 a\u00f1os. Para los solicitantes de 21 a\u00f1os o m\u00e1s, la elegibilidad se limita a c\u00f3nyuges e hijos solteros menores de 21 a\u00f1os.  <\/p>\n<h2>\u00bfNECESITO UN CERTIFICADO DE LAS FUERZAS DE SEGURIDAD?<\/h2>\n<p>Aunque no es obligatorio, un certificado de las fuerzas del orden puede fortalecer su solicitud de Visa T. Puede presentar el formulario I-914 y una declaraci\u00f3n de un agente de las fuerzas del orden que certifique su condici\u00f3n de v\u00edctima y su disposici\u00f3n a colaborar.  Sin embargo, si no cuenta con esta certificaci\u00f3n, puede proporcionar pruebas alternativas como registros judiciales, informes policiales y declaraciones juradas para respaldar su caso.<\/p>\n<h2>\u00bfES NECESARIA UNA AUTORIZACI\u00d3N DE TRABAJO?<\/h2>\n<p>Los solicitantes principales de Visa T aprobados no necesitan solicitar por separado una autorizaci\u00f3n de trabajo; se les concede autom\u00e1ticamente el derecho a trabajar. Sin embargo, los familiares elegibles deben solicitar permisos de trabajo por separado para buscar empleo legalmente en Estados Unidos. <\/p>\n<h2>\u00bfCU\u00c1NTO TIEMPO ES V\u00c1LIDA UNA VISA T?<\/h2>\n<p>Una Visa T es v\u00e1lida durante cuatro a\u00f1os a partir de la fecha de aprobaci\u00f3n, aunque no es necesario abandonar el pa\u00eds al expirar. Pueden ser posibles las pr\u00f3rrogas, e incluso podr\u00eda considerar el ajuste de estatus para obtener una Tarjeta Verde.  Generalmente, esto requiere tres a\u00f1os de presencia continua en Estados Unidos despu\u00e9s de la aprobaci\u00f3n de la Visa T, junto con otros requisitos. Si no est\u00e1 seguro de su elegibilidad para la Tarjeta Verde, le recomendamos consultar con un abogado de inmigraci\u00f3n para recibir orientaci\u00f3n. <\/p>\n<p>Si cree que cumple con los criterios para una Visa T, no tiene que navegar este proceso solo. <a href=\"https:\/\/www.carbonsamples.co\/delgado\/contact-us\/\">P\u00f3ngase en contacto con<\/a> Delgado Avalos Law Firm al <a href=\"tel:805-793-0647\">805-793-0647<\/a> para discutir su situaci\u00f3n con un experimentado miembro de nuestro equipo legal. Estamos aqu\u00ed para ayudarle a programar una consulta con un abogado de inmigraci\u00f3n y brindarle orientaci\u00f3n mientras espera el proceso de revisi\u00f3n de la Visa T. No permita que sus experiencias pasadas lo detengan; estamos comprometidos a ayudarle en su camino hacia un futuro mejor. <\/p>\n","protected":false},"excerpt":{"rendered":"<p>UNA ABOGADA EXPERTA EN VISAS OFRECE ASISTENCIA A LAS V\u00cdCTIMAS DE TR\u00c1FICO DE PERSONAS PARA REGULARIZAR SU ESTATUS LEGAL EN LOS ESTADOS UNIDOS Recuperarse del trauma de la trata de personas puede ser un proceso desafiante, pero existen formas de reconstruir la vida. A trav\u00e9s de la visa T, las v\u00edctimas tienen la posibilidad de &hellip;<\/p>\n<p class=\"read-more\"> <a class=\"\" href=\"https:\/\/www.carbonsamples.co\/delgado\/es\/visados-humanitarios\/visas-t\/\"> <span class=\"screen-reader-text\">T-visas<\/span> Leer m\u00e1s &raquo;<\/a><\/p>\n","protected":false},"author":21,"featured_media":8545,"parent":9200,"menu_order":0,"comment_status":"closed","ping_status":"closed","template":"","meta":{"_uag_custom_page_level_css":"","site-sidebar-layout":"default","site-content-layout":"default","ast-site-content-layout":"default","site-content-style":"default","site-sidebar-style":"default","ast-global-header-display":"","ast-banner-title-visibility":"","ast-main-header-display":"","ast-hfb-above-header-display":"","ast-hfb-below-header-display":"","ast-hfb-mobile-header-display":"","site-post-title":"","ast-breadcrumbs-content":"","ast-featured-img":"","footer-sml-layout":"","theme-transparent-header-meta":"default","adv-header-id-meta":"","stick-header-meta":"","header-above-stick-meta":"","header-main-stick-meta":"","header-below-stick-meta":"","astra-migrate-meta-layouts":"set","footnotes":""},"yoast_head":"<!-- This site is optimized with the Yoast SEO plugin v21.5 - https:\/\/yoast.com\/wordpress\/plugins\/seo\/ -->\n<title>Abogado de Visa T en Ventura<\/title>\n<meta name=\"description\" content=\"\u00bfHa sido v\u00edctima de la trata de seres humanos? Hable con un abogado sobre si puede optar a un visa T.\" \/>\n<meta name=\"robots\" content=\"noindex, follow, max-snippet:-1, max-image-preview:large, max-video-preview:-1\" \/>\n<meta property=\"og:locale\" content=\"es_ES\" \/>\n<meta property=\"og:type\" content=\"article\" \/>\n<meta property=\"og:title\" content=\"Abogado de Visa T en Ventura\" \/>\n<meta property=\"og:description\" content=\"\u00bfHa sido v\u00edctima de la trata de seres humanos? Hable con un abogado sobre si puede optar a un visa T.\" \/>\n<meta property=\"og:url\" content=\"https:\/\/www.carbonsamples.co\/delgado\/es\/visados-humanitarios\/visas-t\/\" \/>\n<meta property=\"og:site_name\" content=\"Delgado Avalos Law Firm, APC\" \/>\n<meta property=\"article:modified_time\" content=\"2023-09-03T23:54:28+00:00\" \/>\n<meta property=\"og:image\" content=\"https:\/\/www.carbonsamples.co\/delgado\/wp-content\/uploads\/2023\/08\/blog_se.png\" \/>\n\t<meta property=\"og:image:width\" content=\"607\" \/>\n\t<meta property=\"og:image:height\" content=\"371\" \/>\n\t<meta property=\"og:image:type\" content=\"image\/png\" \/>\n<meta name=\"twitter:card\" content=\"summary_large_image\" \/>\n<meta name=\"twitter:label1\" content=\"Tiempo de lectura\" \/>\n\t<meta name=\"twitter:data1\" content=\"4 minutes\" \/>\n<script type=\"application\/ld+json\" class=\"yoast-schema-graph\">{\"@context\":\"https:\/\/schema.org\",\"@graph\":[{\"@type\":\"WebPage\",\"@id\":\"https:\/\/www.carbonsamples.co\/delgado\/es\/visados-humanitarios\/visas-t\/\",\"url\":\"https:\/\/www.carbonsamples.co\/delgado\/es\/visados-humanitarios\/visas-t\/\",\"name\":\"Abogado de Visa T en Ventura\",\"isPartOf\":{\"@id\":\"https:\/\/www.carbonsamples.co\/delgado\/es\/#website\"},\"datePublished\":\"2023-08-11T13:46:08+00:00\",\"dateModified\":\"2023-09-03T23:54:28+00:00\",\"description\":\"\u00bfHa sido v\u00edctima de la trata de seres humanos? Hable con un abogado sobre si puede optar a un visa T.\",\"breadcrumb\":{\"@id\":\"https:\/\/www.carbonsamples.co\/delgado\/es\/visados-humanitarios\/visas-t\/#breadcrumb\"},\"inLanguage\":\"es-ES\",\"potentialAction\":[{\"@type\":\"ReadAction\",\"target\":[\"https:\/\/www.carbonsamples.co\/delgado\/es\/visados-humanitarios\/visas-t\/\"]}]},{\"@type\":\"BreadcrumbList\",\"@id\":\"https:\/\/www.carbonsamples.co\/delgado\/es\/visados-humanitarios\/visas-t\/#breadcrumb\",\"itemListElement\":[{\"@type\":\"ListItem\",\"position\":1,\"name\":\"Home\",\"item\":\"https:\/\/www.carbonsamples.co\/delgado\/es\/inicio\/\"},{\"@type\":\"ListItem\",\"position\":2,\"name\":\"Visados humanitarios\",\"item\":\"https:\/\/www.carbonsamples.co\/delgado\/es\/visados-humanitarios\/\"},{\"@type\":\"ListItem\",\"position\":3,\"name\":\"T-visas\"}]},{\"@type\":\"WebSite\",\"@id\":\"https:\/\/www.carbonsamples.co\/delgado\/es\/#website\",\"url\":\"https:\/\/www.carbonsamples.co\/delgado\/es\/\",\"name\":\"Delgado Avalos Law Firm, APC\",\"description\":\"\",\"publisher\":{\"@id\":\"https:\/\/www.carbonsamples.co\/delgado\/es\/#organization\"},\"potentialAction\":[{\"@type\":\"SearchAction\",\"target\":{\"@type\":\"EntryPoint\",\"urlTemplate\":\"https:\/\/www.carbonsamples.co\/delgado\/es\/?s={search_term_string}\"},\"query-input\":\"required name=search_term_string\"}],\"inLanguage\":\"es-ES\"},{\"@type\":\"Organization\",\"@id\":\"https:\/\/www.carbonsamples.co\/delgado\/es\/#organization\",\"name\":\"Delgado Avalos Law Firm, APC\",\"url\":\"https:\/\/www.carbonsamples.co\/delgado\/es\/\",\"logo\":{\"@type\":\"ImageObject\",\"inLanguage\":\"es-ES\",\"@id\":\"https:\/\/www.carbonsamples.co\/delgado\/es\/#\/schema\/logo\/image\/\",\"url\":\"https:\/\/www.carbonsamples.co\/delgado\/wp-content\/uploads\/2023\/08\/Delgado_avalos_logo_V-1.webp\",\"contentUrl\":\"https:\/\/www.carbonsamples.co\/delgado\/wp-content\/uploads\/2023\/08\/Delgado_avalos_logo_V-1.webp\",\"width\":522,\"height\":367,\"caption\":\"Delgado Avalos Law Firm, APC\"},\"image\":{\"@id\":\"https:\/\/www.carbonsamples.co\/delgado\/es\/#\/schema\/logo\/image\/\"}}]}<\/script>\n<!-- \/ Yoast SEO plugin. -->","yoast_head_json":{"title":"Abogado de Visa T en Ventura","description":"\u00bfHa sido v\u00edctima de la trata de seres humanos? Hable con un abogado sobre si puede optar a un visa T.","robots":{"index":"noindex","follow":"follow","max-snippet":"max-snippet:-1","max-image-preview":"max-image-preview:large","max-video-preview":"max-video-preview:-1"},"og_locale":"es_ES","og_type":"article","og_title":"Abogado de Visa T en Ventura","og_description":"\u00bfHa sido v\u00edctima de la trata de seres humanos? Hable con un abogado sobre si puede optar a un visa T.","og_url":"https:\/\/www.carbonsamples.co\/delgado\/es\/visados-humanitarios\/visas-t\/","og_site_name":"Delgado Avalos Law Firm, APC","article_modified_time":"2023-09-03T23:54:28+00:00","og_image":[{"width":607,"height":371,"url":"https:\/\/www.carbonsamples.co\/delgado\/wp-content\/uploads\/2023\/08\/blog_se.png","type":"image\/png"}],"twitter_card":"summary_large_image","twitter_misc":{"Tiempo de lectura":"4 minutes"},"schema":{"@context":"https:\/\/schema.org","@graph":[{"@type":"WebPage","@id":"https:\/\/www.carbonsamples.co\/delgado\/es\/visados-humanitarios\/visas-t\/","url":"https:\/\/www.carbonsamples.co\/delgado\/es\/visados-humanitarios\/visas-t\/","name":"Abogado de Visa T en Ventura","isPartOf":{"@id":"https:\/\/www.carbonsamples.co\/delgado\/es\/#website"},"datePublished":"2023-08-11T13:46:08+00:00","dateModified":"2023-09-03T23:54:28+00:00","description":"\u00bfHa sido v\u00edctima de la trata de seres humanos? Hable con un abogado sobre si puede optar a un visa T.","breadcrumb":{"@id":"https:\/\/www.carbonsamples.co\/delgado\/es\/visados-humanitarios\/visas-t\/#breadcrumb"},"inLanguage":"es-ES","potentialAction":[{"@type":"ReadAction","target":["https:\/\/www.carbonsamples.co\/delgado\/es\/visados-humanitarios\/visas-t\/"]}]},{"@type":"BreadcrumbList","@id":"https:\/\/www.carbonsamples.co\/delgado\/es\/visados-humanitarios\/visas-t\/#breadcrumb","itemListElement":[{"@type":"ListItem","position":1,"name":"Home","item":"https:\/\/www.carbonsamples.co\/delgado\/es\/inicio\/"},{"@type":"ListItem","position":2,"name":"Visados humanitarios","item":"https:\/\/www.carbonsamples.co\/delgado\/es\/visados-humanitarios\/"},{"@type":"ListItem","position":3,"name":"T-visas"}]},{"@type":"WebSite","@id":"https:\/\/www.carbonsamples.co\/delgado\/es\/#website","url":"https:\/\/www.carbonsamples.co\/delgado\/es\/","name":"Delgado Avalos Law Firm, APC","description":"","publisher":{"@id":"https:\/\/www.carbonsamples.co\/delgado\/es\/#organization"},"potentialAction":[{"@type":"SearchAction","target":{"@type":"EntryPoint","urlTemplate":"https:\/\/www.carbonsamples.co\/delgado\/es\/?s={search_term_string}"},"query-input":"required name=search_term_string"}],"inLanguage":"es-ES"},{"@type":"Organization","@id":"https:\/\/www.carbonsamples.co\/delgado\/es\/#organization","name":"Delgado Avalos Law Firm, APC","url":"https:\/\/www.carbonsamples.co\/delgado\/es\/","logo":{"@type":"ImageObject","inLanguage":"es-ES","@id":"https:\/\/www.carbonsamples.co\/delgado\/es\/#\/schema\/logo\/image\/","url":"https:\/\/www.carbonsamples.co\/delgado\/wp-content\/uploads\/2023\/08\/Delgado_avalos_logo_V-1.webp","contentUrl":"https:\/\/www.carbonsamples.co\/delgado\/wp-content\/uploads\/2023\/08\/Delgado_avalos_logo_V-1.webp","width":522,"height":367,"caption":"Delgado Avalos Law Firm, APC"},"image":{"@id":"https:\/\/www.carbonsamples.co\/delgado\/es\/#\/schema\/logo\/image\/"}}]}},"uagb_featured_image_src":{"full":["https:\/\/www.carbonsamples.co\/delgado\/wp-content\/uploads\/2023\/08\/blog_se.png",607,371,false],"thumbnail":["https:\/\/www.carbonsamples.co\/delgado\/wp-content\/uploads\/2023\/08\/blog_se-150x150.png",150,150,true],"medium":["https:\/\/www.carbonsamples.co\/delgado\/wp-content\/uploads\/2023\/08\/blog_se-300x183.png",300,183,true],"medium_large":["https:\/\/www.carbonsamples.co\/delgado\/wp-content\/uploads\/2023\/08\/blog_se.png",607,371,false],"large":["https:\/\/www.carbonsamples.co\/delgado\/wp-content\/uploads\/2023\/08\/blog_se.png",607,371,false],"ttshowcase_normal":["https:\/\/www.carbonsamples.co\/delgado\/wp-content\/uploads\/2023\/08\/blog_se-125x76.png",125,76,true],"ttshowcase_small":["https:\/\/www.carbonsamples.co\/delgado\/wp-content\/uploads\/2023\/08\/blog_se-75x46.png",75,46,true],"1536x1536":["https:\/\/www.carbonsamples.co\/delgado\/wp-content\/uploads\/2023\/08\/blog_se.png",607,371,false],"2048x2048":["https:\/\/www.carbonsamples.co\/delgado\/wp-content\/uploads\/2023\/08\/blog_se.png",607,371,false]},"uagb_author_info":{"display_name":"Delgado Avalos Law Firm, APC","author_link":"https:\/\/www.carbonsamples.co\/delgado\/es\/author\/erakhilesh\/"},"uagb_comment_info":0,"uagb_excerpt":"UNA ABOGADA EXPERTA EN VISAS OFRECE ASISTENCIA A LAS V\u00cdCTIMAS DE TR\u00c1FICO DE PERSONAS PARA REGULARIZAR SU ESTATUS LEGAL EN LOS ESTADOS UNIDOS Recuperarse del trauma de la trata de personas puede ser un proceso desafiante, pero existen formas de reconstruir la vida. A trav\u00e9s de la visa T, las v\u00edctimas tienen la posibilidad de&hellip;","_links":{"self":[{"href":"https:\/\/www.carbonsamples.co\/delgado\/es\/wp-json\/wp\/v2\/pages\/9244"}],"collection":[{"href":"https:\/\/www.carbonsamples.co\/delgado\/es\/wp-json\/wp\/v2\/pages"}],"about":[{"href":"https:\/\/www.carbonsamples.co\/delgado\/es\/wp-json\/wp\/v2\/types\/page"}],"author":[{"embeddable":true,"href":"https:\/\/www.carbonsamples.co\/delgado\/es\/wp-json\/wp\/v2\/users\/21"}],"replies":[{"embeddable":true,"href":"https:\/\/www.carbonsamples.co\/delgado\/es\/wp-json\/wp\/v2\/comments?post=9244"}],"version-history":[{"count":5,"href":"https:\/\/www.carbonsamples.co\/delgado\/es\/wp-json\/wp\/v2\/pages\/9244\/revisions"}],"predecessor-version":[{"id":9542,"href":"https:\/\/www.carbonsamples.co\/delgado\/es\/wp-json\/wp\/v2\/pages\/9244\/revisions\/9542"}],"up":[{"embeddable":true,"href":"https:\/\/www.carbonsamples.co\/delgado\/es\/wp-json\/wp\/v2\/pages\/9200"}],"wp:featuredmedia":[{"embeddable":true,"href":"https:\/\/www.carbonsamples.co\/delgado\/es\/wp-json\/wp\/v2\/media\/8545"}],"wp:attachment":[{"href":"https:\/\/www.carbonsamples.co\/delgado\/es\/wp-json\/wp\/v2\/media?parent=9244"}],"curies":[{"name":"wp","href":"https:\/\/api.w.org\/{rel}","templated":true}]}}