{"id":9351,"date":"2023-08-24T13:13:27","date_gmt":"2023-08-24T13:13:27","guid":{"rendered":"https:\/\/www.carbonsamples.co\/delgado\/quienes-somos\/"},"modified":"2023-08-31T19:14:59","modified_gmt":"2023-08-31T19:14:59","slug":"quienes-somos","status":"publish","type":"page","link":"https:\/\/www.carbonsamples.co\/delgado\/es\/quienes-somos\/","title":{"rendered":"Qui\u00e9nes somos"},"content":{"rendered":"<h1>DELGADO AVALOS LAW FIRM, APC, UN BUFETE DE ABOGADOS DE INMIGRACI\u00d3N EN VENTURA, TRABAJA PARA HACER UNA DIFERENCIA PARA LOS INMIGRANTES EN AM\u00c9RICA<\/h1>\n<p>El sue\u00f1o americano, un faro de esperanza y oportunidades, atrae a los inmigrantes a Estados Unidos, prometi\u00e9ndoles una vida de libertad, prosperidad y \u00e9xito. En Delgado Avalos Law Firm, APC, creemos apasionadamente en este sue\u00f1o y nos comprometemos a convertirlo en una realidad alcanzable para usted y nuestros clientes. Dedicamos nuestros conocimientos y recursos colectivos para ayudarle a asegurar su lugar en la rica historia de inmigrantes en Estados Unidos.    Cont\u00e1ctenos hoy mismo al <a href=\"tel:805-793-0647\">805-793-0647<\/a> para comenzar.<\/p>\n<h2>\u00bfEn qu\u00e9 tipo de casos puede ayudarme Delgado Avalos Law Firm, APC?<\/h2>\n<p>En Delgado Avalos Law Firm, APC, manejamos con regularidad una amplia variedad de asuntos de inmigraci\u00f3n. Nuestra experimentada abogada, Mar\u00eda Teresa Delgado, y nuestro equipo legal est\u00e1n calificados para asistir en el proceso de obtenci\u00f3n de visas o tarjetas de residencia para el trabajo, inmigraci\u00f3n basada en la familia, VAWA y solicitudes de asilo. Estas son solo algunas de las \u00e1reas en las que podemos brindarle ayuda:  <\/p>\n<ul>\n<li>Visa U<\/li>\n<li>Peticiones VAWA<\/li>\n<li>Visa T<\/li>\n<li>Visas especiales para inmigrantes menores de edad<\/li>\n<li>Adaptaci\u00f3n del estatuto<\/li>\n<li>Peticiones familiares<\/li>\n<li>Eliminaci\u00f3n de condiciones<\/li>\n<li>DACA inicial y renovaci\u00f3n<\/li>\n<li>Naturalizaci\u00f3n<\/li>\n<li>Exenciones de inadmisibilidad<\/li>\n<li>Libertad condicional avanzada<\/li>\n<li>Mociones de servicio (I290B)<\/li>\n<li>Recursos administrativos (AAO)<\/li>\n<li>Recurso de naturalizaci\u00f3n (N336)<\/li>\n<li>Mandato<\/li>\n<\/ul>\n<h2>\u00bfQu\u00e9 experiencia tiene Mar\u00eda Teresa Delgado?<\/h2>\n<p><img decoding=\"async\" loading=\"lazy\" class=\"alignright wp-image-8667 size-full\" src=\"https:\/\/www.carbonsamples.co\/delgado\/wp-content\/uploads\/2023\/08\/attorney_team.png\" alt=\"\" width=\"449\" height=\"682\" srcset=\"https:\/\/www.carbonsamples.co\/delgado\/wp-content\/uploads\/2023\/08\/attorney_team.png 449w, https:\/\/www.carbonsamples.co\/delgado\/wp-content\/uploads\/2023\/08\/attorney_team-198x300.png 198w, https:\/\/www.carbonsamples.co\/delgado\/wp-content\/uploads\/2023\/08\/attorney_team-82x125.png 82w, https:\/\/www.carbonsamples.co\/delgado\/wp-content\/uploads\/2023\/08\/attorney_team-49x75.png 49w\" sizes=\"(max-width: 449px) 100vw, 449px\" \/><br \/>\nCon m\u00e1s de una d\u00e9cada de experiencia especializada en ayudar a inmigrantes que han sufrido traumas, Mar\u00eda Teresa Delgado tiene un profundo conocimiento de los matices y las complejidades del actual panorama de inmigraci\u00f3n. Su pasi\u00f3n es ayudar a sus clientes a construir un futuro mejor y protegerlos de posibles da\u00f1os mayores. La abogada Mar\u00eda Teresa Delgado habla espa\u00f1ol e ingl\u00e9s con fluidez, lo que le permite brindar un mejor servicio a nuestra clientela multicultural.  <\/p>\n<p>Ella se mantiene al tanto de los avances en el campo de la inmigraci\u00f3n al asistir regularmente a seminarios y participar en asociaciones de derecho de inmigraci\u00f3n. Su dedicaci\u00f3n para proteger y servir a los inmigrantes que buscan ayuda la impulsa a ir m\u00e1s all\u00e1 en cada ocasi\u00f3n. Conf\u00ede en la Abogada Maria Teresa Delgado y en Delgado Avalos Law Firm, APC, para guiarlo con gracia a trav\u00e9s de su proceso de inmigraci\u00f3n.  <\/p>\n<h2>\u00bfQu\u00e9 hace que Delgado Avalos Law Firm, APC se destaque?<\/h2>\n<p>En Delgado Avalos Law Firm, APC, sostenemos los valores singulares de integridad, compasi\u00f3n y tenacidad, ajustando nuestro enfoque para satisfacer las necesidades individuales de cada cliente. Nuestra incansable b\u00fasqueda por ayudar a usted y a nuestros clientes, y nuestro compromiso por lograr resultados, se refleja en nuestra dedicaci\u00f3n inquebrantable en cada caso. Comprendemos el profundo impacto que los asuntos de inmigraci\u00f3n tienen en la vida y en el futuro, y abogamos sin cesar por resultados positivos, luchando por sus derechos y sue\u00f1os con firmeza y determinaci\u00f3n inflexible.   Cont\u00e1ctenos ahora al <a href=\"tel:805-793-0647\">805-793-0647<\/a> para unirse a nuestra familia y avanzar en su caso de inmigraci\u00f3n familiar.<\/p>\n","protected":false},"excerpt":{"rendered":"<p>DELGADO AVALOS LAW FIRM, APC, UN BUFETE DE ABOGADOS DE INMIGRACI\u00d3N EN VENTURA, TRABAJA PARA HACER UNA DIFERENCIA PARA LOS INMIGRANTES EN AM\u00c9RICA El sue\u00f1o americano, un faro de esperanza y oportunidades, atrae a los inmigrantes a Estados Unidos, prometi\u00e9ndoles una vida de libertad, prosperidad y \u00e9xito. En Delgado Avalos Law Firm, APC, creemos apasionadamente &hellip;<\/p>\n<p class=\"read-more\"> <a class=\"\" href=\"https:\/\/www.carbonsamples.co\/delgado\/es\/quienes-somos\/\"> <span class=\"screen-reader-text\">Qui\u00e9nes somos<\/span> Leer m\u00e1s &raquo;<\/a><\/p>\n","protected":false},"author":22,"featured_media":8545,"parent":0,"menu_order":0,"comment_status":"closed","ping_status":"closed","template":"","meta":{"_uag_custom_page_level_css":"","site-sidebar-layout":"default","site-content-layout":"default","ast-site-content-layout":"","site-content-style":"default","site-sidebar-style":"default","ast-global-header-display":"","ast-banner-title-visibility":"","ast-main-header-display":"","ast-hfb-above-header-display":"","ast-hfb-below-header-display":"","ast-hfb-mobile-header-display":"","site-post-title":"","ast-breadcrumbs-content":"","ast-featured-img":"","footer-sml-layout":"","theme-transparent-header-meta":"default","adv-header-id-meta":"","stick-header-meta":"","header-above-stick-meta":"","header-main-stick-meta":"","header-below-stick-meta":"","astra-migrate-meta-layouts":"","footnotes":""},"yoast_head":"<!-- This site is optimized with the Yoast SEO plugin v21.5 - https:\/\/yoast.com\/wordpress\/plugins\/seo\/ -->\n<title>Ventura Abogado de Inmigraci\u00f3n<\/title>\n<meta name=\"description\" content=\"\u00bfBusca ayuda para un asunto de inmigraci\u00f3n? Nuestro bufete de abogados de inmigraci\u00f3n boutique est\u00e1 listo para guiarle a trav\u00e9s de una serie de asuntos de inmigraci\u00f3n.\" \/>\n<meta name=\"robots\" content=\"noindex, follow, max-snippet:-1, max-image-preview:large, max-video-preview:-1\" \/>\n<meta property=\"og:locale\" content=\"es_ES\" \/>\n<meta property=\"og:type\" content=\"article\" \/>\n<meta property=\"og:title\" content=\"Ventura Abogado de Inmigraci\u00f3n\" \/>\n<meta property=\"og:description\" content=\"\u00bfBusca ayuda para un asunto de inmigraci\u00f3n? Nuestro bufete de abogados de inmigraci\u00f3n boutique est\u00e1 listo para guiarle a trav\u00e9s de una serie de asuntos de inmigraci\u00f3n.\" \/>\n<meta property=\"og:url\" content=\"https:\/\/www.carbonsamples.co\/delgado\/es\/quienes-somos\/\" \/>\n<meta property=\"og:site_name\" content=\"Delgado Avalos Law Firm, APC\" \/>\n<meta property=\"article:modified_time\" content=\"2023-08-31T19:14:59+00:00\" \/>\n<meta property=\"og:image\" content=\"https:\/\/www.carbonsamples.co\/delgado\/wp-content\/uploads\/2023\/08\/blog_se.png\" \/>\n\t<meta property=\"og:image:width\" content=\"607\" \/>\n\t<meta property=\"og:image:height\" content=\"371\" \/>\n\t<meta property=\"og:image:type\" content=\"image\/png\" \/>\n<meta name=\"twitter:card\" content=\"summary_large_image\" \/>\n<meta name=\"twitter:label1\" content=\"Tiempo de lectura\" \/>\n\t<meta name=\"twitter:data1\" content=\"3 minutes\" \/>\n<script type=\"application\/ld+json\" class=\"yoast-schema-graph\">{\"@context\":\"https:\/\/schema.org\",\"@graph\":[{\"@type\":\"WebPage\",\"@id\":\"https:\/\/www.carbonsamples.co\/delgado\/es\/quienes-somos\/\",\"url\":\"https:\/\/www.carbonsamples.co\/delgado\/es\/quienes-somos\/\",\"name\":\"Ventura Abogado de Inmigraci\u00f3n\",\"isPartOf\":{\"@id\":\"https:\/\/www.carbonsamples.co\/delgado\/es\/#website\"},\"datePublished\":\"2023-08-24T13:13:27+00:00\",\"dateModified\":\"2023-08-31T19:14:59+00:00\",\"description\":\"\u00bfBusca ayuda para un asunto de inmigraci\u00f3n? Nuestro bufete de abogados de inmigraci\u00f3n boutique est\u00e1 listo para guiarle a trav\u00e9s de una serie de asuntos de inmigraci\u00f3n.\",\"breadcrumb\":{\"@id\":\"https:\/\/www.carbonsamples.co\/delgado\/es\/quienes-somos\/#breadcrumb\"},\"inLanguage\":\"es-ES\",\"potentialAction\":[{\"@type\":\"ReadAction\",\"target\":[\"https:\/\/www.carbonsamples.co\/delgado\/es\/quienes-somos\/\"]}]},{\"@type\":\"BreadcrumbList\",\"@id\":\"https:\/\/www.carbonsamples.co\/delgado\/es\/quienes-somos\/#breadcrumb\",\"itemListElement\":[{\"@type\":\"ListItem\",\"position\":1,\"name\":\"Home\",\"item\":\"https:\/\/www.carbonsamples.co\/delgado\/es\/inicio\/\"},{\"@type\":\"ListItem\",\"position\":2,\"name\":\"Qui\u00e9nes somos\"}]},{\"@type\":\"WebSite\",\"@id\":\"https:\/\/www.carbonsamples.co\/delgado\/es\/#website\",\"url\":\"https:\/\/www.carbonsamples.co\/delgado\/es\/\",\"name\":\"Delgado Avalos Law Firm, APC\",\"description\":\"\",\"publisher\":{\"@id\":\"https:\/\/www.carbonsamples.co\/delgado\/es\/#organization\"},\"potentialAction\":[{\"@type\":\"SearchAction\",\"target\":{\"@type\":\"EntryPoint\",\"urlTemplate\":\"https:\/\/www.carbonsamples.co\/delgado\/es\/?s={search_term_string}\"},\"query-input\":\"required name=search_term_string\"}],\"inLanguage\":\"es-ES\"},{\"@type\":\"Organization\",\"@id\":\"https:\/\/www.carbonsamples.co\/delgado\/es\/#organization\",\"name\":\"Delgado Avalos Law Firm, APC\",\"url\":\"https:\/\/www.carbonsamples.co\/delgado\/es\/\",\"logo\":{\"@type\":\"ImageObject\",\"inLanguage\":\"es-ES\",\"@id\":\"https:\/\/www.carbonsamples.co\/delgado\/es\/#\/schema\/logo\/image\/\",\"url\":\"https:\/\/www.carbonsamples.co\/delgado\/wp-content\/uploads\/2023\/08\/Delgado_avalos_logo_V-1.webp\",\"contentUrl\":\"https:\/\/www.carbonsamples.co\/delgado\/wp-content\/uploads\/2023\/08\/Delgado_avalos_logo_V-1.webp\",\"width\":522,\"height\":367,\"caption\":\"Delgado Avalos Law Firm, APC\"},\"image\":{\"@id\":\"https:\/\/www.carbonsamples.co\/delgado\/es\/#\/schema\/logo\/image\/\"}}]}<\/script>\n<!-- \/ Yoast SEO plugin. -->","yoast_head_json":{"title":"Ventura Abogado de Inmigraci\u00f3n","description":"\u00bfBusca ayuda para un asunto de inmigraci\u00f3n? Nuestro bufete de abogados de inmigraci\u00f3n boutique est\u00e1 listo para guiarle a trav\u00e9s de una serie de asuntos de inmigraci\u00f3n.","robots":{"index":"noindex","follow":"follow","max-snippet":"max-snippet:-1","max-image-preview":"max-image-preview:large","max-video-preview":"max-video-preview:-1"},"og_locale":"es_ES","og_type":"article","og_title":"Ventura Abogado de Inmigraci\u00f3n","og_description":"\u00bfBusca ayuda para un asunto de inmigraci\u00f3n? Nuestro bufete de abogados de inmigraci\u00f3n boutique est\u00e1 listo para guiarle a trav\u00e9s de una serie de asuntos de inmigraci\u00f3n.","og_url":"https:\/\/www.carbonsamples.co\/delgado\/es\/quienes-somos\/","og_site_name":"Delgado Avalos Law Firm, APC","article_modified_time":"2023-08-31T19:14:59+00:00","og_image":[{"width":607,"height":371,"url":"https:\/\/www.carbonsamples.co\/delgado\/wp-content\/uploads\/2023\/08\/blog_se.png","type":"image\/png"}],"twitter_card":"summary_large_image","twitter_misc":{"Tiempo de lectura":"3 minutes"},"schema":{"@context":"https:\/\/schema.org","@graph":[{"@type":"WebPage","@id":"https:\/\/www.carbonsamples.co\/delgado\/es\/quienes-somos\/","url":"https:\/\/www.carbonsamples.co\/delgado\/es\/quienes-somos\/","name":"Ventura Abogado de Inmigraci\u00f3n","isPartOf":{"@id":"https:\/\/www.carbonsamples.co\/delgado\/es\/#website"},"datePublished":"2023-08-24T13:13:27+00:00","dateModified":"2023-08-31T19:14:59+00:00","description":"\u00bfBusca ayuda para un asunto de inmigraci\u00f3n? Nuestro bufete de abogados de inmigraci\u00f3n boutique est\u00e1 listo para guiarle a trav\u00e9s de una serie de asuntos de inmigraci\u00f3n.","breadcrumb":{"@id":"https:\/\/www.carbonsamples.co\/delgado\/es\/quienes-somos\/#breadcrumb"},"inLanguage":"es-ES","potentialAction":[{"@type":"ReadAction","target":["https:\/\/www.carbonsamples.co\/delgado\/es\/quienes-somos\/"]}]},{"@type":"BreadcrumbList","@id":"https:\/\/www.carbonsamples.co\/delgado\/es\/quienes-somos\/#breadcrumb","itemListElement":[{"@type":"ListItem","position":1,"name":"Home","item":"https:\/\/www.carbonsamples.co\/delgado\/es\/inicio\/"},{"@type":"ListItem","position":2,"name":"Qui\u00e9nes somos"}]},{"@type":"WebSite","@id":"https:\/\/www.carbonsamples.co\/delgado\/es\/#website","url":"https:\/\/www.carbonsamples.co\/delgado\/es\/","name":"Delgado Avalos Law Firm, APC","description":"","publisher":{"@id":"https:\/\/www.carbonsamples.co\/delgado\/es\/#organization"},"potentialAction":[{"@type":"SearchAction","target":{"@type":"EntryPoint","urlTemplate":"https:\/\/www.carbonsamples.co\/delgado\/es\/?s={search_term_string}"},"query-input":"required name=search_term_string"}],"inLanguage":"es-ES"},{"@type":"Organization","@id":"https:\/\/www.carbonsamples.co\/delgado\/es\/#organization","name":"Delgado Avalos Law Firm, APC","url":"https:\/\/www.carbonsamples.co\/delgado\/es\/","logo":{"@type":"ImageObject","inLanguage":"es-ES","@id":"https:\/\/www.carbonsamples.co\/delgado\/es\/#\/schema\/logo\/image\/","url":"https:\/\/www.carbonsamples.co\/delgado\/wp-content\/uploads\/2023\/08\/Delgado_avalos_logo_V-1.webp","contentUrl":"https:\/\/www.carbonsamples.co\/delgado\/wp-content\/uploads\/2023\/08\/Delgado_avalos_logo_V-1.webp","width":522,"height":367,"caption":"Delgado Avalos Law Firm, APC"},"image":{"@id":"https:\/\/www.carbonsamples.co\/delgado\/es\/#\/schema\/logo\/image\/"}}]}},"uagb_featured_image_src":{"full":["https:\/\/www.carbonsamples.co\/delgado\/wp-content\/uploads\/2023\/08\/blog_se.png",607,371,false],"thumbnail":["https:\/\/www.carbonsamples.co\/delgado\/wp-content\/uploads\/2023\/08\/blog_se-150x150.png",150,150,true],"medium":["https:\/\/www.carbonsamples.co\/delgado\/wp-content\/uploads\/2023\/08\/blog_se-300x183.png",300,183,true],"medium_large":["https:\/\/www.carbonsamples.co\/delgado\/wp-content\/uploads\/2023\/08\/blog_se.png",607,371,false],"large":["https:\/\/www.carbonsamples.co\/delgado\/wp-content\/uploads\/2023\/08\/blog_se.png",607,371,false],"ttshowcase_normal":["https:\/\/www.carbonsamples.co\/delgado\/wp-content\/uploads\/2023\/08\/blog_se-125x76.png",125,76,true],"ttshowcase_small":["https:\/\/www.carbonsamples.co\/delgado\/wp-content\/uploads\/2023\/08\/blog_se-75x46.png",75,46,true],"1536x1536":["https:\/\/www.carbonsamples.co\/delgado\/wp-content\/uploads\/2023\/08\/blog_se.png",607,371,false],"2048x2048":["https:\/\/www.carbonsamples.co\/delgado\/wp-content\/uploads\/2023\/08\/blog_se.png",607,371,false]},"uagb_author_info":{"display_name":"Delgado Avalos Law Firm, APC","author_link":"https:\/\/www.carbonsamples.co\/delgado\/es\/author\/tanujabisht\/"},"uagb_comment_info":0,"uagb_excerpt":"DELGADO AVALOS LAW FIRM, APC, UN BUFETE DE ABOGADOS DE INMIGRACI\u00d3N EN VENTURA, TRABAJA PARA HACER UNA DIFERENCIA PARA LOS INMIGRANTES EN AM\u00c9RICA El sue\u00f1o americano, un faro de esperanza y oportunidades, atrae a los inmigrantes a Estados Unidos, prometi\u00e9ndoles una vida de libertad, prosperidad y \u00e9xito. En Delgado Avalos Law Firm, APC, creemos apasionadamente&hellip;","_links":{"self":[{"href":"https:\/\/www.carbonsamples.co\/delgado\/es\/wp-json\/wp\/v2\/pages\/9351"}],"collection":[{"href":"https:\/\/www.carbonsamples.co\/delgado\/es\/wp-json\/wp\/v2\/pages"}],"about":[{"href":"https:\/\/www.carbonsamples.co\/delgado\/es\/wp-json\/wp\/v2\/types\/page"}],"author":[{"embeddable":true,"href":"https:\/\/www.carbonsamples.co\/delgado\/es\/wp-json\/wp\/v2\/users\/22"}],"replies":[{"embeddable":true,"href":"https:\/\/www.carbonsamples.co\/delgado\/es\/wp-json\/wp\/v2\/comments?post=9351"}],"version-history":[{"count":5,"href":"https:\/\/www.carbonsamples.co\/delgado\/es\/wp-json\/wp\/v2\/pages\/9351\/revisions"}],"predecessor-version":[{"id":9517,"href":"https:\/\/www.carbonsamples.co\/delgado\/es\/wp-json\/wp\/v2\/pages\/9351\/revisions\/9517"}],"wp:featuredmedia":[{"embeddable":true,"href":"https:\/\/www.carbonsamples.co\/delgado\/es\/wp-json\/wp\/v2\/media\/8545"}],"wp:attachment":[{"href":"https:\/\/www.carbonsamples.co\/delgado\/es\/wp-json\/wp\/v2\/media?parent=9351"}],"curies":[{"name":"wp","href":"https:\/\/api.w.org\/{rel}","templated":true}]}}